{"id":11129,"date":"2020-02-12T15:52:40","date_gmt":"2020-02-12T15:52:40","guid":{"rendered":"https:\/\/hidroelectric.cl\/sitio\/?post_type=product&#038;p=11129"},"modified":"2024-02-12T16:51:34","modified_gmt":"2024-02-12T16:51:34","slug":"electrolisis-salina-iml-para-piscina-residencial","status":"publish","type":"product","link":"https:\/\/hidroelectric.cl\/sitio\/producto\/electrolisis-salina-iml-para-piscina-residencial\/","title":{"rendered":"ELECTROLISIS SALINA IML PARA PISCINA RESIDENCIAL"},"content":{"rendered":"<p><a href=\"https:\/\/hidroelectric.cl\/sitio\/wp-content\/uploads\/2018\/10\/35-big_default.jpg\"><img decoding=\"async\" src=\"https:\/\/hidroelectric.cl\/sitio\/wp-content\/uploads\/2018\/10\/35-big_default-300x136.jpg\" alt=\"\" width=\"300\" height=\"136\" class=\"alignnone size-medium wp-image-562\" srcset=\"https:\/\/hidroelectric.cl\/sitio\/wp-content\/uploads\/2018\/10\/35-big_default-300x136.jpg 300w, https:\/\/hidroelectric.cl\/sitio\/wp-content\/uploads\/2018\/10\/35-big_default.jpg 388w\" sizes=\"(max-width: 300px) 100vw, 300px\" \/><\/a><\/p>\n<p>Electrolisis salina IML para piscina residencial, procedencia Espa\u00f1a.<\/p>\n<p>\u00bfQue es la electrolisis salina?<\/p>\n<p>Es la desinfecci\u00f3n del agua mediante \u00absal natural\u00bb y NO \u00abcloro qu\u00edmico\u00bb. Se trata de uno de los m\u00e9todos de desinfecci\u00f3n para el tratamiento del agua de la piscina. En palabras simples, la electrolisis consiste en simular el comportamiento del mar en su piscina, se sala ligeramente el agua de la piscina en proporci\u00f3n parecida a la de una l\u00e1grima.<\/p>\n<p>Descripci\u00f3n.<\/p>\n<ul>\n<li>Sistema autolimpiante (programable).<\/li>\n<li>Control de producci\u00f3n por Microprocesador (5 niveles, 0-100%).<\/li>\n<li>Funci\u00f3n cobertor (reduce al 10% con cubierta autom\u00e1tica cerrada).<\/li>\n<li>Entrada de se\u00f1al de ORP externo para control de producci\u00f3n.<\/li>\n<li>Rango de salinidad: 3-12 gr\/l.<\/li>\n<li>Alarmas salinidad alta-baja.<\/li>\n<li>Detector de flujo (gas).<\/li>\n<li>Modelos IML con control de pH integrado.<\/li>\n<\/ul>\n<p>Caracter\u00edsticas.<\/p>\n<ul>\n<li>Modelo: IML12<\/li>\n<li>Entrada: 230V<\/li>\n<li>Rango: 50 &#8211; 60Hz \/ 0.6A<\/li>\n<li>Salida: 10.5V \/ 6A<\/li>\n<li>Producci\u00f3n g\/h: 10 &#8211; 12<\/li>\n<li>Escala de producci\u00f3n %: 0 &#8211; 100<\/li>\n<li>Piscina (&gt;25\u00b0C): 50m3.<\/li>\n<li>Piscina (16 &#8211; 24\u00b0C): 60m3<\/li>\n<li>Autolimpieza: Directo &#8211; Inverso.<\/li>\n<\/ul>\n<p>Para una optima salinidad en la piscina y el proceso de electrolisis salina; sal para piscina.<\/p>\n<p>La idea y proceso son muy simples.\u00a0 Esta t\u00e9cnica de desinfecci\u00f3n de piscinas de agua se basa en a\u00f1adir sal a nuestra piscina. El dato y la cantidad: Unos 5 kilos por metro c\u00fabico. O lo que es lo mismo: 5 gramos por litro.<\/p>\n","protected":false},"excerpt":{"rendered":"<p>Electrolisis salina IML para piscina residencial, procedencia Espa\u00f1a. \u00bfQue es la electrolisis salina? Es la desinfecci\u00f3n del agua mediante \u00absal natural\u00bb y NO \u00abcloro qu\u00edmico\u00bb. Se trata de uno de los m\u00e9todos de desinfecci\u00f3n para el tratamiento del agua de la piscina. En palabras simples, la electrolisis consiste en simular [&hellip;]<\/p>\n","protected":false},"featured_media":8137,"comment_status":"open","ping_status":"closed","template":"","meta":[],"product_brand":[],"product_cat":[126,190],"product_tag":[97],"class_list":{"0":"post-11129","1":"product","2":"type-product","3":"status-publish","4":"has-post-thumbnail","6":"product_cat-liquidacion-final","7":"product_cat-piscina","8":"product_tag-electrolisis-salina","10":"first","11":"instock","12":"sale","13":"taxable","14":"shipping-taxable","15":"purchasable","16":"product-type-simple"},"_links":{"self":[{"href":"https:\/\/hidroelectric.cl\/sitio\/wp-json\/wp\/v2\/product\/11129","targetHints":{"allow":["GET"]}}],"collection":[{"href":"https:\/\/hidroelectric.cl\/sitio\/wp-json\/wp\/v2\/product"}],"about":[{"href":"https:\/\/hidroelectric.cl\/sitio\/wp-json\/wp\/v2\/types\/product"}],"replies":[{"embeddable":true,"href":"https:\/\/hidroelectric.cl\/sitio\/wp-json\/wp\/v2\/comments?post=11129"}],"version-history":[{"count":2,"href":"https:\/\/hidroelectric.cl\/sitio\/wp-json\/wp\/v2\/product\/11129\/revisions"}],"predecessor-version":[{"id":17377,"href":"https:\/\/hidroelectric.cl\/sitio\/wp-json\/wp\/v2\/product\/11129\/revisions\/17377"}],"wp:featuredmedia":[{"embeddable":true,"href":"https:\/\/hidroelectric.cl\/sitio\/wp-json\/wp\/v2\/media\/8137"}],"wp:attachment":[{"href":"https:\/\/hidroelectric.cl\/sitio\/wp-json\/wp\/v2\/media?parent=11129"}],"wp:term":[{"taxonomy":"product_brand","embeddable":true,"href":"https:\/\/hidroelectric.cl\/sitio\/wp-json\/wp\/v2\/product_brand?post=11129"},{"taxonomy":"product_cat","embeddable":true,"href":"https:\/\/hidroelectric.cl\/sitio\/wp-json\/wp\/v2\/product_cat?post=11129"},{"taxonomy":"product_tag","embeddable":true,"href":"https:\/\/hidroelectric.cl\/sitio\/wp-json\/wp\/v2\/product_tag?post=11129"}],"curies":[{"name":"wp","href":"https:\/\/api.w.org\/{rel}","templated":true}]}}