{"id":12018,"date":"2020-03-04T14:37:06","date_gmt":"2020-03-04T14:37:06","guid":{"rendered":"https:\/\/hidroelectric.cl\/sitio\/?post_type=product&#038;p=12018"},"modified":"2024-02-21T15:30:19","modified_gmt":"2024-02-21T15:30:19","slug":"manometro-glicerina-0-6bar-65mm","status":"publish","type":"product","link":"https:\/\/hidroelectric.cl\/sitio\/producto\/manometro-glicerina-0-6bar-65mm\/","title":{"rendered":"MAN\u00d3METRO GLICERINA 0 &#8211; 6BAR 65mm"},"content":{"rendered":"<p>Man\u00f3metro glicerina<\/p>\n<p>Descripci\u00f3n<\/p>\n<p>Man\u00f3metro de glicerina 65mm.<\/p>\n<ul>\n<li>Presi\u00f3n 0 &#8211; 6bar<\/li>\n<li>Conexi\u00f3n inferior hilo NTP 1\/4&#8243;<\/li>\n<\/ul>\n<p>Ventajas y aplicaciones<\/p>\n<p>Los man\u00f3metros de glicerina se utilizan en aplicaciones con choques mec\u00e1nicos y vibraciones.\u00a0 El liquido de relleno amortigua las vibraciones y reduce la carga sobre los componentes mec\u00e1nicos del man\u00f3metro.<\/p>\n<p><span>Una ventaja adicional y adem\u00e1s decisiva para el usuario consiste en garantizar la legibilidad de la presi\u00f3n actual. El l\u00edquido de relleno permite limitar el movimiento de la aguja, incluso en aplicaciones con elevadas vibraciones. Sin l\u00edquido, la aguja se mover\u00eda hacia delante y hacia atr\u00e1s seg\u00fan la frecuencia de vibraci\u00f3n. Incluso en presencia de resonancia podr\u00eda producirse una desviaci\u00f3n de la aguja con un \u00e1ngulo superior a 180\u00b0.<\/span><\/p>\n<p>Aplicaciones<\/p>\n<p>Los man\u00f3metros con glicerina son realmente \u00fatiles en aplicaciones donde intervenga:<\/p>\n<ul>\n<li>Aire<\/li>\n<li>Agua<\/li>\n<li>Aceite<\/li>\n<li>Fluidos compatibles con la conexi\u00f3n y mecanismo.<\/li>\n<li>Sistemas hidr\u00e1ulicos<\/li>\n<li>Sistemas oleo hidr\u00e1ulicos<\/li>\n<li>Turbinas<\/li>\n<li>Motores<\/li>\n<li>Uso Industrial (donde hay vibraci\u00f3n y golpes de ariete).<\/li>\n<\/ul>\n","protected":false},"excerpt":{"rendered":"<p>Man\u00f3metro glicerina Descripci\u00f3n Man\u00f3metro de glicerina 65mm. Presi\u00f3n 0 &#8211; 6bar Conexi\u00f3n inferior hilo NTP 1\/4&#8243; Ventajas y aplicaciones Los man\u00f3metros de glicerina se utilizan en aplicaciones con choques mec\u00e1nicos y vibraciones.\u00a0 El liquido de relleno amortigua las vibraciones y reduce la carga sobre los componentes mec\u00e1nicos del man\u00f3metro. Una [&hellip;]<\/p>\n","protected":false},"featured_media":12021,"comment_status":"open","ping_status":"closed","template":"","meta":[],"product_brand":[],"product_cat":[34],"product_tag":[98],"class_list":{"0":"post-12018","1":"product","2":"type-product","3":"status-publish","4":"has-post-thumbnail","6":"product_cat-electromecanica-e-hidraulica","7":"product_tag-manometro-glicerina","9":"first","10":"instock","11":"taxable","12":"shipping-taxable","13":"purchasable","14":"product-type-simple"},"_links":{"self":[{"href":"https:\/\/hidroelectric.cl\/sitio\/wp-json\/wp\/v2\/product\/12018","targetHints":{"allow":["GET"]}}],"collection":[{"href":"https:\/\/hidroelectric.cl\/sitio\/wp-json\/wp\/v2\/product"}],"about":[{"href":"https:\/\/hidroelectric.cl\/sitio\/wp-json\/wp\/v2\/types\/product"}],"replies":[{"embeddable":true,"href":"https:\/\/hidroelectric.cl\/sitio\/wp-json\/wp\/v2\/comments?post=12018"}],"version-history":[{"count":1,"href":"https:\/\/hidroelectric.cl\/sitio\/wp-json\/wp\/v2\/product\/12018\/revisions"}],"predecessor-version":[{"id":17261,"href":"https:\/\/hidroelectric.cl\/sitio\/wp-json\/wp\/v2\/product\/12018\/revisions\/17261"}],"wp:featuredmedia":[{"embeddable":true,"href":"https:\/\/hidroelectric.cl\/sitio\/wp-json\/wp\/v2\/media\/12021"}],"wp:attachment":[{"href":"https:\/\/hidroelectric.cl\/sitio\/wp-json\/wp\/v2\/media?parent=12018"}],"wp:term":[{"taxonomy":"product_brand","embeddable":true,"href":"https:\/\/hidroelectric.cl\/sitio\/wp-json\/wp\/v2\/product_brand?post=12018"},{"taxonomy":"product_cat","embeddable":true,"href":"https:\/\/hidroelectric.cl\/sitio\/wp-json\/wp\/v2\/product_cat?post=12018"},{"taxonomy":"product_tag","embeddable":true,"href":"https:\/\/hidroelectric.cl\/sitio\/wp-json\/wp\/v2\/product_tag?post=12018"}],"curies":[{"name":"wp","href":"https:\/\/api.w.org\/{rel}","templated":true}]}}