{"id":13713,"date":"2020-04-13T16:57:54","date_gmt":"2020-04-13T16:57:54","guid":{"rendered":"https:\/\/hidroelectric.cl\/sitio\/?post_type=product&#038;p=13713"},"modified":"2024-06-05T03:45:59","modified_gmt":"2024-06-05T03:45:59","slug":"juego-de-luces-jet-laminar-12v-pentair","status":"publish","type":"product","link":"https:\/\/hidroelectric.cl\/sitio\/producto\/juego-de-luces-jet-laminar-12v-pentair\/","title":{"rendered":"JUEGO DE  LUCES JET LAMINAR 12V PENTAIR"},"content":{"rendered":"<p><a href=\"https:\/\/hidroelectric.cl\/sitio\/wp-content\/uploads\/2018\/10\/pentair.png\"><img decoding=\"async\" src=\"https:\/\/hidroelectric.cl\/sitio\/wp-content\/uploads\/2018\/10\/pentair-300x94.png\" alt=\"\" width=\"300\" height=\"94\" class=\"alignnone size-medium wp-image-619\" srcset=\"https:\/\/hidroelectric.cl\/sitio\/wp-content\/uploads\/2018\/10\/pentair-300x94.png 300w, https:\/\/hidroelectric.cl\/sitio\/wp-content\/uploads\/2018\/10\/pentair.png 330w\" sizes=\"(max-width: 300px) 100vw, 300px\" \/><\/a><\/p>\n<p>Juego de luces JET LAMINAR, marca PENTAIR, procedencia U.S.A<\/p>\n<p>CARACTER\u00cdSTICAS<\/p>\n<ul>\n<li>Armon\u00eda y entretenimiento en todo momento.<\/li>\n<li><strong>Espectaculares chorros de agua de hasta m\u00e1s de 2 metros de alto<\/strong>.<\/li>\n<li>F\u00e1cil de instalar, limpiar y reparar.<\/li>\n<li>Instalaci\u00f3n a ras de piso.<\/li>\n<li>Ideal para el andador de la piscina, terraza o \u00e1reas de jardiner\u00eda.<\/li>\n<li>Se sincroniza perfectamente con las luces subacu\u00e1ticas LED 5g IntelliBrite, de colores cambiantes para piscina y spa.<\/li>\n<li>Ajuste las corrientes de agua verticalmente de 62\u00b0 a 75\u00b0 para crear diferentes arcos y alturas.<\/li>\n<\/ul>\n<p>INCLUYE<\/p>\n<ul>\n<li>Cable, 30 metros (100 pies)<\/li>\n<\/ul>\n<p>A CONSIDERAR<\/p>\n<ul>\n<li>Con\u00e9ctelo a un transformador de iluminaci\u00f3n de piscina de 120\/12VAC &#8211; 100 watt para proporcionar energ\u00eda.<\/li>\n<li>Caja de cubierta fabricada en pl\u00e1stico ABS.<\/li>\n<li>Tapa color negro.<\/li>\n<\/ul>\n<p>MANUAL DE INSTALACI\u00d3N (ESPA\u00d1OL PAGINA 51)<\/p>\n<p><a href=\"http:\/\/www.pentairpoolme.com\/uploads\/document\/file\/553\/Manual_MagicStream_Laminar.pdf\">http:\/\/www.pentairpoolme.com\/uploads\/document\/file\/553\/Manual_MagicStream_Laminar.pdf<\/a><\/p>\n<p>SE RECOMIENDA<\/p>\n<p><a href=\"https:\/\/hidroelectric.cl\/sitio\/producto\/controlador-intellibrite-pentair-luces\/\" target=\"_blank\" rel=\"noopener noreferrer\">CONTROLADOR INTELLIBRITE PENTAIR LUCES<\/a><\/p>\n","protected":false},"excerpt":{"rendered":"<p>Juego de luces JET LAMINAR, marca PENTAIR, procedencia U.S.A CARACTER\u00cdSTICAS Armon\u00eda y entretenimiento en todo momento. Espectaculares chorros de agua de hasta m\u00e1s de 2 metros de alto. F\u00e1cil de instalar, limpiar y reparar. Instalaci\u00f3n a ras de piso. Ideal para el andador de la piscina, terraza o \u00e1reas de [&hellip;]<\/p>\n","protected":false},"featured_media":13716,"comment_status":"open","ping_status":"closed","template":"","meta":[],"product_brand":[],"product_cat":[126,190],"product_tag":[76],"class_list":{"0":"post-13713","1":"product","2":"type-product","3":"status-publish","4":"has-post-thumbnail","6":"product_cat-liquidacion-final","7":"product_cat-piscina","8":"product_tag-luces","10":"first","11":"instock","12":"sale","13":"taxable","14":"shipping-taxable","15":"purchasable","16":"product-type-simple"},"_links":{"self":[{"href":"https:\/\/hidroelectric.cl\/sitio\/wp-json\/wp\/v2\/product\/13713","targetHints":{"allow":["GET"]}}],"collection":[{"href":"https:\/\/hidroelectric.cl\/sitio\/wp-json\/wp\/v2\/product"}],"about":[{"href":"https:\/\/hidroelectric.cl\/sitio\/wp-json\/wp\/v2\/types\/product"}],"replies":[{"embeddable":true,"href":"https:\/\/hidroelectric.cl\/sitio\/wp-json\/wp\/v2\/comments?post=13713"}],"version-history":[{"count":1,"href":"https:\/\/hidroelectric.cl\/sitio\/wp-json\/wp\/v2\/product\/13713\/revisions"}],"predecessor-version":[{"id":13719,"href":"https:\/\/hidroelectric.cl\/sitio\/wp-json\/wp\/v2\/product\/13713\/revisions\/13719"}],"wp:featuredmedia":[{"embeddable":true,"href":"https:\/\/hidroelectric.cl\/sitio\/wp-json\/wp\/v2\/media\/13716"}],"wp:attachment":[{"href":"https:\/\/hidroelectric.cl\/sitio\/wp-json\/wp\/v2\/media?parent=13713"}],"wp:term":[{"taxonomy":"product_brand","embeddable":true,"href":"https:\/\/hidroelectric.cl\/sitio\/wp-json\/wp\/v2\/product_brand?post=13713"},{"taxonomy":"product_cat","embeddable":true,"href":"https:\/\/hidroelectric.cl\/sitio\/wp-json\/wp\/v2\/product_cat?post=13713"},{"taxonomy":"product_tag","embeddable":true,"href":"https:\/\/hidroelectric.cl\/sitio\/wp-json\/wp\/v2\/product_tag?post=13713"}],"curies":[{"name":"wp","href":"https:\/\/api.w.org\/{rel}","templated":true}]}}