{"id":16831,"date":"2020-08-31T14:59:53","date_gmt":"2020-08-31T14:59:53","guid":{"rendered":"https:\/\/hidroelectric.cl\/sitio\/?post_type=product&#038;p=16831"},"modified":"2022-06-06T20:03:39","modified_gmt":"2022-06-06T20:03:39","slug":"interruptor-automatico-1-polo","status":"publish","type":"product","link":"https:\/\/hidroelectric.cl\/sitio\/producto\/interruptor-automatico-1-polo\/","title":{"rendered":"INTERRUPTOR AUTOM\u00c1TICO 1 POLO"},"content":{"rendered":"<p>Interruptor Autom\u00e1tico 1 polo.<\/p>\n<p>Descripci\u00f3n<\/p>\n<p><span>Interruptor Autom\u00e1tico, dise\u00f1o funcional ergon\u00f3mico f\u00e1cil de usar en la instalaci\u00f3n el\u00e9ctrica residencial o comercial, claras marcas de posici\u00f3n encendido y apagado, sistema de etiquetado con ventanas de marcado, etiquetas en blanco para identificaci\u00f3n.<\/span><\/p>\n<p>Usos<\/p>\n<p><span>El Interruptor Autom\u00e1tico, ir\u00e1 acoplado sobre montaje DIN de 35mm y conectado al conductor de corriente. La funci\u00f3n del mismo ser\u00e1 la de proveer protecci\u00f3n a todo el circuito, accionando un corte total de energ\u00eda en el sistema en caso de hallarse exceso de temperatura. De esta forma, quedar\u00e1 protegida la instalaci\u00f3n el\u00e9ctrica de cortocircuitos internos o de sobrecargas externas de energ\u00eda; en cualquier caso el interruptor se accionar\u00e1 instant\u00e1neamente. Las caracter\u00edsticas del Interruptor Autom\u00e1tico le permiten ser accionado voluntariamente si as\u00ed se deseara, puesto que incorpora un mecanismo manual pensado para esta funci\u00f3n. De esta manera es posible cortar el paso de corriente el\u00e9ctrica a fin de realizar mantenimientos, reparaciones u otras instalaciones.\u00a0<\/span><\/p>\n<p>Caracter\u00edsticas t\u00e9cnicas<\/p>\n<ul>\n<li>Corriente de servicio: de 2 a 63A (corriente nominal)<\/li>\n<li>Voltaje: 230V\/400V<\/li>\n<li>Capacidades de ruptura: 6KA (6.000A) y 10KA (10.000A)<\/li>\n<li>Curva: C<\/li>\n<\/ul>\n","protected":false},"excerpt":{"rendered":"<p>Interruptor Autom\u00e1tico 1 polo. Descripci\u00f3n Interruptor Autom\u00e1tico, dise\u00f1o funcional ergon\u00f3mico f\u00e1cil de usar en la instalaci\u00f3n el\u00e9ctrica residencial o comercial, claras marcas de posici\u00f3n encendido y apagado, sistema de etiquetado con ventanas de marcado, etiquetas en blanco para identificaci\u00f3n. Usos El Interruptor Autom\u00e1tico, ir\u00e1 acoplado sobre montaje DIN de 35mm [&hellip;]<\/p>\n","protected":false},"featured_media":16832,"comment_status":"open","ping_status":"closed","template":"","meta":[],"product_brand":[],"product_cat":[34],"product_tag":[115],"class_list":{"0":"post-16831","1":"product","2":"type-product","3":"status-publish","4":"has-post-thumbnail","6":"product_cat-electromecanica-e-hidraulica","7":"product_tag-interruptor-1-polo","9":"first","10":"instock","11":"taxable","12":"shipping-taxable","13":"purchasable","14":"product-type-simple"},"_links":{"self":[{"href":"https:\/\/hidroelectric.cl\/sitio\/wp-json\/wp\/v2\/product\/16831","targetHints":{"allow":["GET"]}}],"collection":[{"href":"https:\/\/hidroelectric.cl\/sitio\/wp-json\/wp\/v2\/product"}],"about":[{"href":"https:\/\/hidroelectric.cl\/sitio\/wp-json\/wp\/v2\/types\/product"}],"replies":[{"embeddable":true,"href":"https:\/\/hidroelectric.cl\/sitio\/wp-json\/wp\/v2\/comments?post=16831"}],"version-history":[{"count":1,"href":"https:\/\/hidroelectric.cl\/sitio\/wp-json\/wp\/v2\/product\/16831\/revisions"}],"predecessor-version":[{"id":17329,"href":"https:\/\/hidroelectric.cl\/sitio\/wp-json\/wp\/v2\/product\/16831\/revisions\/17329"}],"wp:featuredmedia":[{"embeddable":true,"href":"https:\/\/hidroelectric.cl\/sitio\/wp-json\/wp\/v2\/media\/16832"}],"wp:attachment":[{"href":"https:\/\/hidroelectric.cl\/sitio\/wp-json\/wp\/v2\/media?parent=16831"}],"wp:term":[{"taxonomy":"product_brand","embeddable":true,"href":"https:\/\/hidroelectric.cl\/sitio\/wp-json\/wp\/v2\/product_brand?post=16831"},{"taxonomy":"product_cat","embeddable":true,"href":"https:\/\/hidroelectric.cl\/sitio\/wp-json\/wp\/v2\/product_cat?post=16831"},{"taxonomy":"product_tag","embeddable":true,"href":"https:\/\/hidroelectric.cl\/sitio\/wp-json\/wp\/v2\/product_tag?post=16831"}],"curies":[{"name":"wp","href":"https:\/\/api.w.org\/{rel}","templated":true}]}}