{"id":16943,"date":"2021-06-16T22:55:03","date_gmt":"2021-06-16T22:55:03","guid":{"rendered":"https:\/\/hidroelectric.cl\/sitio\/?post_type=product&#038;p=16943"},"modified":"2024-02-12T16:49:38","modified_gmt":"2024-02-12T16:49:38","slug":"interruptor-horario-programable","status":"publish","type":"product","link":"https:\/\/hidroelectric.cl\/sitio\/producto\/interruptor-horario-programable\/","title":{"rendered":"INTERRUPTOR HORARIO PROGRAMABLE"},"content":{"rendered":"<p>Interruptor horario programable modelo TALENTO 111, marca GR\u00c4SSLIN, procedencia Alemana.<\/p>\n<p>Descripci\u00f3n<\/p>\n<p><span>Los interruptores horarios de carril DIN anal\u00f3gicos permiten \u00f3rdenes de conexi\u00f3n, tanto en programas diarios y semanales como en programas de 1 hora. Los productos est\u00e1n en su mayor\u00eda equipados con minuter\u00eda, de manera que se facilita significativamente el ajuste de la hora, sobre todo en la versi\u00f3n semanal. La hora y los tiempos de conexi\u00f3n se pueden comprobar de un vistazo, de lo que se derivan muchas posibilidades de uso como, p. ej., la iluminaci\u00f3n de pasillos en t\u00faneles o el control de bombas en fuentes, etc.<\/span><\/p>\n<p>Datos t\u00e9cnicos:<\/p>\n<ul>\n<li>Tensi\u00f3n de alimentaci\u00f3n: CA 220V\/240V (+-) 10% 50Hz.<\/li>\n<li>Salida conmutaci\u00f3n: Cambiador libre de tensi\u00f3n.<\/li>\n<li>Canales: 1<\/li>\n<li>N\u00b0 modular: 3<\/li>\n<li>Tipo de conexi\u00f3n corto: 30 minutos.<\/li>\n<li>Precisi\u00f3n de cuerda: Sincron\u00eda de red.<\/li>\n<li>Programa (de conexi\u00f3n): Programa diario.<\/li>\n<li>Hora: Indicador anal\u00f3gico, 24 horas.<\/li>\n<li>Tipo de accionamiento: Sincron\u00eda.<\/li>\n<\/ul>\n<p>MEDIDAS: 8,4cm. x 5,5cm. x 5cm. (+1,6cm)<\/p>\n<p>&nbsp;<\/p>\n","protected":false},"excerpt":{"rendered":"<p>Interruptor horario programable modelo TALENTO 111, marca GR\u00c4SSLIN, procedencia Alemana. Descripci\u00f3n Los interruptores horarios de carril DIN anal\u00f3gicos permiten \u00f3rdenes de conexi\u00f3n, tanto en programas diarios y semanales como en programas de 1 hora. Los productos est\u00e1n en su mayor\u00eda equipados con minuter\u00eda, de manera que se facilita significativamente el [&hellip;]<\/p>\n","protected":false},"featured_media":16944,"comment_status":"open","ping_status":"closed","template":"","meta":[],"product_brand":[],"product_cat":[34],"product_tag":[69],"class_list":{"0":"post-16943","1":"product","2":"type-product","3":"status-publish","4":"has-post-thumbnail","6":"product_cat-electromecanica-e-hidraulica","7":"product_tag-programador","9":"first","10":"instock","11":"taxable","12":"shipping-taxable","13":"purchasable","14":"product-type-simple"},"_links":{"self":[{"href":"https:\/\/hidroelectric.cl\/sitio\/wp-json\/wp\/v2\/product\/16943","targetHints":{"allow":["GET"]}}],"collection":[{"href":"https:\/\/hidroelectric.cl\/sitio\/wp-json\/wp\/v2\/product"}],"about":[{"href":"https:\/\/hidroelectric.cl\/sitio\/wp-json\/wp\/v2\/types\/product"}],"replies":[{"embeddable":true,"href":"https:\/\/hidroelectric.cl\/sitio\/wp-json\/wp\/v2\/comments?post=16943"}],"version-history":[{"count":1,"href":"https:\/\/hidroelectric.cl\/sitio\/wp-json\/wp\/v2\/product\/16943\/revisions"}],"predecessor-version":[{"id":17328,"href":"https:\/\/hidroelectric.cl\/sitio\/wp-json\/wp\/v2\/product\/16943\/revisions\/17328"}],"wp:featuredmedia":[{"embeddable":true,"href":"https:\/\/hidroelectric.cl\/sitio\/wp-json\/wp\/v2\/media\/16944"}],"wp:attachment":[{"href":"https:\/\/hidroelectric.cl\/sitio\/wp-json\/wp\/v2\/media?parent=16943"}],"wp:term":[{"taxonomy":"product_brand","embeddable":true,"href":"https:\/\/hidroelectric.cl\/sitio\/wp-json\/wp\/v2\/product_brand?post=16943"},{"taxonomy":"product_cat","embeddable":true,"href":"https:\/\/hidroelectric.cl\/sitio\/wp-json\/wp\/v2\/product_cat?post=16943"},{"taxonomy":"product_tag","embeddable":true,"href":"https:\/\/hidroelectric.cl\/sitio\/wp-json\/wp\/v2\/product_tag?post=16943"}],"curies":[{"name":"wp","href":"https:\/\/api.w.org\/{rel}","templated":true}]}}