{"id":17074,"date":"2022-03-28T16:49:33","date_gmt":"2022-03-28T16:49:33","guid":{"rendered":"https:\/\/hidroelectric.cl\/sitio\/?post_type=product&#038;p=17074"},"modified":"2024-02-12T16:46:55","modified_gmt":"2024-02-12T16:46:55","slug":"bomba-centrifuga-pedrollo-1hp","status":"publish","type":"product","link":"https:\/\/hidroelectric.cl\/sitio\/producto\/bomba-centrifuga-pedrollo-1hp\/","title":{"rendered":"BOMBA CENTRIFUGA PEDROLLO 1Hp"},"content":{"rendered":"<p>Bomba Centr\u00edfuga marca PEDROLLO modelo CPm158\/1Hp, procedencia Italiana.<\/p>\n<p>CARACTER\u00cdSTICAS:<\/p>\n<ul>\n<li>MODELO CPm158<\/li>\n<li>POTENCIA 1 Hp MONOFASICA<\/li>\n<li>VOLTAJE 220V<\/li>\n<li>MARCA PEDROLLO<\/li>\n<li>POTENCIA 1HP (750 WATTS)<\/li>\n<li>CAUDAL M\u00c1XIMO 5400 L\/h (a 25 metros)<\/li>\n<li>ALTURA M\u00c1XIMA 34 METROS (a 600 L\/h)<\/li>\n<li>\u00a0CONEXI\u00d3N ASPIRADO 1&#8243;<\/li>\n<li>CONEXI\u00d3N DESCARGA 1&#8243;<\/li>\n<li>PESO 11,5 Kg<\/li>\n<li>PROCEDENCIA ITALIANA<\/li>\n<\/ul>\n<p>SON RECOMENDADAS PARA BOMBEAR AGUA LIMPIA, SIN PART\u00cdCULAS ABRASIVAS Y L\u00cdQUIDOS QU\u00cdMICAMENTE NO AGRESIVOS CON LOS MATERIALES QUE CONSTRUYEN LA BOMBA.<\/p>\n<p>POR SU FIABILIDAD Y AUSENCIA DE MANTENIMIENTO ENCUENTRAN UN AMPLIO USO EN EL CAMPO DOMESTICO Y CIVIL, PARTICULARMENTE EN LA DISTRIBUCI\u00d3N DEL AGUA ACOPLADAS A PEQUE\u00d1OS EQUIPOS HIDRONEUM\u00c1TICOS, PARA ELEVAR AGUA AL TANQUE ELEVADO DESDE CISTERNA, PARA RIEGO DE HUERTOS O JARDINES.<\/p>\n<p>LA INSTALACI\u00d3N SE DEBE REALIZAR EN LUGARES CERRADOS O PROTEGIDOS DE LA INTEMPERIE.<\/p>\n<p>&nbsp;<\/p>\n","protected":false},"excerpt":{"rendered":"<p>Bomba Centr\u00edfuga marca PEDROLLO modelo CPm158\/1Hp, procedencia Italiana. CARACTER\u00cdSTICAS: MODELO CPm158 POTENCIA 1 Hp MONOFASICA VOLTAJE 220V MARCA PEDROLLO POTENCIA 1HP (750 WATTS) CAUDAL M\u00c1XIMO 5400 L\/h (a 25 metros) ALTURA M\u00c1XIMA 34 METROS (a 600 L\/h) \u00a0CONEXI\u00d3N ASPIRADO 1&#8243; CONEXI\u00d3N DESCARGA 1&#8243; PESO 11,5 Kg PROCEDENCIA ITALIANA SON RECOMENDADAS [&hellip;]<\/p>\n","protected":false},"featured_media":17075,"comment_status":"open","ping_status":"closed","template":"","meta":[],"product_cat":[35],"product_tag":[24,39,128],"class_list":["post-17074","product","type-product","status-publish","has-post-thumbnail","hentry","product_cat-sistemas-de-impulsion-de-agua","product_tag-1hp","product_tag-bomba-de-agua-centrifuga","product_tag-pedrollo"],"_links":{"self":[{"href":"https:\/\/hidroelectric.cl\/sitio\/wp-json\/wp\/v2\/product\/17074","targetHints":{"allow":["GET"]}}],"collection":[{"href":"https:\/\/hidroelectric.cl\/sitio\/wp-json\/wp\/v2\/product"}],"about":[{"href":"https:\/\/hidroelectric.cl\/sitio\/wp-json\/wp\/v2\/types\/product"}],"replies":[{"embeddable":true,"href":"https:\/\/hidroelectric.cl\/sitio\/wp-json\/wp\/v2\/comments?post=17074"}],"wp:featuredmedia":[{"embeddable":true,"href":"https:\/\/hidroelectric.cl\/sitio\/wp-json\/wp\/v2\/media\/17075"}],"wp:attachment":[{"href":"https:\/\/hidroelectric.cl\/sitio\/wp-json\/wp\/v2\/media?parent=17074"}],"wp:term":[{"taxonomy":"product_cat","embeddable":true,"href":"https:\/\/hidroelectric.cl\/sitio\/wp-json\/wp\/v2\/product_cat?post=17074"},{"taxonomy":"product_tag","embeddable":true,"href":"https:\/\/hidroelectric.cl\/sitio\/wp-json\/wp\/v2\/product_tag?post=17074"}],"curies":[{"name":"wp","href":"https:\/\/api.w.org\/{rel}","templated":true}]}}