{"id":17085,"date":"2022-04-11T17:01:26","date_gmt":"2022-04-11T17:01:26","guid":{"rendered":"https:\/\/hidroelectric.cl\/sitio\/?post_type=product&#038;p=17085"},"modified":"2023-04-04T15:53:47","modified_gmt":"2023-04-04T15:53:47","slug":"contenedor-para-cartucho-5-1x1","status":"publish","type":"product","link":"https:\/\/hidroelectric.cl\/sitio\/producto\/contenedor-para-cartucho-5-1x1\/","title":{"rendered":"CONTENEDOR PARA CARTUCHO 5&#8243; &#8211; 1X1"},"content":{"rendered":"<p>CONTENEDOR PARA CARTUCHO 5&#8243;, serie FP2 con inserto de LAT\u00d3N. Marca AQUA procedencia Italiana.<\/p>\n<p>Descripci\u00f3n<\/p>\n<p>Para cartuchos serie FP2 , filtro pl\u00e1stico.\u00a0 Los cabezales se realizan con conexi\u00f3n hembra con inserto de lat\u00f3n y v\u00e1lvulas de respiraci\u00f3n de lat\u00f3n. Dotados de predisposici\u00f3n para la fijaci\u00f3n a la pared.\u00a0 Todos los contenedores est\u00e1n predispuestos para alojar cartuchos filtrantes est\u00e1ndar con la siguiente medida efectiva 5&#8243; (cartuchos no incluidos), permiten tratar los caudales peque\u00f1os y medianos, est\u00e1n particularmente indicados para el uso t\u00e9cnico &#8211; comercial &#8211; dom\u00e9stico.<\/p>\n<p>Para este contenedor con inserto de lat\u00f3n es para conexi\u00f3n tubo de bronce, galvanizado, etc.<\/p>\n<p>Caracter\u00edsticas T\u00e9cnicas<\/p>\n<ul>\n<li>Cabezal: PP cargado con inserto de lat\u00f3n.<\/li>\n<li>Altura: 5&#8243;<\/li>\n<li>Entrada\/ Salida: 1&#8243;<\/li>\n<li>Recipiente: SAN transparente.<\/li>\n<li>Presi\u00f3n de ejercicio: 8 bar M\u00e1x.<\/li>\n<li>Presi\u00f3n de explosi\u00f3n: 35 bar M\u00e1x.<\/li>\n<li>Temperatura de ejercicio: m\u00ednima 5\u00b0 C, m\u00e1xima 50\u00b0C<\/li>\n<\/ul>\n<p><span style=\"color: #ff0000\"><strong>ULTIMA UNIDAD\u00a0 \u00a0 \u00a0 \u00a0 \u00a0 \u00a0 \u00a0\u00a0<\/strong><\/span><\/p>\n","protected":false},"excerpt":{"rendered":"<p>CONTENEDOR PARA CARTUCHO 5&#8243;, serie FP2 con inserto de LAT\u00d3N. Marca AQUA procedencia Italiana. Descripci\u00f3n Para cartuchos serie FP2 , filtro pl\u00e1stico.\u00a0 Los cabezales se realizan con conexi\u00f3n hembra con inserto de lat\u00f3n y v\u00e1lvulas de respiraci\u00f3n de lat\u00f3n. Dotados de predisposici\u00f3n para la fijaci\u00f3n a la pared.\u00a0 Todos los [&hellip;]<\/p>\n","protected":false},"featured_media":17507,"comment_status":"open","ping_status":"closed","template":"","meta":[],"product_brand":[],"product_cat":[34,126],"product_tag":[131],"class_list":{"0":"post-17085","1":"product","2":"type-product","3":"status-publish","4":"has-post-thumbnail","6":"product_cat-electromecanica-e-hidraulica","7":"product_cat-liquidacion-final","8":"product_tag-contenedor-aqua","10":"first","11":"instock","12":"sale","13":"taxable","14":"shipping-taxable","15":"purchasable","16":"product-type-simple"},"_links":{"self":[{"href":"https:\/\/hidroelectric.cl\/sitio\/wp-json\/wp\/v2\/product\/17085","targetHints":{"allow":["GET"]}}],"collection":[{"href":"https:\/\/hidroelectric.cl\/sitio\/wp-json\/wp\/v2\/product"}],"about":[{"href":"https:\/\/hidroelectric.cl\/sitio\/wp-json\/wp\/v2\/types\/product"}],"replies":[{"embeddable":true,"href":"https:\/\/hidroelectric.cl\/sitio\/wp-json\/wp\/v2\/comments?post=17085"}],"version-history":[{"count":2,"href":"https:\/\/hidroelectric.cl\/sitio\/wp-json\/wp\/v2\/product\/17085\/revisions"}],"predecessor-version":[{"id":17091,"href":"https:\/\/hidroelectric.cl\/sitio\/wp-json\/wp\/v2\/product\/17085\/revisions\/17091"}],"wp:featuredmedia":[{"embeddable":true,"href":"https:\/\/hidroelectric.cl\/sitio\/wp-json\/wp\/v2\/media\/17507"}],"wp:attachment":[{"href":"https:\/\/hidroelectric.cl\/sitio\/wp-json\/wp\/v2\/media?parent=17085"}],"wp:term":[{"taxonomy":"product_brand","embeddable":true,"href":"https:\/\/hidroelectric.cl\/sitio\/wp-json\/wp\/v2\/product_brand?post=17085"},{"taxonomy":"product_cat","embeddable":true,"href":"https:\/\/hidroelectric.cl\/sitio\/wp-json\/wp\/v2\/product_cat?post=17085"},{"taxonomy":"product_tag","embeddable":true,"href":"https:\/\/hidroelectric.cl\/sitio\/wp-json\/wp\/v2\/product_tag?post=17085"}],"curies":[{"name":"wp","href":"https:\/\/api.w.org\/{rel}","templated":true}]}}