{"id":17092,"date":"2022-04-11T18:05:07","date_gmt":"2022-04-11T18:05:07","guid":{"rendered":"https:\/\/hidroelectric.cl\/sitio\/?post_type=product&#038;p=17092"},"modified":"2024-02-12T16:45:17","modified_gmt":"2024-02-12T16:45:17","slug":"filtro-malla-lavable-9-3-4","status":"publish","type":"product","link":"https:\/\/hidroelectric.cl\/sitio\/producto\/filtro-malla-lavable-9-3-4\/","title":{"rendered":"FILTRO MALLA LAVABLE 9 3\/4&#8243;"},"content":{"rendered":"<p>Filtro malla lavable 9 3\/4&#8243;, marca AQUA<\/p>\n<p>DESCRIPCI\u00d3N<\/p>\n<p><span>Filtro de malla lavable de 80 micrones para contenedor de 9 3\/4&#8243;. Con entradas de 1&#8243; o 32mm.<\/span><br \/>\n<span>Caudal m\u00e1ximo 3500 L\/h<\/span><br \/>\n<span>Eficiencia de Remoci\u00f3n 80%<\/span><\/p>\n<ul>\n<li>Medida largo: 25cm.<\/li>\n<li>Di\u00e1metro: 6cm.<\/li>\n<li>Material: Polipropileno<\/li>\n<\/ul>\n<p>&nbsp;<\/p>\n<p>FILTRA<\/p>\n<ul>\n<li>Sedimento en suspensi\u00f3n<\/li>\n<li>Arena<\/li>\n<li>Limo<\/li>\n<li>\u00d3xido<\/li>\n<\/ul>\n<p>&nbsp;<\/p>\n","protected":false},"excerpt":{"rendered":"<p>Filtro malla lavable 9 3\/4&#8243;, marca AQUA DESCRIPCI\u00d3N Filtro de malla lavable de 80 micrones para contenedor de 9 3\/4&#8243;. Con entradas de 1&#8243; o 32mm. Caudal m\u00e1ximo 3500 L\/h Eficiencia de Remoci\u00f3n 80% Medida largo: 25cm. Di\u00e1metro: 6cm. Material: Polipropileno &nbsp; FILTRA Sedimento en suspensi\u00f3n Arena Limo \u00d3xido &nbsp;<\/p>\n","protected":false},"featured_media":17093,"comment_status":"open","ping_status":"closed","template":"","meta":[],"product_brand":[],"product_cat":[34],"product_tag":[],"class_list":{"0":"post-17092","1":"product","2":"type-product","3":"status-publish","4":"has-post-thumbnail","6":"product_cat-electromecanica-e-hidraulica","8":"first","9":"instock","10":"taxable","11":"shipping-taxable","12":"purchasable","13":"product-type-simple"},"_links":{"self":[{"href":"https:\/\/hidroelectric.cl\/sitio\/wp-json\/wp\/v2\/product\/17092","targetHints":{"allow":["GET"]}}],"collection":[{"href":"https:\/\/hidroelectric.cl\/sitio\/wp-json\/wp\/v2\/product"}],"about":[{"href":"https:\/\/hidroelectric.cl\/sitio\/wp-json\/wp\/v2\/types\/product"}],"replies":[{"embeddable":true,"href":"https:\/\/hidroelectric.cl\/sitio\/wp-json\/wp\/v2\/comments?post=17092"}],"version-history":[{"count":1,"href":"https:\/\/hidroelectric.cl\/sitio\/wp-json\/wp\/v2\/product\/17092\/revisions"}],"predecessor-version":[{"id":17330,"href":"https:\/\/hidroelectric.cl\/sitio\/wp-json\/wp\/v2\/product\/17092\/revisions\/17330"}],"wp:featuredmedia":[{"embeddable":true,"href":"https:\/\/hidroelectric.cl\/sitio\/wp-json\/wp\/v2\/media\/17093"}],"wp:attachment":[{"href":"https:\/\/hidroelectric.cl\/sitio\/wp-json\/wp\/v2\/media?parent=17092"}],"wp:term":[{"taxonomy":"product_brand","embeddable":true,"href":"https:\/\/hidroelectric.cl\/sitio\/wp-json\/wp\/v2\/product_brand?post=17092"},{"taxonomy":"product_cat","embeddable":true,"href":"https:\/\/hidroelectric.cl\/sitio\/wp-json\/wp\/v2\/product_cat?post=17092"},{"taxonomy":"product_tag","embeddable":true,"href":"https:\/\/hidroelectric.cl\/sitio\/wp-json\/wp\/v2\/product_tag?post=17092"}],"curies":[{"name":"wp","href":"https:\/\/api.w.org\/{rel}","templated":true}]}}