{"id":17373,"date":"2022-08-26T17:49:49","date_gmt":"2022-08-26T17:49:49","guid":{"rendered":"https:\/\/hidroelectric.cl\/sitio\/?post_type=product&#038;p=17373"},"modified":"2022-11-22T14:15:59","modified_gmt":"2022-11-22T14:15:59","slug":"bomba-centrifuga-2hp-pentax","status":"publish","type":"product","link":"https:\/\/hidroelectric.cl\/sitio\/producto\/bomba-centrifuga-2hp-pentax\/","title":{"rendered":"BOMBA CENTRIFUGA 2HP PENTAX"},"content":{"rendered":"<p>Bomba centrifuga 2Hp. Marca PENTAX modelo MB200\/00.<\/p>\n<p>Descripci\u00f3n<\/p>\n<p>Bomba centrifuga de doble rodete compacta, apropiada para construir sistemas de presurizaci\u00f3n.<\/p>\n<p>Recomendada para instalaciones civiles e industriales; garantizando una \u00f3ptima relaci\u00f3n entre presi\u00f3n e impulsi\u00f3n.<\/p>\n<p>Datos t\u00e9cnicos<\/p>\n<ul>\n<li>Potencia: 2Hp \/ 1,5 Kw.<\/li>\n<li>Presi\u00f3n de trabajo: 8 bar (m\u00e1x.)<\/li>\n<li>Motor: 230V \/ 50Hz. Con protecci\u00f3n t\u00e9rmica.<\/li>\n<li>Taza de flujo: 40 &#8211; 170<\/li>\n<li>Altura: 41,8 &#8211; 26 (de 0 a 10,2 L\/min.)<\/li>\n<li>Amperaje: 8,4A<\/li>\n<li>Aislamiento: F<\/li>\n<li>Protecci\u00f3n: IP44<\/li>\n<\/ul>\n","protected":false},"excerpt":{"rendered":"<p>Bomba centrifuga 2Hp. Marca PENTAX modelo MB200\/00. Descripci\u00f3n Bomba centrifuga de doble rodete compacta, apropiada para construir sistemas de presurizaci\u00f3n. Recomendada para instalaciones civiles e industriales; garantizando una \u00f3ptima relaci\u00f3n entre presi\u00f3n e impulsi\u00f3n. Datos t\u00e9cnicos Potencia: 2Hp \/ 1,5 Kw. Presi\u00f3n de trabajo: 8 bar (m\u00e1x.) Motor: 230V \/ [&hellip;]<\/p>\n","protected":false},"featured_media":17378,"comment_status":"open","ping_status":"closed","template":"","meta":[],"product_cat":[35],"product_tag":[171,120,170],"class_list":["post-17373","product","type-product","status-publish","has-post-thumbnail","hentry","product_cat-sistemas-de-impulsion-de-agua","product_tag-bomba-2hp","product_tag-bomba-centrifuga","product_tag-pentax"],"_links":{"self":[{"href":"https:\/\/hidroelectric.cl\/sitio\/wp-json\/wp\/v2\/product\/17373","targetHints":{"allow":["GET"]}}],"collection":[{"href":"https:\/\/hidroelectric.cl\/sitio\/wp-json\/wp\/v2\/product"}],"about":[{"href":"https:\/\/hidroelectric.cl\/sitio\/wp-json\/wp\/v2\/types\/product"}],"replies":[{"embeddable":true,"href":"https:\/\/hidroelectric.cl\/sitio\/wp-json\/wp\/v2\/comments?post=17373"}],"wp:featuredmedia":[{"embeddable":true,"href":"https:\/\/hidroelectric.cl\/sitio\/wp-json\/wp\/v2\/media\/17378"}],"wp:attachment":[{"href":"https:\/\/hidroelectric.cl\/sitio\/wp-json\/wp\/v2\/media?parent=17373"}],"wp:term":[{"taxonomy":"product_cat","embeddable":true,"href":"https:\/\/hidroelectric.cl\/sitio\/wp-json\/wp\/v2\/product_cat?post=17373"},{"taxonomy":"product_tag","embeddable":true,"href":"https:\/\/hidroelectric.cl\/sitio\/wp-json\/wp\/v2\/product_tag?post=17373"}],"curies":[{"name":"wp","href":"https:\/\/api.w.org\/{rel}","templated":true}]}}