{"id":17400,"date":"2022-10-04T15:04:23","date_gmt":"2022-10-04T15:04:23","guid":{"rendered":"https:\/\/hidroelectric.cl\/sitio\/?post_type=product&#038;p=17400"},"modified":"2024-02-19T13:10:46","modified_gmt":"2024-02-19T13:10:46","slug":"transformador-220v-24vac-1amp","status":"publish","type":"product","link":"https:\/\/hidroelectric.cl\/sitio\/producto\/transformador-220v-24vac-1amp\/","title":{"rendered":"TRANSFORMADOR 220V\/24VAC 1AMP"},"content":{"rendered":"<p>Transformador marca L.A POWER<\/p>\n<p>Descripci\u00f3n.<\/p>\n<ul>\n<li>Bobinado de cobre<\/li>\n<li>Primario: 220V<\/li>\n<li>secundario: 24 VAC<\/li>\n<li>Potencia: 1 Amperio<\/li>\n<li>Frecuencia: 50 Hz<\/li>\n<\/ul>\n<p>Usos mas frecuentes, en riego. Conexi\u00f3n de v\u00e1lvula solenoide.<\/p>\n<p>Disponible en nuestra p\u00e1gina.<\/p>\n<blockquote class=\"wp-embedded-content\" data-secret=\"f0x1SIBHaT\"><p><a href=\"https:\/\/hidroelectric.cl\/sitio\/producto\/valvula-solenoide-1-rain-bird-sin-control-caudal\/\">V\u00c1LVULA SOLENOIDE 1&#8243; RAIN BIRD SIN CONTROL CAUDAL<\/a><\/p><\/blockquote>\n<p><iframe class=\"wp-embedded-content\" sandbox=\"allow-scripts\" security=\"restricted\" style=\"position: absolute; clip: rect(1px, 1px, 1px, 1px);\" title=\"\u00abV\u00c1LVULA SOLENOIDE 1&#8243; RAIN BIRD SIN CONTROL CAUDAL\u00bb \u2014 Hidroelectric.cl\" src=\"https:\/\/hidroelectric.cl\/sitio\/producto\/valvula-solenoide-1-rain-bird-sin-control-caudal\/embed\/#?secret=H0QtCVdScz#?secret=f0x1SIBHaT\" data-secret=\"f0x1SIBHaT\" width=\"600\" height=\"338\" frameborder=\"0\" marginwidth=\"0\" marginheight=\"0\" scrolling=\"no\"><\/iframe><\/p>\n<p>&nbsp;<\/p>\n","protected":false},"excerpt":{"rendered":"<p>Transformador marca L.A POWER Descripci\u00f3n. Bobinado de cobre Primario: 220V secundario: 24 VAC Potencia: 1 Amperio Frecuencia: 50 Hz Usos mas frecuentes, en riego. Conexi\u00f3n de v\u00e1lvula solenoide. Disponible en nuestra p\u00e1gina. V\u00c1LVULA SOLENOIDE 1&#8243; RAIN BIRD SIN CONTROL CAUDAL &nbsp;<\/p>\n","protected":false},"featured_media":17401,"comment_status":"open","ping_status":"closed","template":"","meta":[],"product_brand":[],"product_cat":[34,68],"product_tag":[72],"class_list":{"0":"post-17400","1":"product","2":"type-product","3":"status-publish","4":"has-post-thumbnail","6":"product_cat-electromecanica-e-hidraulica","7":"product_cat-riego","8":"product_tag-transformador","10":"first","11":"instock","12":"taxable","13":"shipping-taxable","14":"purchasable","15":"product-type-simple"},"_links":{"self":[{"href":"https:\/\/hidroelectric.cl\/sitio\/wp-json\/wp\/v2\/product\/17400","targetHints":{"allow":["GET"]}}],"collection":[{"href":"https:\/\/hidroelectric.cl\/sitio\/wp-json\/wp\/v2\/product"}],"about":[{"href":"https:\/\/hidroelectric.cl\/sitio\/wp-json\/wp\/v2\/types\/product"}],"replies":[{"embeddable":true,"href":"https:\/\/hidroelectric.cl\/sitio\/wp-json\/wp\/v2\/comments?post=17400"}],"version-history":[{"count":3,"href":"https:\/\/hidroelectric.cl\/sitio\/wp-json\/wp\/v2\/product\/17400\/revisions"}],"predecessor-version":[{"id":17404,"href":"https:\/\/hidroelectric.cl\/sitio\/wp-json\/wp\/v2\/product\/17400\/revisions\/17404"}],"wp:featuredmedia":[{"embeddable":true,"href":"https:\/\/hidroelectric.cl\/sitio\/wp-json\/wp\/v2\/media\/17401"}],"wp:attachment":[{"href":"https:\/\/hidroelectric.cl\/sitio\/wp-json\/wp\/v2\/media?parent=17400"}],"wp:term":[{"taxonomy":"product_brand","embeddable":true,"href":"https:\/\/hidroelectric.cl\/sitio\/wp-json\/wp\/v2\/product_brand?post=17400"},{"taxonomy":"product_cat","embeddable":true,"href":"https:\/\/hidroelectric.cl\/sitio\/wp-json\/wp\/v2\/product_cat?post=17400"},{"taxonomy":"product_tag","embeddable":true,"href":"https:\/\/hidroelectric.cl\/sitio\/wp-json\/wp\/v2\/product_tag?post=17400"}],"curies":[{"name":"wp","href":"https:\/\/api.w.org\/{rel}","templated":true}]}}