{"id":17414,"date":"2022-11-02T18:40:37","date_gmt":"2022-11-02T18:40:37","guid":{"rendered":"https:\/\/hidroelectric.cl\/sitio\/?post_type=product&#038;p=17414"},"modified":"2024-02-15T15:32:37","modified_gmt":"2024-02-15T15:32:37","slug":"dispositivo-electronico-pilot-118","status":"publish","type":"product","link":"https:\/\/hidroelectric.cl\/sitio\/producto\/dispositivo-electronico-pilot-118\/","title":{"rendered":"TABLERO ELECTR\u00d3NICO PILOT 118"},"content":{"rendered":"<p>Dispositivo electr\u00f3nico (tablero), marca PILOT modelo 118.<\/p>\n<p>Descripci\u00f3n.<\/p>\n<ul>\n<li><span>PILOT 118 es un dispositivo electr\u00f3nico para el control de motores (bombas) monof\u00e1sicos y trif\u00e1sicos que<\/span><br \/>\n<span>proporciona protecci\u00f3n contra:<\/span><br \/>\n<span>Sobrecarga de corriente.<\/span><\/li>\n<li><span>P\u00e9rdida de la fase.<\/span><\/li>\n<li><span>N\u00famero excesivo de inicios.<\/span><\/li>\n<li><span>Baja tensi\u00f3n.<\/span><br \/>\n<span>La pantalla LCD muestra la operaci\u00f3n en curso y PILOT detiene la bomba si el valor m\u00e1ximo fijando por el <\/span><span>usuario es superado.<\/span><\/li>\n<li><span>Funcionamiento en seco. Provee la lectura del valor del factor de potencia y permite al usuario setear un valor m\u00ednimo de operaci\u00f3n.<\/span><\/li>\n<\/ul>\n<p>Caracter\u00edsticas Generales<\/p>\n<ul>\n<li>Voltaje: 230V<\/li>\n<li>Corriente m\u00e1xima A: 18A<\/li>\n<li>Frecuencia de alimentaci\u00f3n: 50 &#8211; 60Hz.<\/li>\n<li>Temperatura ambiente max.: 40\u00b0C<\/li>\n<li>Altitud max.: 2.000 m.<\/li>\n<li>Grado de protecci\u00f3n: IP55<\/li>\n<li>Se\u00f1al de alarma a trav\u00e9s del rel\u00e9 N.A.<\/li>\n<li>2 entradas digitales, configurable N.A. para iniciar \/ detener la bomba.<\/li>\n<\/ul>\n<p>&nbsp;<\/p>\n","protected":false},"excerpt":{"rendered":"<p>Dispositivo electr\u00f3nico (tablero), marca PILOT modelo 118. Descripci\u00f3n. PILOT 118 es un dispositivo electr\u00f3nico para el control de motores (bombas) monof\u00e1sicos y trif\u00e1sicos que proporciona protecci\u00f3n contra: Sobrecarga de corriente. P\u00e9rdida de la fase. N\u00famero excesivo de inicios. Baja tensi\u00f3n. La pantalla LCD muestra la operaci\u00f3n en curso y PILOT [&hellip;]<\/p>\n","protected":false},"featured_media":17415,"comment_status":"open","ping_status":"closed","template":"","meta":[],"product_brand":[],"product_cat":[34,190],"product_tag":[],"class_list":{"0":"post-17414","1":"product","2":"type-product","3":"status-publish","4":"has-post-thumbnail","6":"product_cat-electromecanica-e-hidraulica","7":"product_cat-piscina","9":"first","10":"instock","11":"taxable","12":"shipping-taxable","13":"purchasable","14":"product-type-simple"},"_links":{"self":[{"href":"https:\/\/hidroelectric.cl\/sitio\/wp-json\/wp\/v2\/product\/17414","targetHints":{"allow":["GET"]}}],"collection":[{"href":"https:\/\/hidroelectric.cl\/sitio\/wp-json\/wp\/v2\/product"}],"about":[{"href":"https:\/\/hidroelectric.cl\/sitio\/wp-json\/wp\/v2\/types\/product"}],"replies":[{"embeddable":true,"href":"https:\/\/hidroelectric.cl\/sitio\/wp-json\/wp\/v2\/comments?post=17414"}],"version-history":[{"count":1,"href":"https:\/\/hidroelectric.cl\/sitio\/wp-json\/wp\/v2\/product\/17414\/revisions"}],"predecessor-version":[{"id":17416,"href":"https:\/\/hidroelectric.cl\/sitio\/wp-json\/wp\/v2\/product\/17414\/revisions\/17416"}],"wp:featuredmedia":[{"embeddable":true,"href":"https:\/\/hidroelectric.cl\/sitio\/wp-json\/wp\/v2\/media\/17415"}],"wp:attachment":[{"href":"https:\/\/hidroelectric.cl\/sitio\/wp-json\/wp\/v2\/media?parent=17414"}],"wp:term":[{"taxonomy":"product_brand","embeddable":true,"href":"https:\/\/hidroelectric.cl\/sitio\/wp-json\/wp\/v2\/product_brand?post=17414"},{"taxonomy":"product_cat","embeddable":true,"href":"https:\/\/hidroelectric.cl\/sitio\/wp-json\/wp\/v2\/product_cat?post=17414"},{"taxonomy":"product_tag","embeddable":true,"href":"https:\/\/hidroelectric.cl\/sitio\/wp-json\/wp\/v2\/product_tag?post=17414"}],"curies":[{"name":"wp","href":"https:\/\/api.w.org\/{rel}","templated":true}]}}