{"id":17455,"date":"2022-12-27T15:59:19","date_gmt":"2022-12-27T15:59:19","guid":{"rendered":"https:\/\/hidroelectric.cl\/sitio\/?post_type=product&#038;p=17455"},"modified":"2023-06-01T18:28:57","modified_gmt":"2023-06-01T18:28:57","slug":"tapa-circular-skimmer-213cm","status":"publish","type":"product","link":"https:\/\/hidroelectric.cl\/sitio\/producto\/tapa-circular-skimmer-213cm\/","title":{"rendered":"TAPA CIRCULAR SKIMMER 21,3CM."},"content":{"rendered":"<p>Recambio tapa circular skimmer.<\/p>\n<p>Compatible con skimmer de hasta 15 litros.<\/p>\n<ul>\n<li>Dimensiones:\n<ul>\n<li>Di\u00e1metro parte superior: 21,3 cm.<\/li>\n<li>Di\u00e1metro parte inferior: 19 cm.<\/li>\n<\/ul>\n<\/li>\n<li>Disponible en color blanco <strong>antracita*<\/strong> para facilitar la adaptaci\u00f3n al color del revestimiento de tu piscina.<\/li>\n<\/ul>\n<p><strong>*Antracita:<\/strong> es un excelente medio de filtraci\u00f3n\u00a0para\u00a0clarificaci\u00f3n del agua en uso potable o industrial, cuando es usada en combinaci\u00f3n con arenas filtrantes. Es un carb\u00f3n mineral, de color negro, brillante, con gran dureza, presenta mayor contenido en carbono, hasta un 95%.<\/p>\n","protected":false},"excerpt":{"rendered":"<p>Recambio tapa circular skimmer. Compatible con skimmer de hasta 15 litros. Dimensiones: Di\u00e1metro parte superior: 21,3 cm. Di\u00e1metro parte inferior: 19 cm. Disponible en color blanco antracita* para facilitar la adaptaci\u00f3n al color del revestimiento de tu piscina. *Antracita: es un excelente medio de filtraci\u00f3n\u00a0para\u00a0clarificaci\u00f3n del agua en uso potable [&hellip;]<\/p>\n","protected":false},"featured_media":17456,"comment_status":"open","ping_status":"closed","template":"","meta":[],"product_brand":[],"product_cat":[190],"product_tag":[176],"class_list":{"0":"post-17455","1":"product","2":"type-product","3":"status-publish","4":"has-post-thumbnail","6":"product_cat-piscina","7":"product_tag-tapa-skimmer","9":"first","10":"instock","11":"taxable","12":"shipping-taxable","13":"purchasable","14":"product-type-simple"},"_links":{"self":[{"href":"https:\/\/hidroelectric.cl\/sitio\/wp-json\/wp\/v2\/product\/17455","targetHints":{"allow":["GET"]}}],"collection":[{"href":"https:\/\/hidroelectric.cl\/sitio\/wp-json\/wp\/v2\/product"}],"about":[{"href":"https:\/\/hidroelectric.cl\/sitio\/wp-json\/wp\/v2\/types\/product"}],"replies":[{"embeddable":true,"href":"https:\/\/hidroelectric.cl\/sitio\/wp-json\/wp\/v2\/comments?post=17455"}],"version-history":[{"count":0,"href":"https:\/\/hidroelectric.cl\/sitio\/wp-json\/wp\/v2\/product\/17455\/revisions"}],"wp:featuredmedia":[{"embeddable":true,"href":"https:\/\/hidroelectric.cl\/sitio\/wp-json\/wp\/v2\/media\/17456"}],"wp:attachment":[{"href":"https:\/\/hidroelectric.cl\/sitio\/wp-json\/wp\/v2\/media?parent=17455"}],"wp:term":[{"taxonomy":"product_brand","embeddable":true,"href":"https:\/\/hidroelectric.cl\/sitio\/wp-json\/wp\/v2\/product_brand?post=17455"},{"taxonomy":"product_cat","embeddable":true,"href":"https:\/\/hidroelectric.cl\/sitio\/wp-json\/wp\/v2\/product_cat?post=17455"},{"taxonomy":"product_tag","embeddable":true,"href":"https:\/\/hidroelectric.cl\/sitio\/wp-json\/wp\/v2\/product_tag?post=17455"}],"curies":[{"name":"wp","href":"https:\/\/api.w.org\/{rel}","templated":true}]}}