{"id":17457,"date":"2022-12-27T16:34:37","date_gmt":"2022-12-27T16:34:37","guid":{"rendered":"https:\/\/hidroelectric.cl\/sitio\/?post_type=product&#038;p=17457"},"modified":"2023-06-01T18:28:41","modified_gmt":"2023-06-01T18:28:41","slug":"rejilla-sumidero-2","status":"publish","type":"product","link":"https:\/\/hidroelectric.cl\/sitio\/producto\/rejilla-sumidero-2\/","title":{"rendered":"REJILLA SUMIDERO 2&#8243;"},"content":{"rendered":"<p>Recambio rejilla sumidero redonda 2&#8243;<\/p>\n<p>Caracter\u00edsticas y beneficios<\/p>\n<ul>\n<li>Dimensiones: \u00d8 17,4 cm de di\u00e1metro<\/li>\n<li>Distancia entre centros de los agujeros para los tornillos: 15,7 cm<\/li>\n<li>Rejilla redonda en pl\u00e1stico ABS de gran resistencia, con tratamiento anti-UV.<\/li>\n<li>Incluye los 2 tornillos necesarios para su fijaci\u00f3n a la base del sumidero.<\/li>\n<li>Disponible en color blanco <strong>antracita*<\/strong> para facilitar la adaptaci\u00f3n al color del revestimiento de tu piscina.<\/li>\n<\/ul>\n<p><strong>*Antracita<\/strong>: La\u00a0antracita\u00a0es un excelente medio de filtraci\u00f3n\u00a0para\u00a0clarificaci\u00f3n del agua en uso potable o industrial, cuando es usada en combinaci\u00f3n con arenas filtrantes. Es un carb\u00f3n mineral, de color negro, brillante, con gran dureza, presenta mayor contenido en carbono, hasta un 95%.<\/p>\n<p>&nbsp;<\/p>\n","protected":false},"excerpt":{"rendered":"<p>Recambio rejilla sumidero redonda 2&#8243; Caracter\u00edsticas y beneficios Dimensiones: \u00d8 17,4 cm de di\u00e1metro Distancia entre centros de los agujeros para los tornillos: 15,7 cm Rejilla redonda en pl\u00e1stico ABS de gran resistencia, con tratamiento anti-UV. Incluye los 2 tornillos necesarios para su fijaci\u00f3n a la base del sumidero. Disponible [&hellip;]<\/p>\n","protected":false},"featured_media":17458,"comment_status":"open","ping_status":"closed","template":"","meta":[],"product_brand":[],"product_cat":[190],"product_tag":[177],"class_list":{"0":"post-17457","1":"product","2":"type-product","3":"status-publish","4":"has-post-thumbnail","6":"product_cat-piscina","7":"product_tag-rejilla-sumidero","9":"first","10":"instock","11":"taxable","12":"shipping-taxable","13":"purchasable","14":"product-type-simple"},"_links":{"self":[{"href":"https:\/\/hidroelectric.cl\/sitio\/wp-json\/wp\/v2\/product\/17457","targetHints":{"allow":["GET"]}}],"collection":[{"href":"https:\/\/hidroelectric.cl\/sitio\/wp-json\/wp\/v2\/product"}],"about":[{"href":"https:\/\/hidroelectric.cl\/sitio\/wp-json\/wp\/v2\/types\/product"}],"replies":[{"embeddable":true,"href":"https:\/\/hidroelectric.cl\/sitio\/wp-json\/wp\/v2\/comments?post=17457"}],"version-history":[{"count":0,"href":"https:\/\/hidroelectric.cl\/sitio\/wp-json\/wp\/v2\/product\/17457\/revisions"}],"wp:featuredmedia":[{"embeddable":true,"href":"https:\/\/hidroelectric.cl\/sitio\/wp-json\/wp\/v2\/media\/17458"}],"wp:attachment":[{"href":"https:\/\/hidroelectric.cl\/sitio\/wp-json\/wp\/v2\/media?parent=17457"}],"wp:term":[{"taxonomy":"product_brand","embeddable":true,"href":"https:\/\/hidroelectric.cl\/sitio\/wp-json\/wp\/v2\/product_brand?post=17457"},{"taxonomy":"product_cat","embeddable":true,"href":"https:\/\/hidroelectric.cl\/sitio\/wp-json\/wp\/v2\/product_cat?post=17457"},{"taxonomy":"product_tag","embeddable":true,"href":"https:\/\/hidroelectric.cl\/sitio\/wp-json\/wp\/v2\/product_tag?post=17457"}],"curies":[{"name":"wp","href":"https:\/\/api.w.org\/{rel}","templated":true}]}}