{"id":17470,"date":"2023-02-10T13:15:02","date_gmt":"2023-02-10T13:15:02","guid":{"rendered":"https:\/\/hidroelectric.cl\/sitio\/?post_type=product&#038;p=17470"},"modified":"2024-02-14T16:30:31","modified_gmt":"2024-02-14T16:30:31","slug":"valvula-de-bola-serie-estandar-e-qua-d50-11-2-dn40","status":"publish","type":"product","link":"https:\/\/hidroelectric.cl\/sitio\/producto\/valvula-de-bola-serie-estandar-e-qua-d50-11-2-dn40\/","title":{"rendered":"V\u00c1LVULA DE BOLA SERIE ESTANDAR e-QUA D50 11\/2&#8243; DN40"},"content":{"rendered":"<p>V\u00e1lvula de bola serie est\u00e1ndar encolar, marca CEPEX procedencia U.S.A.<\/p>\n<p>V\u00e1lvulas 100% certificadas por organismos m\u00e1s exigentes a nivel mundial y testeadas en fabrica, para una optima calidad y fiabilidad, especialmente indicadas para aplicaciones de piscina.<\/p>\n<p>Descripci\u00f3n<\/p>\n<p>Sistema \u00abANTIBLOCK\u00bb que evita el bloqueo de la bola.<\/p>\n<ul>\n<li>M\u00ednima perdida de carga<\/li>\n<li>Bajo par de maniobra de apertura y cierre.<\/li>\n<li>Resistencia a m\u00faltiples substancias qu\u00edmicas inorg\u00e1nicas.<\/li>\n<li>Excelentes caracter\u00edsticas de conducci\u00f3n<\/li>\n<li>Bajo par\u00e1metros de norma ISO 16135<\/li>\n<\/ul>\n<p>Caracter\u00edsticas<\/p>\n<ul>\n<li>Cuerpo: en PVC-U<\/li>\n<li>Modo: Encolar hembra<\/li>\n<li>Serie: M\u00e9trica<\/li>\n<li>\u00a0Juntas: Asiento bola en HDPE<\/li>\n<li>Anillos: T\u00f3ricos en EPDM<\/li>\n<\/ul>\n<p>Medidas<\/p>\n<ul>\n<li>Di\u00e1metro (D): 50<\/li>\n<li>Mil\u00edmetro (DN): 40<\/li>\n<li>Pulgadas (NPS): 11\/2&#8243;<\/li>\n<li>Presi\u00f3n Nominal (PN): 12 bar (174 psi) hasta 180psi<\/li>\n<li>Temperatura: Min 10\u00b0C &#8211; M\u00e1x 60\u00b0C<\/li>\n<\/ul>\n<p>&nbsp;<\/p>\n<p>&nbsp;<\/p>\n","protected":false},"excerpt":{"rendered":"<p>V\u00e1lvula de bola serie est\u00e1ndar encolar, marca CEPEX procedencia U.S.A. V\u00e1lvulas 100% certificadas por organismos m\u00e1s exigentes a nivel mundial y testeadas en fabrica, para una optima calidad y fiabilidad, especialmente indicadas para aplicaciones de piscina. Descripci\u00f3n Sistema \u00abANTIBLOCK\u00bb que evita el bloqueo de la bola. M\u00ednima perdida de carga [&hellip;]<\/p>\n","protected":false},"featured_media":474,"comment_status":"open","ping_status":"closed","template":"","meta":[],"product_brand":[],"product_cat":[56],"product_tag":[60],"class_list":{"0":"post-17470","1":"product","2":"type-product","3":"status-publish","4":"has-post-thumbnail","6":"product_cat-valvulas-y-pvc","7":"product_tag-valvulas-pvc","9":"first","10":"instock","11":"taxable","12":"shipping-taxable","13":"purchasable","14":"product-type-simple"},"_links":{"self":[{"href":"https:\/\/hidroelectric.cl\/sitio\/wp-json\/wp\/v2\/product\/17470","targetHints":{"allow":["GET"]}}],"collection":[{"href":"https:\/\/hidroelectric.cl\/sitio\/wp-json\/wp\/v2\/product"}],"about":[{"href":"https:\/\/hidroelectric.cl\/sitio\/wp-json\/wp\/v2\/types\/product"}],"replies":[{"embeddable":true,"href":"https:\/\/hidroelectric.cl\/sitio\/wp-json\/wp\/v2\/comments?post=17470"}],"version-history":[{"count":1,"href":"https:\/\/hidroelectric.cl\/sitio\/wp-json\/wp\/v2\/product\/17470\/revisions"}],"predecessor-version":[{"id":17475,"href":"https:\/\/hidroelectric.cl\/sitio\/wp-json\/wp\/v2\/product\/17470\/revisions\/17475"}],"wp:featuredmedia":[{"embeddable":true,"href":"https:\/\/hidroelectric.cl\/sitio\/wp-json\/wp\/v2\/media\/474"}],"wp:attachment":[{"href":"https:\/\/hidroelectric.cl\/sitio\/wp-json\/wp\/v2\/media?parent=17470"}],"wp:term":[{"taxonomy":"product_brand","embeddable":true,"href":"https:\/\/hidroelectric.cl\/sitio\/wp-json\/wp\/v2\/product_brand?post=17470"},{"taxonomy":"product_cat","embeddable":true,"href":"https:\/\/hidroelectric.cl\/sitio\/wp-json\/wp\/v2\/product_cat?post=17470"},{"taxonomy":"product_tag","embeddable":true,"href":"https:\/\/hidroelectric.cl\/sitio\/wp-json\/wp\/v2\/product_tag?post=17470"}],"curies":[{"name":"wp","href":"https:\/\/api.w.org\/{rel}","templated":true}]}}