{"id":17495,"date":"2023-03-28T14:00:36","date_gmt":"2023-03-28T14:00:36","guid":{"rendered":"https:\/\/hidroelectric.cl\/sitio\/?post_type=product&#038;p=17495"},"modified":"2024-02-12T17:07:34","modified_gmt":"2024-02-12T17:07:34","slug":"valvula-5-vias-1","status":"publish","type":"product","link":"https:\/\/hidroelectric.cl\/sitio\/producto\/valvula-5-vias-1\/","title":{"rendered":"V\u00c1LVULA 5 V\u00cdAS 1&#8243;"},"content":{"rendered":"<p>V\u00e1lvula para conexi\u00f3n 5 v\u00edas.<\/p>\n<p><strong>Caracter\u00edsticas y Descripci\u00f3n<\/strong><\/p>\n<p>V\u00e1lvula <span>5 v\u00edas habilitadas para conectar. Utilizado para la conexi\u00f3n de la bomba con el presostato, man\u00f3metro y estanque y el tubo de abastecimiento.<\/span><\/p>\n<p><span>Esta vers\u00e1til conexi\u00f3n de 5 v\u00edas en bronce para jardiner\u00eda o uso industrial, crea un punto de abastecimiento de agua ya que dispone de 5 canales para realizar conexiones mediante mangueras y grifos adicionales. Cuenta con sistemas de acople de rosca den todas sus salidas y entradas para garantizar un ensamblaje mucho m\u00e1s seguro que no requiera de soldaduras.<\/span><\/p>\n<p><strong>Uso y recomendaci\u00f3n<\/strong><\/p>\n<ul>\n<li><span>Interconexi\u00f3n de accesorios de equipos de presi\u00f3n.<\/span><\/li>\n<li>Mantener \u00e1rea limpia y seca. Para evitar oxidaci\u00f3n y deterioro de su funcionamiento.<\/li>\n<\/ul>\n<p><strong>Material<\/strong><\/p>\n<p>Bronce<\/p>\n","protected":false},"excerpt":{"rendered":"<p>V\u00e1lvula para conexi\u00f3n 5 v\u00edas. Caracter\u00edsticas y Descripci\u00f3n V\u00e1lvula 5 v\u00edas habilitadas para conectar. Utilizado para la conexi\u00f3n de la bomba con el presostato, man\u00f3metro y estanque y el tubo de abastecimiento. Esta vers\u00e1til conexi\u00f3n de 5 v\u00edas en bronce para jardiner\u00eda o uso industrial, crea un punto de abastecimiento [&hellip;]<\/p>\n","protected":false},"featured_media":17497,"comment_status":"open","ping_status":"closed","template":"","meta":[],"product_brand":[],"product_cat":[34,56],"product_tag":[180],"class_list":{"0":"post-17495","1":"product","2":"type-product","3":"status-publish","4":"has-post-thumbnail","6":"product_cat-electromecanica-e-hidraulica","7":"product_cat-valvulas-y-pvc","8":"product_tag-conector-5-vias","10":"first","11":"instock","12":"taxable","13":"shipping-taxable","14":"purchasable","15":"product-type-simple"},"_links":{"self":[{"href":"https:\/\/hidroelectric.cl\/sitio\/wp-json\/wp\/v2\/product\/17495","targetHints":{"allow":["GET"]}}],"collection":[{"href":"https:\/\/hidroelectric.cl\/sitio\/wp-json\/wp\/v2\/product"}],"about":[{"href":"https:\/\/hidroelectric.cl\/sitio\/wp-json\/wp\/v2\/types\/product"}],"replies":[{"embeddable":true,"href":"https:\/\/hidroelectric.cl\/sitio\/wp-json\/wp\/v2\/comments?post=17495"}],"version-history":[{"count":0,"href":"https:\/\/hidroelectric.cl\/sitio\/wp-json\/wp\/v2\/product\/17495\/revisions"}],"wp:featuredmedia":[{"embeddable":true,"href":"https:\/\/hidroelectric.cl\/sitio\/wp-json\/wp\/v2\/media\/17497"}],"wp:attachment":[{"href":"https:\/\/hidroelectric.cl\/sitio\/wp-json\/wp\/v2\/media?parent=17495"}],"wp:term":[{"taxonomy":"product_brand","embeddable":true,"href":"https:\/\/hidroelectric.cl\/sitio\/wp-json\/wp\/v2\/product_brand?post=17495"},{"taxonomy":"product_cat","embeddable":true,"href":"https:\/\/hidroelectric.cl\/sitio\/wp-json\/wp\/v2\/product_cat?post=17495"},{"taxonomy":"product_tag","embeddable":true,"href":"https:\/\/hidroelectric.cl\/sitio\/wp-json\/wp\/v2\/product_tag?post=17495"}],"curies":[{"name":"wp","href":"https:\/\/api.w.org\/{rel}","templated":true}]}}