{"id":17499,"date":"2023-04-03T17:40:57","date_gmt":"2023-04-03T17:40:57","guid":{"rendered":"https:\/\/hidroelectric.cl\/sitio\/?post_type=product&#038;p=17499"},"modified":"2023-04-04T15:09:19","modified_gmt":"2023-04-04T15:09:19","slug":"sello-mecanico-12mm-plano","status":"publish","type":"product","link":"https:\/\/hidroelectric.cl\/sitio\/producto\/sello-mecanico-12mm-plano\/","title":{"rendered":"SELLO MEC\u00c1NICO 12mm PLANO"},"content":{"rendered":"<p>Sello mec\u00e1nico 12mm PLANO.<\/p>\n<p><strong>Descripci\u00f3n<\/strong><\/p>\n<p>Son dispositivos de control de fuga que se encuentran en equipos rotativos como<strong> BOMBAS y MEZCLADORES<\/strong>, evitando fugas de l\u00edquidos y gases, tambi\u00e9n se les llaman cierres mec\u00e1nicos.<\/p>\n<p><strong>Est\u00e1 compuesto por:<\/strong><\/p>\n<ul>\n<li>Anillo estacionario: Cer\u00e1mica<\/li>\n<li>Anillo giratorio\u00a0 \u00a0 \u00a0 \u00a0: Carb\u00f3n<\/li>\n<li>Anillo secundario\u00a0 : Nitrilo (NBR)<\/li>\n<li>Material resorte\u00a0 \u00a0 : Acero inoxidable<\/li>\n<\/ul>\n<p>Repuesto sello mec\u00e1nico para bomba de 1\/2&#8243;, gen\u00e9rico. Para aplicaci\u00f3n en bomba de agua limpia y bomba de circulaci\u00f3n.<\/p>\n<p><strong>Limites operativos:<\/strong><\/p>\n<ul>\n<li>Presi\u00f3n: 18kg.\/cm. (cuadrada)<\/li>\n<li>Velocidad: 25m.\/seg.<\/li>\n<li>Temperatura: -40\u00b0C a 200\u00b0C<\/li>\n<\/ul>\n<p>&nbsp;<\/p>\n<p>&nbsp;<\/p>\n","protected":false},"excerpt":{"rendered":"<p>Sello mec\u00e1nico 12mm PLANO. Descripci\u00f3n Son dispositivos de control de fuga que se encuentran en equipos rotativos como BOMBAS y MEZCLADORES, evitando fugas de l\u00edquidos y gases, tambi\u00e9n se les llaman cierres mec\u00e1nicos. Est\u00e1 compuesto por: Anillo estacionario: Cer\u00e1mica Anillo giratorio\u00a0 \u00a0 \u00a0 \u00a0: Carb\u00f3n Anillo secundario\u00a0 : Nitrilo (NBR) [&hellip;]<\/p>\n","protected":false},"featured_media":17500,"comment_status":"open","ping_status":"closed","template":"","meta":[],"product_brand":[],"product_cat":[34],"product_tag":[181],"class_list":{"0":"post-17499","1":"product","2":"type-product","3":"status-publish","4":"has-post-thumbnail","6":"product_cat-electromecanica-e-hidraulica","7":"product_tag-sello-mecanico","9":"first","10":"instock","11":"taxable","12":"shipping-taxable","13":"purchasable","14":"product-type-simple"},"_links":{"self":[{"href":"https:\/\/hidroelectric.cl\/sitio\/wp-json\/wp\/v2\/product\/17499","targetHints":{"allow":["GET"]}}],"collection":[{"href":"https:\/\/hidroelectric.cl\/sitio\/wp-json\/wp\/v2\/product"}],"about":[{"href":"https:\/\/hidroelectric.cl\/sitio\/wp-json\/wp\/v2\/types\/product"}],"replies":[{"embeddable":true,"href":"https:\/\/hidroelectric.cl\/sitio\/wp-json\/wp\/v2\/comments?post=17499"}],"version-history":[{"count":1,"href":"https:\/\/hidroelectric.cl\/sitio\/wp-json\/wp\/v2\/product\/17499\/revisions"}],"predecessor-version":[{"id":17505,"href":"https:\/\/hidroelectric.cl\/sitio\/wp-json\/wp\/v2\/product\/17499\/revisions\/17505"}],"wp:featuredmedia":[{"embeddable":true,"href":"https:\/\/hidroelectric.cl\/sitio\/wp-json\/wp\/v2\/media\/17500"}],"wp:attachment":[{"href":"https:\/\/hidroelectric.cl\/sitio\/wp-json\/wp\/v2\/media?parent=17499"}],"wp:term":[{"taxonomy":"product_brand","embeddable":true,"href":"https:\/\/hidroelectric.cl\/sitio\/wp-json\/wp\/v2\/product_brand?post=17499"},{"taxonomy":"product_cat","embeddable":true,"href":"https:\/\/hidroelectric.cl\/sitio\/wp-json\/wp\/v2\/product_cat?post=17499"},{"taxonomy":"product_tag","embeddable":true,"href":"https:\/\/hidroelectric.cl\/sitio\/wp-json\/wp\/v2\/product_tag?post=17499"}],"curies":[{"name":"wp","href":"https:\/\/api.w.org\/{rel}","templated":true}]}}