{"id":17582,"date":"2023-10-24T15:23:50","date_gmt":"2023-10-24T15:23:50","guid":{"rendered":"https:\/\/hidroelectric.cl\/sitio\/?post_type=product&#038;p=17582"},"modified":"2024-06-05T03:26:50","modified_gmt":"2024-06-05T03:26:50","slug":"kit-valvula-flotante-1-mas-boya-150mm","status":"publish","type":"product","link":"https:\/\/hidroelectric.cl\/sitio\/producto\/kit-valvula-flotante-1-mas-boya-150mm\/","title":{"rendered":"KIT V\u00c1LVULA FLOTANTE 1&#8243; MAS BOYA 150MM"},"content":{"rendered":"<p><strong>Descripci\u00f3n<\/strong><\/p>\n<p>V\u00e1lvula flotante para prensa:<\/p>\n<ul>\n<li>Material: Lat\u00f3n prensado, asiento de lat\u00f3n<\/li>\n<li>Varilla plana ASIS 430<\/li>\n<li>Conexi\u00f3n: para prensa<\/li>\n<\/ul>\n<p>Boya o flotador<\/p>\n<ul>\n<li>Medida: 150mm<\/li>\n<li>Conexi\u00f3n: con prensa ajustable.<\/li>\n<li>Material: HDPE &#8211; ASIS 304<\/li>\n<\/ul>\n<p>Caracter\u00edsticas<\/p>\n<p>Aptas para uso en estanques medianos. <span>Equipado con una varilla plana en acero inoxidable AISI 430 que garantizan una mayor resistencia y duraci\u00f3n y la hace apta para aguas duras y corrosivas hasta 80\u00b0C, adecuado para aguas particularmente duras y corrosivas.<\/span><\/p>\n<p>&nbsp;<\/p>\n","protected":false},"excerpt":{"rendered":"<p>Descripci\u00f3n V\u00e1lvula flotante para prensa: Material: Lat\u00f3n prensado, asiento de lat\u00f3n Varilla plana ASIS 430 Conexi\u00f3n: para prensa Boya o flotador Medida: 150mm Conexi\u00f3n: con prensa ajustable. Material: HDPE &#8211; ASIS 304 Caracter\u00edsticas Aptas para uso en estanques medianos. Equipado con una varilla plana en acero inoxidable AISI 430 que [&hellip;]<\/p>\n","protected":false},"featured_media":17583,"comment_status":"open","ping_status":"closed","template":"","meta":[],"product_brand":[],"product_cat":[14,56],"product_tag":[192],"class_list":{"0":"post-17582","1":"product","2":"type-product","3":"status-publish","4":"has-post-thumbnail","6":"product_cat-kits","7":"product_cat-valvulas-y-pvc","8":"product_tag-kit-valvula-flotante","10":"first","11":"instock","12":"sale","13":"taxable","14":"shipping-taxable","15":"purchasable","16":"product-type-simple"},"_links":{"self":[{"href":"https:\/\/hidroelectric.cl\/sitio\/wp-json\/wp\/v2\/product\/17582","targetHints":{"allow":["GET"]}}],"collection":[{"href":"https:\/\/hidroelectric.cl\/sitio\/wp-json\/wp\/v2\/product"}],"about":[{"href":"https:\/\/hidroelectric.cl\/sitio\/wp-json\/wp\/v2\/types\/product"}],"replies":[{"embeddable":true,"href":"https:\/\/hidroelectric.cl\/sitio\/wp-json\/wp\/v2\/comments?post=17582"}],"version-history":[{"count":0,"href":"https:\/\/hidroelectric.cl\/sitio\/wp-json\/wp\/v2\/product\/17582\/revisions"}],"wp:featuredmedia":[{"embeddable":true,"href":"https:\/\/hidroelectric.cl\/sitio\/wp-json\/wp\/v2\/media\/17583"}],"wp:attachment":[{"href":"https:\/\/hidroelectric.cl\/sitio\/wp-json\/wp\/v2\/media?parent=17582"}],"wp:term":[{"taxonomy":"product_brand","embeddable":true,"href":"https:\/\/hidroelectric.cl\/sitio\/wp-json\/wp\/v2\/product_brand?post=17582"},{"taxonomy":"product_cat","embeddable":true,"href":"https:\/\/hidroelectric.cl\/sitio\/wp-json\/wp\/v2\/product_cat?post=17582"},{"taxonomy":"product_tag","embeddable":true,"href":"https:\/\/hidroelectric.cl\/sitio\/wp-json\/wp\/v2\/product_tag?post=17582"}],"curies":[{"name":"wp","href":"https:\/\/api.w.org\/{rel}","templated":true}]}}