{"id":17594,"date":"2023-11-07T11:41:57","date_gmt":"2023-11-07T11:41:57","guid":{"rendered":"https:\/\/hidroelectric.cl\/sitio\/?post_type=product&#038;p=17594"},"modified":"2023-11-07T12:26:22","modified_gmt":"2023-11-07T12:26:22","slug":"bomba-centrifuga-espa-silen-s60","status":"publish","type":"product","link":"https:\/\/hidroelectric.cl\/sitio\/producto\/bomba-centrifuga-espa-silen-s60\/","title":{"rendered":"BOMBA CENTR\u00cdFUGA ESPA SILEN S60"},"content":{"rendered":"<p><a href=\"https:\/\/hidroelectric.cl\/sitio\/wp-content\/uploads\/2018\/08\/logo-espa.png\"><img loading=\"lazy\" decoding=\"async\" src=\"https:\/\/hidroelectric.cl\/sitio\/wp-content\/uploads\/2018\/08\/logo-espa-300x129.png\" alt=\"\" width=\"300\" height=\"129\" class=\"alignnone size-medium wp-image-560\" srcset=\"https:\/\/hidroelectric.cl\/sitio\/wp-content\/uploads\/2018\/08\/logo-espa-300x129.png 300w, https:\/\/hidroelectric.cl\/sitio\/wp-content\/uploads\/2018\/08\/logo-espa.png 450w\" sizes=\"auto, (max-width: 300px) 100vw, 300px\" \/><\/a><\/p>\n<p><strong>Descripci\u00f3n:<\/strong><\/p>\n<ul><\/ul>\n<p><span>Bomba ESPA SILEN S 60 es ideal para la recirculaci\u00f3n y filtraci\u00f3n de agua en piscina peque\u00f1as y medianas. La ESPA modelo S es capaz de mover mayor cantidad de agua, destacando un mayor rendimiento hidr\u00e1ulico. Dise\u00f1o ultra silenciosa de trabajo continuo.<\/span><br \/>\n<span>Potencia 0,6Hp\/0,44Kw<\/span><br \/>\n<span>Voltaje 230V Monof\u00e1sica<\/span><br \/>\n<span>Consumo 3,70 Amperios<\/span><\/p>\n<p>&nbsp;<\/p>\n","protected":false},"excerpt":{"rendered":"<p>Descripci\u00f3n: Bomba ESPA SILEN S 60 es ideal para la recirculaci\u00f3n y filtraci\u00f3n de agua en piscina peque\u00f1as y medianas. La ESPA modelo S es capaz de mover mayor cantidad de agua, destacando un mayor rendimiento hidr\u00e1ulico. Dise\u00f1o ultra silenciosa de trabajo continuo. Potencia 0,6Hp\/0,44Kw Voltaje 230V Monof\u00e1sica Consumo 3,70 [&hellip;]<\/p>\n","protected":false},"featured_media":17595,"comment_status":"open","ping_status":"closed","template":"","meta":[],"product_cat":[190],"product_tag":[120],"class_list":["post-17594","product","type-product","status-publish","has-post-thumbnail","hentry","product_cat-piscina","product_tag-bomba-centrifuga"],"_links":{"self":[{"href":"https:\/\/hidroelectric.cl\/sitio\/wp-json\/wp\/v2\/product\/17594","targetHints":{"allow":["GET"]}}],"collection":[{"href":"https:\/\/hidroelectric.cl\/sitio\/wp-json\/wp\/v2\/product"}],"about":[{"href":"https:\/\/hidroelectric.cl\/sitio\/wp-json\/wp\/v2\/types\/product"}],"replies":[{"embeddable":true,"href":"https:\/\/hidroelectric.cl\/sitio\/wp-json\/wp\/v2\/comments?post=17594"}],"wp:featuredmedia":[{"embeddable":true,"href":"https:\/\/hidroelectric.cl\/sitio\/wp-json\/wp\/v2\/media\/17595"}],"wp:attachment":[{"href":"https:\/\/hidroelectric.cl\/sitio\/wp-json\/wp\/v2\/media?parent=17594"}],"wp:term":[{"taxonomy":"product_cat","embeddable":true,"href":"https:\/\/hidroelectric.cl\/sitio\/wp-json\/wp\/v2\/product_cat?post=17594"},{"taxonomy":"product_tag","embeddable":true,"href":"https:\/\/hidroelectric.cl\/sitio\/wp-json\/wp\/v2\/product_tag?post=17594"}],"curies":[{"name":"wp","href":"https:\/\/api.w.org\/{rel}","templated":true}]}}