{"id":17629,"date":"2024-02-16T17:23:24","date_gmt":"2024-02-16T17:23:24","guid":{"rendered":"https:\/\/hidroelectric.cl\/sitio\/?post_type=product&#038;p=17629"},"modified":"2024-02-19T13:07:56","modified_gmt":"2024-02-19T13:07:56","slug":"filtro-plastico-en-y-malla-1-120-mesch","status":"publish","type":"product","link":"https:\/\/hidroelectric.cl\/sitio\/producto\/filtro-plastico-en-y-malla-1-120-mesch\/","title":{"rendered":"FILTRO PL\u00c1STICO EN \u00abY\u00bb MALLA 1&#8243; 120 MESCH"},"content":{"rendered":"<p>Filtro Pl\u00e1stico en Y, malla 1&#8243;<\/p>\n<p>DESCRIPCI\u00d3N:<\/p>\n<p><span>Un filtro en Y\u00a0<\/span>elimina mec\u00e1nicamente los s\u00f3lidos y otras part\u00edculas cuando el fluido fluye a trav\u00e9s de \u00e9l<span>. Son esenciales en numerosas aplicaciones de control de fluidos para garantizar que las part\u00edculas presentes en el fluido no afecten negativamente a ning\u00fan componente aguas abajo.<\/span><\/p>\n<p>CARACTER\u00cdSTICA:<\/p>\n<ul>\n<li>Presi\u00f3n m\u00e1xima recomendada 80 m.c.a<\/li>\n<li>Con malla 120 mesch<\/li>\n<li>Caudal hasta 8,5 m3\/h<\/li>\n<li>Equipado con 2 juntas t\u00f3ricas para mayor estanqueidad de la suciedad en su malla.<\/li>\n<li>Resistente a fertilizantes utilizados para agricultura.<\/li>\n<li><span>El filtro puede suministrarse con el orificio de la tapa cerrado (sin descarga) o perforado (con descarga) con tap\u00f3n roscado.<\/span><\/li>\n<\/ul>\n<p>&nbsp;<\/p>\n<p>&nbsp;<\/p>\n","protected":false},"excerpt":{"rendered":"<p>Filtro Pl\u00e1stico en Y, malla 1&#8243; DESCRIPCI\u00d3N: Un filtro en Y\u00a0elimina mec\u00e1nicamente los s\u00f3lidos y otras part\u00edculas cuando el fluido fluye a trav\u00e9s de \u00e9l. Son esenciales en numerosas aplicaciones de control de fluidos para garantizar que las part\u00edculas presentes en el fluido no afecten negativamente a ning\u00fan componente aguas [&hellip;]<\/p>\n","protected":false},"featured_media":17630,"comment_status":"open","ping_status":"closed","template":"","meta":[],"product_brand":[],"product_cat":[68],"product_tag":[196],"class_list":{"0":"post-17629","1":"product","2":"type-product","3":"status-publish","4":"has-post-thumbnail","6":"product_cat-riego","7":"product_tag-filtro-y","9":"first","10":"instock","11":"taxable","12":"shipping-taxable","13":"purchasable","14":"product-type-simple"},"_links":{"self":[{"href":"https:\/\/hidroelectric.cl\/sitio\/wp-json\/wp\/v2\/product\/17629","targetHints":{"allow":["GET"]}}],"collection":[{"href":"https:\/\/hidroelectric.cl\/sitio\/wp-json\/wp\/v2\/product"}],"about":[{"href":"https:\/\/hidroelectric.cl\/sitio\/wp-json\/wp\/v2\/types\/product"}],"replies":[{"embeddable":true,"href":"https:\/\/hidroelectric.cl\/sitio\/wp-json\/wp\/v2\/comments?post=17629"}],"version-history":[{"count":0,"href":"https:\/\/hidroelectric.cl\/sitio\/wp-json\/wp\/v2\/product\/17629\/revisions"}],"wp:featuredmedia":[{"embeddable":true,"href":"https:\/\/hidroelectric.cl\/sitio\/wp-json\/wp\/v2\/media\/17630"}],"wp:attachment":[{"href":"https:\/\/hidroelectric.cl\/sitio\/wp-json\/wp\/v2\/media?parent=17629"}],"wp:term":[{"taxonomy":"product_brand","embeddable":true,"href":"https:\/\/hidroelectric.cl\/sitio\/wp-json\/wp\/v2\/product_brand?post=17629"},{"taxonomy":"product_cat","embeddable":true,"href":"https:\/\/hidroelectric.cl\/sitio\/wp-json\/wp\/v2\/product_cat?post=17629"},{"taxonomy":"product_tag","embeddable":true,"href":"https:\/\/hidroelectric.cl\/sitio\/wp-json\/wp\/v2\/product_tag?post=17629"}],"curies":[{"name":"wp","href":"https:\/\/api.w.org\/{rel}","templated":true}]}}