{"id":17635,"date":"2024-02-19T15:36:50","date_gmt":"2024-02-19T15:36:50","guid":{"rendered":"https:\/\/hidroelectric.cl\/sitio\/?post_type=product&#038;p=17635"},"modified":"2024-02-19T15:49:08","modified_gmt":"2024-02-19T15:49:08","slug":"manometro-seco-0-7bar","status":"publish","type":"product","link":"https:\/\/hidroelectric.cl\/sitio\/producto\/manometro-seco-0-7bar\/","title":{"rendered":"MAN\u00d3METRO SECO 0 &#8211; 7BAR"},"content":{"rendered":"<p>Man\u00f3metro seco 0 &#8211; 7bar\/100PSI<\/p>\n<p>Descripci\u00f3n<\/p>\n<p><span>Instrumento de medida de la presi\u00f3n en fluidos (l\u00edquidos y gases) en circuitos cerrados. Miden la diferencia entre la presi\u00f3n real o absoluta y la presi\u00f3n atmosf\u00e9rica llam\u00e1ndose a este valor, presi\u00f3n manom\u00e9trica.\u00a0<\/span><\/p>\n<p>Caracter\u00edsticas<\/p>\n<ul>\n<li>Man\u00f3metro seco<\/li>\n<li>Conexi\u00f3n 1\/4&#8243;<\/li>\n<li>Presi\u00f3n 100PSI<\/li>\n<li>Medida 50mm<\/li>\n<\/ul>\n","protected":false},"excerpt":{"rendered":"<p>Man\u00f3metro seco 0 &#8211; 7bar\/100PSI Descripci\u00f3n Instrumento de medida de la presi\u00f3n en fluidos (l\u00edquidos y gases) en circuitos cerrados. Miden la diferencia entre la presi\u00f3n real o absoluta y la presi\u00f3n atmosf\u00e9rica llam\u00e1ndose a este valor, presi\u00f3n manom\u00e9trica.\u00a0 Caracter\u00edsticas Man\u00f3metro seco Conexi\u00f3n 1\/4&#8243; Presi\u00f3n 100PSI Medida 50mm<\/p>\n","protected":false},"featured_media":17636,"comment_status":"open","ping_status":"closed","template":"","meta":[],"product_brand":[],"product_cat":[34],"product_tag":[199,197],"class_list":{"0":"post-17635","1":"product","2":"type-product","3":"status-publish","4":"has-post-thumbnail","6":"product_cat-electromecanica-e-hidraulica","7":"product_tag-manometro-0-7","8":"product_tag-manometro-seco","10":"first","11":"instock","12":"taxable","13":"shipping-taxable","14":"purchasable","15":"product-type-simple"},"_links":{"self":[{"href":"https:\/\/hidroelectric.cl\/sitio\/wp-json\/wp\/v2\/product\/17635","targetHints":{"allow":["GET"]}}],"collection":[{"href":"https:\/\/hidroelectric.cl\/sitio\/wp-json\/wp\/v2\/product"}],"about":[{"href":"https:\/\/hidroelectric.cl\/sitio\/wp-json\/wp\/v2\/types\/product"}],"replies":[{"embeddable":true,"href":"https:\/\/hidroelectric.cl\/sitio\/wp-json\/wp\/v2\/comments?post=17635"}],"version-history":[{"count":0,"href":"https:\/\/hidroelectric.cl\/sitio\/wp-json\/wp\/v2\/product\/17635\/revisions"}],"wp:featuredmedia":[{"embeddable":true,"href":"https:\/\/hidroelectric.cl\/sitio\/wp-json\/wp\/v2\/media\/17636"}],"wp:attachment":[{"href":"https:\/\/hidroelectric.cl\/sitio\/wp-json\/wp\/v2\/media?parent=17635"}],"wp:term":[{"taxonomy":"product_brand","embeddable":true,"href":"https:\/\/hidroelectric.cl\/sitio\/wp-json\/wp\/v2\/product_brand?post=17635"},{"taxonomy":"product_cat","embeddable":true,"href":"https:\/\/hidroelectric.cl\/sitio\/wp-json\/wp\/v2\/product_cat?post=17635"},{"taxonomy":"product_tag","embeddable":true,"href":"https:\/\/hidroelectric.cl\/sitio\/wp-json\/wp\/v2\/product_tag?post=17635"}],"curies":[{"name":"wp","href":"https:\/\/api.w.org\/{rel}","templated":true}]}}