{"id":319,"date":"2018-08-14T19:36:26","date_gmt":"2018-08-14T19:36:26","guid":{"rendered":"https:\/\/hidroelectric.cl\/sitio\/?post_type=product&#038;p=319"},"modified":"2024-03-20T17:59:48","modified_gmt":"2024-03-20T17:59:48","slug":"cloro-en-tabletas-1-kilo-dura-pool","status":"publish","type":"product","link":"https:\/\/hidroelectric.cl\/sitio\/producto\/cloro-en-tabletas-1-kilo-dura-pool\/","title":{"rendered":"CLORO EN TABLETAS 1 KILO"},"content":{"rendered":"<p>&nbsp;<\/p>\n<p><strong>CLORO EN TABLETAS<\/strong><\/p>\n<ul>\n<li>Formato de 1 kilo.<\/li>\n<li>Extra concentrado (tricloro)<\/li>\n<li>Cantidad por envase: 5 tabletas.<\/li>\n<\/ul>\n<p><span>Es un sanitizante muy eficiente y el m\u00e1s com\u00fan para las piscinas.\u00a0<\/span><\/p>\n<p><strong>USOS<\/strong><br \/>\n<span>\u00b7\u00a0\u00a0\u00a0\u00a0\u00a0\u00a0 Tabletas redondas de color blanco que se utilizan para el tratamiento de aguas de piscina, eliminando bacterias, algas y musgos.\u00b7\u00a0\u00a0\u00a0\u00a0\u00a0\u00a0 Antes de aplicar Cloro en Tabletas, debe revisar el pH del agua, este debe estar entre 7.2 y 7.6 y el nivel del cloro libre se debe mantener entre 1 y 3 ppm, luego debe colocar la tableta de cloro en un dosificador flotante y dejarlo en el agua de la piscina, mantener el filtro en operaci\u00f3n.\u00b7\u00a0\u00a0\u00a0\u00a0\u00a0\u00a0 Su alto nivel de concentraci\u00f3n permite que se disuelva lentamente y perdure por m\u00e1s tiempo manteniendo sus caracter\u00edsticas.<\/span><\/p>\n<p><strong>DOSIFICACI\u00d3N<\/strong><br \/>\n<span>\u00b7\u00a0\u00a0\u00a0\u00a0\u00a0\u00a0 Aplicar semanalmente una tableta de 200 gramos para 20 m3 de agua de piscina.\u00b7\u00a0\u00a0\u00a0\u00a0\u00a0\u00a0 Para piscinas armables, aplicar semanalmente una tableta de 20 gramos por cada 2 m3 de agua de piscina.<\/span><\/p>\n","protected":false},"excerpt":{"rendered":"<p>&nbsp; CLORO EN TABLETAS Formato de 1 kilo. Extra concentrado (tricloro) Cantidad por envase: 5 tabletas. Es un sanitizante muy eficiente y el m\u00e1s com\u00fan para las piscinas.\u00a0 USOS \u00b7\u00a0\u00a0\u00a0\u00a0\u00a0\u00a0 Tabletas redondas de color blanco que se utilizan para el tratamiento de aguas de piscina, eliminando bacterias, algas y musgos.\u00b7\u00a0\u00a0\u00a0\u00a0\u00a0\u00a0 [&hellip;]<\/p>\n","protected":false},"featured_media":17476,"comment_status":"open","ping_status":"closed","template":"","meta":[],"product_brand":[],"product_cat":[190],"product_tag":[50],"class_list":{"0":"post-319","1":"product","2":"type-product","3":"status-publish","4":"has-post-thumbnail","6":"product_cat-piscina","7":"product_tag-dura-pool","9":"first","10":"instock","11":"sale","12":"taxable","13":"shipping-taxable","14":"purchasable","15":"product-type-simple"},"_links":{"self":[{"href":"https:\/\/hidroelectric.cl\/sitio\/wp-json\/wp\/v2\/product\/319","targetHints":{"allow":["GET"]}}],"collection":[{"href":"https:\/\/hidroelectric.cl\/sitio\/wp-json\/wp\/v2\/product"}],"about":[{"href":"https:\/\/hidroelectric.cl\/sitio\/wp-json\/wp\/v2\/types\/product"}],"replies":[{"embeddable":true,"href":"https:\/\/hidroelectric.cl\/sitio\/wp-json\/wp\/v2\/comments?post=319"}],"version-history":[{"count":2,"href":"https:\/\/hidroelectric.cl\/sitio\/wp-json\/wp\/v2\/product\/319\/revisions"}],"predecessor-version":[{"id":6578,"href":"https:\/\/hidroelectric.cl\/sitio\/wp-json\/wp\/v2\/product\/319\/revisions\/6578"}],"wp:featuredmedia":[{"embeddable":true,"href":"https:\/\/hidroelectric.cl\/sitio\/wp-json\/wp\/v2\/media\/17476"}],"wp:attachment":[{"href":"https:\/\/hidroelectric.cl\/sitio\/wp-json\/wp\/v2\/media?parent=319"}],"wp:term":[{"taxonomy":"product_brand","embeddable":true,"href":"https:\/\/hidroelectric.cl\/sitio\/wp-json\/wp\/v2\/product_brand?post=319"},{"taxonomy":"product_cat","embeddable":true,"href":"https:\/\/hidroelectric.cl\/sitio\/wp-json\/wp\/v2\/product_cat?post=319"},{"taxonomy":"product_tag","embeddable":true,"href":"https:\/\/hidroelectric.cl\/sitio\/wp-json\/wp\/v2\/product_tag?post=319"}],"curies":[{"name":"wp","href":"https:\/\/api.w.org\/{rel}","templated":true}]}}