{"id":339,"date":"2018-08-16T15:26:36","date_gmt":"2018-08-16T15:26:36","guid":{"rendered":"https:\/\/hidroelectric.cl\/sitio\/?post_type=product&#038;p=339"},"modified":"2024-02-19T14:01:04","modified_gmt":"2024-02-19T14:01:04","slug":"clorador-flotante-grande","status":"publish","type":"product","link":"https:\/\/hidroelectric.cl\/sitio\/producto\/clorador-flotante-grande\/","title":{"rendered":"CLORADOR FLOTANTE GRANDE"},"content":{"rendered":"<p>Clorador flotante grande.<\/p>\n<p>Descripci\u00f3n<\/p>\n<p>Este<span>\u00a0<\/span>clorador flotante<span>\u00a0<\/span>de tama\u00f1o grande es ideal para su uso en piscinas residenciales, mejorando la homogeneizaci\u00f3n y distribuci\u00f3n del producto qu\u00edmico de limpieza que est\u00e1 en su interior en toda la masa de agua.<\/p>\n<p>Adecuado para el mantenimiento de rutina de la piscina, permitir\u00e1 que esta se conserve limpia y resplandeciente d\u00eda tras d\u00eda. Es una opci\u00f3n c\u00f3moda y econ\u00f3mica.<\/p>\n<p>Cuenta con tapa con seguro, para evitar la ca\u00edda de las pastillas que almacena en su interior, y tambi\u00e9n tiene un dosificador regulable de ranuras.<\/p>\n<p><span>Se recomienda usar en piscinas de hasta 80.000 lts, o en piscinas mayores como refuerzo de ionizadores.<\/span><\/p>\n","protected":false},"excerpt":{"rendered":"<p>Clorador flotante grande. Descripci\u00f3n Este\u00a0clorador flotante\u00a0de tama\u00f1o grande es ideal para su uso en piscinas residenciales, mejorando la homogeneizaci\u00f3n y distribuci\u00f3n del producto qu\u00edmico de limpieza que est\u00e1 en su interior en toda la masa de agua. Adecuado para el mantenimiento de rutina de la piscina, permitir\u00e1 que esta se [&hellip;]<\/p>\n","protected":false},"featured_media":340,"comment_status":"open","ping_status":"closed","template":"","meta":[],"product_brand":[],"product_cat":[190],"product_tag":[51],"class_list":{"0":"post-339","1":"product","2":"type-product","3":"status-publish","4":"has-post-thumbnail","6":"product_cat-piscina","7":"product_tag-clorador","9":"first","10":"instock","11":"taxable","12":"shipping-taxable","13":"purchasable","14":"product-type-simple"},"_links":{"self":[{"href":"https:\/\/hidroelectric.cl\/sitio\/wp-json\/wp\/v2\/product\/339","targetHints":{"allow":["GET"]}}],"collection":[{"href":"https:\/\/hidroelectric.cl\/sitio\/wp-json\/wp\/v2\/product"}],"about":[{"href":"https:\/\/hidroelectric.cl\/sitio\/wp-json\/wp\/v2\/types\/product"}],"replies":[{"embeddable":true,"href":"https:\/\/hidroelectric.cl\/sitio\/wp-json\/wp\/v2\/comments?post=339"}],"version-history":[{"count":1,"href":"https:\/\/hidroelectric.cl\/sitio\/wp-json\/wp\/v2\/product\/339\/revisions"}],"predecessor-version":[{"id":17391,"href":"https:\/\/hidroelectric.cl\/sitio\/wp-json\/wp\/v2\/product\/339\/revisions\/17391"}],"wp:featuredmedia":[{"embeddable":true,"href":"https:\/\/hidroelectric.cl\/sitio\/wp-json\/wp\/v2\/media\/340"}],"wp:attachment":[{"href":"https:\/\/hidroelectric.cl\/sitio\/wp-json\/wp\/v2\/media?parent=339"}],"wp:term":[{"taxonomy":"product_brand","embeddable":true,"href":"https:\/\/hidroelectric.cl\/sitio\/wp-json\/wp\/v2\/product_brand?post=339"},{"taxonomy":"product_cat","embeddable":true,"href":"https:\/\/hidroelectric.cl\/sitio\/wp-json\/wp\/v2\/product_cat?post=339"},{"taxonomy":"product_tag","embeddable":true,"href":"https:\/\/hidroelectric.cl\/sitio\/wp-json\/wp\/v2\/product_tag?post=339"}],"curies":[{"name":"wp","href":"https:\/\/api.w.org\/{rel}","templated":true}]}}