{"id":368,"date":"2018-08-21T20:37:01","date_gmt":"2018-08-21T20:37:01","guid":{"rendered":"https:\/\/hidroelectric.cl\/sitio\/?post_type=product&#038;p=368"},"modified":"2024-02-14T16:26:55","modified_gmt":"2024-02-14T16:26:55","slug":"valvula-de-bola-paso-completo-3-4","status":"publish","type":"product","link":"https:\/\/hidroelectric.cl\/sitio\/producto\/valvula-de-bola-paso-completo-3-4\/","title":{"rendered":"V\u00c1LVULA DE BOLA PASO COMPLETO 3\/4&#8243;"},"content":{"rendered":"<p>V\u00e1lvula de bola paso completo 3\/4&#8243;.<\/p>\n<p>Descripci\u00f3n<\/p>\n<p>Sistema de apertura\/cierre, la aplicaci\u00f3n de m\u00e1s frecuente de estas v\u00e1lvulas es en instalaciones donde el flujo se interrumpe regularmente.<\/p>\n<p>V\u00e1lvula de bola, conocida tambi\u00e9n como de \u00abesfera\u00bb, es un mecanismo de llave de paso que sirve para regular el flujo de un fluido canalizado y se caracteriza porque el mecanismo regulador situado en el interior tiene forma de esfera perforada.<\/p>\n<p>Este tipo de v\u00e1lvulas no ofrecen una regulaci\u00f3n precisa al ser de 1\/4 de vuelta.\u00a0 Su ventaja es que la bola perforada permite la circulaci\u00f3n directa en la posici\u00f3n abierta con una p\u00e9rdida de carga bastante m\u00e1s reducida que las de asiento y corta el paso cuando se gira la maneta 90\u00b0 y cierra el conducto.<\/p>\n<p>Ficha t\u00e9cnica<\/p>\n<ul>\n<li>Material: Lat\u00f3n niquelado<\/li>\n<li>Manilla: Aluminio paso total<\/li>\n<li>Presi\u00f3n Nominal(PN): 50 bar<\/li>\n<li>Di\u00e1metro Nominal (DN): 20mm<\/li>\n<\/ul>\n<p>Aplicaci\u00f3n: Fontaner\u00eda, Regad\u00edo, Tuber\u00edas, Instalaciones en general.<\/p>\n","protected":false},"excerpt":{"rendered":"<p>V\u00e1lvula de bola paso completo 3\/4&#8243;. Descripci\u00f3n Sistema de apertura\/cierre, la aplicaci\u00f3n de m\u00e1s frecuente de estas v\u00e1lvulas es en instalaciones donde el flujo se interrumpe regularmente. V\u00e1lvula de bola, conocida tambi\u00e9n como de \u00abesfera\u00bb, es un mecanismo de llave de paso que sirve para regular el flujo de un [&hellip;]<\/p>\n","protected":false},"featured_media":372,"comment_status":"open","ping_status":"closed","template":"","meta":[],"product_brand":[],"product_cat":[56],"product_tag":[57],"class_list":{"0":"post-368","1":"product","2":"type-product","3":"status-publish","4":"has-post-thumbnail","6":"product_cat-valvulas-y-pvc","7":"product_tag-valvula-de-bola","9":"first","10":"instock","11":"taxable","12":"shipping-taxable","13":"purchasable","14":"product-type-simple"},"_links":{"self":[{"href":"https:\/\/hidroelectric.cl\/sitio\/wp-json\/wp\/v2\/product\/368","targetHints":{"allow":["GET"]}}],"collection":[{"href":"https:\/\/hidroelectric.cl\/sitio\/wp-json\/wp\/v2\/product"}],"about":[{"href":"https:\/\/hidroelectric.cl\/sitio\/wp-json\/wp\/v2\/types\/product"}],"replies":[{"embeddable":true,"href":"https:\/\/hidroelectric.cl\/sitio\/wp-json\/wp\/v2\/comments?post=368"}],"version-history":[{"count":0,"href":"https:\/\/hidroelectric.cl\/sitio\/wp-json\/wp\/v2\/product\/368\/revisions"}],"wp:featuredmedia":[{"embeddable":true,"href":"https:\/\/hidroelectric.cl\/sitio\/wp-json\/wp\/v2\/media\/372"}],"wp:attachment":[{"href":"https:\/\/hidroelectric.cl\/sitio\/wp-json\/wp\/v2\/media?parent=368"}],"wp:term":[{"taxonomy":"product_brand","embeddable":true,"href":"https:\/\/hidroelectric.cl\/sitio\/wp-json\/wp\/v2\/product_brand?post=368"},{"taxonomy":"product_cat","embeddable":true,"href":"https:\/\/hidroelectric.cl\/sitio\/wp-json\/wp\/v2\/product_cat?post=368"},{"taxonomy":"product_tag","embeddable":true,"href":"https:\/\/hidroelectric.cl\/sitio\/wp-json\/wp\/v2\/product_tag?post=368"}],"curies":[{"name":"wp","href":"https:\/\/api.w.org\/{rel}","templated":true}]}}