{"id":395,"date":"2018-08-23T14:35:37","date_gmt":"2018-08-23T14:35:37","guid":{"rendered":"https:\/\/hidroelectric.cl\/sitio\/?post_type=product&#038;p=395"},"modified":"2023-10-18T15:43:03","modified_gmt":"2023-10-18T15:43:03","slug":"pertiga-de-aluminio-36-metros","status":"publish","type":"product","link":"https:\/\/hidroelectric.cl\/sitio\/producto\/pertiga-de-aluminio-36-metros\/","title":{"rendered":"P\u00c9RTIGA DE ALUMINIO 3,6 METROS"},"content":{"rendered":"<p>P\u00e9rtiga de\u00a0 aluminio Extendible 3,6 metros. Marca FLOWMAK<\/p>\n<p>Descripci\u00f3n<\/p>\n<p><span>Esta p\u00e9rtiga cuenta con un\u00a0mango sobredimensionado, de mayor tama\u00f1o, el cual le permitir\u00e1<\/span><span>\u00a0contar con un agarre m\u00e1s c\u00f3modo al momento de usarla,\u00a0<\/span><span>y cuando tenga\u00a0<\/span><span>que abrirla o cerrarla har\u00e1 esta operaci\u00f3n m\u00e1s f\u00e1cil.<\/span><\/p>\n<p><span>Recomendada para piscinas de tama\u00f1o chica y mediana. Este mango le permite libremente limpiar de forma c\u00f3moda, piscinas de 1,5 mts., a 3 mts. de ancho. Considerando una profundidad de 1,70 metros.<\/span><\/p>\n<p><span>Las P\u00e9rtigas telesc\u00f3picas est\u00e1n fabricadas en aluminio extrudido\u00a0anodizado para una m\u00e1xima durabilidad, libre de degradaci\u00f3n, corrosi\u00f3n y \u00f3xido.\u00a0\u00a0<\/span>Para una m\u00e1xima limpieza esta p\u00e9rtiga se utiliza con CARRO LIMPIAFONDO MANUAL, ESCOBILLAS Y MALLAS RECOJE HOJAS.<\/p>\n<p>Caracter\u00edsticas<\/p>\n<ul>\n<li>Dimensiones: Largo total 3,6 metros, extendible en 2 partes de 1,8 metros.<\/li>\n<li>Largo m\u00ednimo: 2,05 metros<\/li>\n<li>Di\u00e1metro: 32mm.<\/li>\n<li>Material: Aluminio <strong>Anodizado<\/strong> con mango sobre dimensionado.<\/li>\n<\/ul>\n<p><strong>PARA SABER:\u00a0<\/strong><\/p>\n<blockquote><p>ANODIZADO,\u00a0<span>es un tratamiento de superficie electrol\u00edtica puede producir una capa superficial protectora delgada microporosa pasiva y al\u00famina.<\/span><\/p><\/blockquote>\n<p>&nbsp;<\/p>\n","protected":false},"excerpt":{"rendered":"<p>P\u00e9rtiga de\u00a0 aluminio Extendible 3,6 metros. Marca FLOWMAK Descripci\u00f3n Esta p\u00e9rtiga cuenta con un\u00a0mango sobredimensionado, de mayor tama\u00f1o, el cual le permitir\u00e1\u00a0contar con un agarre m\u00e1s c\u00f3modo al momento de usarla,\u00a0y cuando tenga\u00a0que abrirla o cerrarla har\u00e1 esta operaci\u00f3n m\u00e1s f\u00e1cil. Recomendada para piscinas de tama\u00f1o chica y mediana. Este [&hellip;]<\/p>\n","protected":false},"featured_media":416,"comment_status":"open","ping_status":"closed","template":"","meta":[],"product_brand":[],"product_cat":[190],"product_tag":[49],"class_list":{"0":"post-395","1":"product","2":"type-product","3":"status-publish","4":"has-post-thumbnail","6":"product_cat-piscina","7":"product_tag-limpiafondo","9":"first","10":"outofstock","11":"taxable","12":"shipping-taxable","13":"product-type-simple"},"_links":{"self":[{"href":"https:\/\/hidroelectric.cl\/sitio\/wp-json\/wp\/v2\/product\/395","targetHints":{"allow":["GET"]}}],"collection":[{"href":"https:\/\/hidroelectric.cl\/sitio\/wp-json\/wp\/v2\/product"}],"about":[{"href":"https:\/\/hidroelectric.cl\/sitio\/wp-json\/wp\/v2\/types\/product"}],"replies":[{"embeddable":true,"href":"https:\/\/hidroelectric.cl\/sitio\/wp-json\/wp\/v2\/comments?post=395"}],"version-history":[{"count":3,"href":"https:\/\/hidroelectric.cl\/sitio\/wp-json\/wp\/v2\/product\/395\/revisions"}],"predecessor-version":[{"id":17419,"href":"https:\/\/hidroelectric.cl\/sitio\/wp-json\/wp\/v2\/product\/395\/revisions\/17419"}],"wp:featuredmedia":[{"embeddable":true,"href":"https:\/\/hidroelectric.cl\/sitio\/wp-json\/wp\/v2\/media\/416"}],"wp:attachment":[{"href":"https:\/\/hidroelectric.cl\/sitio\/wp-json\/wp\/v2\/media?parent=395"}],"wp:term":[{"taxonomy":"product_brand","embeddable":true,"href":"https:\/\/hidroelectric.cl\/sitio\/wp-json\/wp\/v2\/product_brand?post=395"},{"taxonomy":"product_cat","embeddable":true,"href":"https:\/\/hidroelectric.cl\/sitio\/wp-json\/wp\/v2\/product_cat?post=395"},{"taxonomy":"product_tag","embeddable":true,"href":"https:\/\/hidroelectric.cl\/sitio\/wp-json\/wp\/v2\/product_tag?post=395"}],"curies":[{"name":"wp","href":"https:\/\/api.w.org\/{rel}","templated":true}]}}