{"id":400,"date":"2018-08-23T15:58:32","date_gmt":"2018-08-23T15:58:32","guid":{"rendered":"https:\/\/hidroelectric.cl\/sitio\/?post_type=product&#038;p=400"},"modified":"2023-06-01T19:09:06","modified_gmt":"2023-06-01T19:09:06","slug":"escobillon-estandar-45-cm-reforzado","status":"publish","type":"product","link":"https:\/\/hidroelectric.cl\/sitio\/producto\/escobillon-estandar-45-cm-reforzado\/","title":{"rendered":"ESCOBILL\u00d3N EST\u00c1NDAR 45 CM. REFORZADO"},"content":{"rendered":"<p>Escobill\u00f3n est\u00e1ndar 45 cm reforzado.<\/p>\n<p>Los escobillones proporcionan una limpieza profunda de toda la piscina, removiendo algas, musgo, tierra y otros elementos pegados al fondo y las paredes, elementos que los limpiafondos no pueden remover por estar demasiado adheridos.<\/p>\n<p>Descripci\u00f3n<\/p>\n<p>Escobill\u00f3n\u00a0con mango y cuerpo reforzado con aluminio, ideal para piscinas con superficie 8 X 4 mts.<\/p>\n<p>Las cerdas de polipropileno para una adecuada resistencia, duraci\u00f3n, y se mantienen rectas en todo momento.\u00a0Algunos cuentan con un\u00a0cuerpo reforzado de aluminio, que entrega resistencia adicional,\u00a0con\u00a0extremos curvos\u00a0para poder remover la mugre de las esquinas, y conectores r\u00e1pidos para la uni\u00f3n a las\u00a0<a href=\"https:\/\/hidroelectric.cl\/sitio\/producto\/pertiga-de-aluminio-36-metros\/\">p\u00e9rtigas.<\/a><\/p>\n<p>Caracter\u00edsticas<\/p>\n<ul>\n<li>Material: cuerpo ABS; Cerdas de Polipropileno; Mango refuerzo aluminio.<\/li>\n<li>Color: cuerpo celeste; Cerdas blancas;<\/li>\n<li>Largo: 45 cent\u00edmetros.<\/li>\n<\/ul>\n<p>&nbsp;<\/p>\n","protected":false},"excerpt":{"rendered":"<p>Escobill\u00f3n est\u00e1ndar 45 cm reforzado. Los escobillones proporcionan una limpieza profunda de toda la piscina, removiendo algas, musgo, tierra y otros elementos pegados al fondo y las paredes, elementos que los limpiafondos no pueden remover por estar demasiado adheridos. Descripci\u00f3n Escobill\u00f3n\u00a0con mango y cuerpo reforzado con aluminio, ideal para piscinas [&hellip;]<\/p>\n","protected":false},"featured_media":403,"comment_status":"open","ping_status":"closed","template":"","meta":[],"product_brand":[],"product_cat":[190],"product_tag":[49],"class_list":{"0":"post-400","1":"product","2":"type-product","3":"status-publish","4":"has-post-thumbnail","6":"product_cat-piscina","7":"product_tag-limpiafondo","9":"first","10":"instock","11":"taxable","12":"shipping-taxable","13":"purchasable","14":"product-type-simple"},"_links":{"self":[{"href":"https:\/\/hidroelectric.cl\/sitio\/wp-json\/wp\/v2\/product\/400","targetHints":{"allow":["GET"]}}],"collection":[{"href":"https:\/\/hidroelectric.cl\/sitio\/wp-json\/wp\/v2\/product"}],"about":[{"href":"https:\/\/hidroelectric.cl\/sitio\/wp-json\/wp\/v2\/types\/product"}],"replies":[{"embeddable":true,"href":"https:\/\/hidroelectric.cl\/sitio\/wp-json\/wp\/v2\/comments?post=400"}],"version-history":[{"count":3,"href":"https:\/\/hidroelectric.cl\/sitio\/wp-json\/wp\/v2\/product\/400\/revisions"}],"predecessor-version":[{"id":413,"href":"https:\/\/hidroelectric.cl\/sitio\/wp-json\/wp\/v2\/product\/400\/revisions\/413"}],"wp:featuredmedia":[{"embeddable":true,"href":"https:\/\/hidroelectric.cl\/sitio\/wp-json\/wp\/v2\/media\/403"}],"wp:attachment":[{"href":"https:\/\/hidroelectric.cl\/sitio\/wp-json\/wp\/v2\/media?parent=400"}],"wp:term":[{"taxonomy":"product_brand","embeddable":true,"href":"https:\/\/hidroelectric.cl\/sitio\/wp-json\/wp\/v2\/product_brand?post=400"},{"taxonomy":"product_cat","embeddable":true,"href":"https:\/\/hidroelectric.cl\/sitio\/wp-json\/wp\/v2\/product_cat?post=400"},{"taxonomy":"product_tag","embeddable":true,"href":"https:\/\/hidroelectric.cl\/sitio\/wp-json\/wp\/v2\/product_tag?post=400"}],"curies":[{"name":"wp","href":"https:\/\/api.w.org\/{rel}","templated":true}]}}