{"id":423,"date":"2018-08-29T16:12:27","date_gmt":"2018-08-29T16:12:27","guid":{"rendered":"https:\/\/hidroelectric.cl\/sitio\/?post_type=product&#038;p=423"},"modified":"2024-06-05T03:43:43","modified_gmt":"2024-06-05T03:43:43","slug":"escobillon-acero-inox-25cm-limpia-algas","status":"publish","type":"product","link":"https:\/\/hidroelectric.cl\/sitio\/producto\/escobillon-acero-inox-25cm-limpia-algas\/","title":{"rendered":"ESCOBILL\u00d3N ACERO INOX 25CM LIMPIA ALGAS"},"content":{"rendered":"<p>Escobill\u00f3n para piscina 25 cm limpia algas, marca FLOWMAX<\/p>\n<p>Descripci\u00f3n<\/p>\n<p>Escobill\u00f3n de 25 cm, con\u00a0cerdas\u00a0de acero inoxidable, especial para remover algas muy pegadas.<\/p>\n<p>Con este escobill\u00f3n podr\u00e1 realizar una limpieza muy a fondo, removiendo las algas m\u00e1s pegadas, incluso las m\u00e1s dif\u00edciles y m\u00e1s rebeldes<span>\u00a0<\/span><span>de sacar<\/span>, como por ejemplo, el alga negra.<\/p>\n<p>Util\u00edcelo con cuidado, ya que al ser muy abrasivo puede da\u00f1ar la pintura o revestimientos.<\/p>\n<p><span>Este escobill\u00f3n se usa en conjunto con una p\u00e9rtiga. (NO INCLUIDA)<\/span><\/p>\n<p>Caracter\u00edsticas<\/p>\n<ul>\n<li>Color: Cuerpo celeste; cerdas negras.<\/li>\n<li>Dimensi\u00f3n del producto: 25 cent\u00edmetros.<\/li>\n<li>Material: Cuerpo ABS; Cerdas de acero.<\/li>\n<\/ul>\n","protected":false},"excerpt":{"rendered":"<p>Escobill\u00f3n para piscina 25 cm limpia algas, marca FLOWMAX Descripci\u00f3n Escobill\u00f3n de 25 cm, con\u00a0cerdas\u00a0de acero inoxidable, especial para remover algas muy pegadas. Con este escobill\u00f3n podr\u00e1 realizar una limpieza muy a fondo, removiendo las algas m\u00e1s pegadas, incluso las m\u00e1s dif\u00edciles y m\u00e1s rebeldes\u00a0de sacar, como por ejemplo, el [&hellip;]<\/p>\n","protected":false},"featured_media":425,"comment_status":"open","ping_status":"closed","template":"","meta":[],"product_brand":[],"product_cat":[190],"product_tag":[],"class_list":{"0":"post-423","1":"product","2":"type-product","3":"status-publish","4":"has-post-thumbnail","6":"product_cat-piscina","8":"first","9":"instock","10":"sale","11":"taxable","12":"shipping-taxable","13":"purchasable","14":"product-type-simple"},"_links":{"self":[{"href":"https:\/\/hidroelectric.cl\/sitio\/wp-json\/wp\/v2\/product\/423","targetHints":{"allow":["GET"]}}],"collection":[{"href":"https:\/\/hidroelectric.cl\/sitio\/wp-json\/wp\/v2\/product"}],"about":[{"href":"https:\/\/hidroelectric.cl\/sitio\/wp-json\/wp\/v2\/types\/product"}],"replies":[{"embeddable":true,"href":"https:\/\/hidroelectric.cl\/sitio\/wp-json\/wp\/v2\/comments?post=423"}],"version-history":[{"count":1,"href":"https:\/\/hidroelectric.cl\/sitio\/wp-json\/wp\/v2\/product\/423\/revisions"}],"predecessor-version":[{"id":12927,"href":"https:\/\/hidroelectric.cl\/sitio\/wp-json\/wp\/v2\/product\/423\/revisions\/12927"}],"wp:featuredmedia":[{"embeddable":true,"href":"https:\/\/hidroelectric.cl\/sitio\/wp-json\/wp\/v2\/media\/425"}],"wp:attachment":[{"href":"https:\/\/hidroelectric.cl\/sitio\/wp-json\/wp\/v2\/media?parent=423"}],"wp:term":[{"taxonomy":"product_brand","embeddable":true,"href":"https:\/\/hidroelectric.cl\/sitio\/wp-json\/wp\/v2\/product_brand?post=423"},{"taxonomy":"product_cat","embeddable":true,"href":"https:\/\/hidroelectric.cl\/sitio\/wp-json\/wp\/v2\/product_cat?post=423"},{"taxonomy":"product_tag","embeddable":true,"href":"https:\/\/hidroelectric.cl\/sitio\/wp-json\/wp\/v2\/product_tag?post=423"}],"curies":[{"name":"wp","href":"https:\/\/api.w.org\/{rel}","templated":true}]}}