{"id":513,"date":"2018-09-25T14:00:13","date_gmt":"2018-09-25T14:00:13","guid":{"rendered":"https:\/\/hidroelectric.cl\/sitio\/?post_type=product&#038;p=513"},"modified":"2023-06-01T18:35:37","modified_gmt":"2023-06-01T18:35:37","slug":"boquilla-de-aspiracion-para-piscina-prefabricada","status":"publish","type":"product","link":"https:\/\/hidroelectric.cl\/sitio\/producto\/boquilla-de-aspiracion-para-piscina-prefabricada\/","title":{"rendered":"BOQUILLA DE ASPIRACI\u00d3N PARA PISCINA PREFABRICADA"},"content":{"rendered":"<p><a href=\"https:\/\/hidroelectric.cl\/sitio\/wp-content\/uploads\/2018\/09\/550ff6481fbcd-1.jpg\"><img decoding=\"async\" src=\"https:\/\/hidroelectric.cl\/sitio\/wp-content\/uploads\/2018\/09\/550ff6481fbcd-1-300x77.jpg\" alt=\"\" width=\"300\" height=\"77\" class=\"alignnone size-medium wp-image-521\" \/><\/a><\/p>\n<p>Boquilla de aspiraci\u00f3n para piscina con Liner, prefabricada y panel. Marca ASTRALPOOL FLUIDRA, procedencia Espa\u00f1a.<\/p>\n<p>Fabricadas en pl\u00e1stico ABS\u00a0 blanco, se adaptan a cualquier tipo de piscina prefabricada, incorporando juntas y tornillos para una perfecta estanqueidad.<\/p>\n<p>Las boquillas de aspiraci\u00f3n se utilizan para conectar el limpiafondo.<\/p>\n<p>El n\u00famero de boquillas debe estar en proporci\u00f3n al caudal de circulaci\u00f3n, a la forma del VASO* y al volumen de agua por zonas.<\/p>\n<p>(*)<strong> El\u00a0vaso de la piscina\u00a0es la\u00a0estructura de la piscina que contiene el agua.\u00a0El recubrimiento interior sirve para proteger\u00a0\u00a0el vaso de la piscina y evitar las fugas de agua pero hoy en d\u00eda se ha convertido en un elemento decorativo de gran importancia para muchos.<\/strong><\/p>\n<p><strong>La\u00a0estructura de revestimiento del vaso de la piscina\u00a0puede\u00a0ser de hormig\u00f3n, liner o prefabricada.\u00a0Algunas posibilidades de revestimiento son en mosaico v\u00edtreo, losetas de resina r\u00edgida Plakit y Liner.Hay\u00a0que tener en cuenta que estos materiales\u00a0condicionar\u00e1n\u00a0los\u00a0accesorios que componen el vaso de la piscina.\u00a0<\/strong><\/p>\n","protected":false},"excerpt":{"rendered":"<p>Boquilla de aspiraci\u00f3n para piscina con Liner, prefabricada y panel. Marca ASTRALPOOL FLUIDRA, procedencia Espa\u00f1a. Fabricadas en pl\u00e1stico ABS\u00a0 blanco, se adaptan a cualquier tipo de piscina prefabricada, incorporando juntas y tornillos para una perfecta estanqueidad. Las boquillas de aspiraci\u00f3n se utilizan para conectar el limpiafondo. El n\u00famero de boquillas [&hellip;]<\/p>\n","protected":false},"featured_media":514,"comment_status":"open","ping_status":"closed","template":"","meta":[],"product_brand":[],"product_cat":[190],"product_tag":[67],"class_list":{"0":"post-513","1":"product","2":"type-product","3":"status-publish","4":"has-post-thumbnail","6":"product_cat-piscina","7":"product_tag-material-vaso","9":"first","10":"instock","11":"taxable","12":"shipping-taxable","13":"purchasable","14":"product-type-simple"},"_links":{"self":[{"href":"https:\/\/hidroelectric.cl\/sitio\/wp-json\/wp\/v2\/product\/513","targetHints":{"allow":["GET"]}}],"collection":[{"href":"https:\/\/hidroelectric.cl\/sitio\/wp-json\/wp\/v2\/product"}],"about":[{"href":"https:\/\/hidroelectric.cl\/sitio\/wp-json\/wp\/v2\/types\/product"}],"replies":[{"embeddable":true,"href":"https:\/\/hidroelectric.cl\/sitio\/wp-json\/wp\/v2\/comments?post=513"}],"version-history":[{"count":2,"href":"https:\/\/hidroelectric.cl\/sitio\/wp-json\/wp\/v2\/product\/513\/revisions"}],"predecessor-version":[{"id":519,"href":"https:\/\/hidroelectric.cl\/sitio\/wp-json\/wp\/v2\/product\/513\/revisions\/519"}],"wp:featuredmedia":[{"embeddable":true,"href":"https:\/\/hidroelectric.cl\/sitio\/wp-json\/wp\/v2\/media\/514"}],"wp:attachment":[{"href":"https:\/\/hidroelectric.cl\/sitio\/wp-json\/wp\/v2\/media?parent=513"}],"wp:term":[{"taxonomy":"product_brand","embeddable":true,"href":"https:\/\/hidroelectric.cl\/sitio\/wp-json\/wp\/v2\/product_brand?post=513"},{"taxonomy":"product_cat","embeddable":true,"href":"https:\/\/hidroelectric.cl\/sitio\/wp-json\/wp\/v2\/product_cat?post=513"},{"taxonomy":"product_tag","embeddable":true,"href":"https:\/\/hidroelectric.cl\/sitio\/wp-json\/wp\/v2\/product_tag?post=513"}],"curies":[{"name":"wp","href":"https:\/\/api.w.org\/{rel}","templated":true}]}}