{"id":522,"date":"2018-09-25T15:00:42","date_gmt":"2018-09-25T15:00:42","guid":{"rendered":"https:\/\/hidroelectric.cl\/sitio\/?post_type=product&#038;p=522"},"modified":"2024-11-07T14:40:28","modified_gmt":"2024-11-07T14:40:28","slug":"boquilla-de-fondo-aspiracion-impulsion-piscina-hormigon","status":"publish","type":"product","link":"https:\/\/hidroelectric.cl\/sitio\/producto\/boquilla-de-fondo-aspiracion-impulsion-piscina-hormigon\/","title":{"rendered":"BOQUILLA DE FONDO ASPIRACI\u00d3N\/IMPULSI\u00d3N PISCINA HORMIG\u00d3N"},"content":{"rendered":"<p><a href=\"https:\/\/hidroelectric.cl\/sitio\/wp-content\/uploads\/2018\/09\/550ff6481fbcd.jpg\"><img decoding=\"async\" src=\"https:\/\/hidroelectric.cl\/sitio\/wp-content\/uploads\/2018\/09\/550ff6481fbcd-300x77.jpg\" alt=\"\" width=\"300\" height=\"77\" class=\"alignnone size-medium wp-image-520\" srcset=\"https:\/\/hidroelectric.cl\/sitio\/wp-content\/uploads\/2018\/09\/550ff6481fbcd-300x77.jpg 300w, https:\/\/hidroelectric.cl\/sitio\/wp-content\/uploads\/2018\/09\/550ff6481fbcd-600x154.jpg 600w, https:\/\/hidroelectric.cl\/sitio\/wp-content\/uploads\/2018\/09\/550ff6481fbcd-768x198.jpg 768w, https:\/\/hidroelectric.cl\/sitio\/wp-content\/uploads\/2018\/09\/550ff6481fbcd.jpg 971w\" sizes=\"(max-width: 300px) 100vw, 300px\" \/><\/a><\/p>\n<p>Boquilla de fondo aspiraci\u00f3n\/ impulsi\u00f3n para piscina hormig\u00f3n, marca ASTRALPOOL FLUIDRA, procedencia espa\u00f1ola.<\/p>\n<p>Descripci\u00f3n<\/p>\n<ul>\n<li>Fabricado en pl\u00e1stico ABS blanco y tornilleria en acero inoxidable.<\/li>\n<li>Caudal m\u00ednimo 1.000 L\/h &#8211; caudal m\u00e1ximo 14.000 L\/h. Caudal regulable.<\/li>\n<\/ul>\n<p>Caracter\u00edsticas<\/p>\n<ul>\n<li>Rosca exterior: 2&#8243;<\/li>\n<li>Di\u00e1metro interior: 50mm<\/li>\n<\/ul>\n<p><strong>DESCARGABLES<\/strong><\/p>\n<ul>\n<li>\u00a0<a href=\"https:\/\/www.tuandco.com\/downloads\/dl\/file\/id\/1533\/product\/2521\/dimensiones_producto.pdf\" target=\"_blank\" rel=\"noopener noreferrer\">DIMENSIONES <\/a><\/li>\n<li><a href=\"https:\/\/www.tuandco.com\/downloads\/dl\/file\/id\/1536\/product\/2521\/manual_de_instalacion_y_mantenimiento.pdf\" target=\"_blank\" rel=\"noopener noreferrer\">MANUAL DE INSTALACI\u00d3N Y MANTENIMIENTO<\/a><\/li>\n<\/ul>\n","protected":false},"excerpt":{"rendered":"<p>Boquilla de fondo aspiraci\u00f3n\/ impulsi\u00f3n para piscina hormig\u00f3n, marca ASTRALPOOL FLUIDRA, procedencia espa\u00f1ola. Descripci\u00f3n Fabricado en pl\u00e1stico ABS blanco y tornilleria en acero inoxidable. Caudal m\u00ednimo 1.000 L\/h &#8211; caudal m\u00e1ximo 14.000 L\/h. Caudal regulable. Caracter\u00edsticas Rosca exterior: 2&#8243; Di\u00e1metro interior: 50mm DESCARGABLES \u00a0DIMENSIONES MANUAL DE INSTALACI\u00d3N Y MANTENIMIENTO<\/p>\n","protected":false},"featured_media":523,"comment_status":"open","ping_status":"closed","template":"","meta":[],"product_brand":[],"product_cat":[190],"product_tag":[67],"class_list":{"0":"post-522","1":"product","2":"type-product","3":"status-publish","4":"has-post-thumbnail","6":"product_cat-piscina","7":"product_tag-material-vaso","9":"first","10":"instock","11":"taxable","12":"shipping-taxable","13":"purchasable","14":"product-type-simple"},"_links":{"self":[{"href":"https:\/\/hidroelectric.cl\/sitio\/wp-json\/wp\/v2\/product\/522","targetHints":{"allow":["GET"]}}],"collection":[{"href":"https:\/\/hidroelectric.cl\/sitio\/wp-json\/wp\/v2\/product"}],"about":[{"href":"https:\/\/hidroelectric.cl\/sitio\/wp-json\/wp\/v2\/types\/product"}],"replies":[{"embeddable":true,"href":"https:\/\/hidroelectric.cl\/sitio\/wp-json\/wp\/v2\/comments?post=522"}],"version-history":[{"count":2,"href":"https:\/\/hidroelectric.cl\/sitio\/wp-json\/wp\/v2\/product\/522\/revisions"}],"predecessor-version":[{"id":17430,"href":"https:\/\/hidroelectric.cl\/sitio\/wp-json\/wp\/v2\/product\/522\/revisions\/17430"}],"wp:featuredmedia":[{"embeddable":true,"href":"https:\/\/hidroelectric.cl\/sitio\/wp-json\/wp\/v2\/media\/523"}],"wp:attachment":[{"href":"https:\/\/hidroelectric.cl\/sitio\/wp-json\/wp\/v2\/media?parent=522"}],"wp:term":[{"taxonomy":"product_brand","embeddable":true,"href":"https:\/\/hidroelectric.cl\/sitio\/wp-json\/wp\/v2\/product_brand?post=522"},{"taxonomy":"product_cat","embeddable":true,"href":"https:\/\/hidroelectric.cl\/sitio\/wp-json\/wp\/v2\/product_cat?post=522"},{"taxonomy":"product_tag","embeddable":true,"href":"https:\/\/hidroelectric.cl\/sitio\/wp-json\/wp\/v2\/product_tag?post=522"}],"curies":[{"name":"wp","href":"https:\/\/api.w.org\/{rel}","templated":true}]}}