{"id":5665,"date":"2019-10-09T16:33:40","date_gmt":"2019-10-09T16:33:40","guid":{"rendered":"https:\/\/hidroelectric.cl\/sitio\/?post_type=product&#038;p=5665"},"modified":"2024-02-12T16:58:31","modified_gmt":"2024-02-12T16:58:31","slug":"bomba-pozo-profundo-4sr8m-13-motor-acoplado-bomba","status":"publish","type":"product","link":"https:\/\/hidroelectric.cl\/sitio\/producto\/bomba-pozo-profundo-4sr8m-13-motor-acoplado-bomba\/","title":{"rendered":"BOMBA POZO PROFUNDO 4sr8m 13  Motor\/ acoplado bomba"},"content":{"rendered":"<p><a href=\"https:\/\/hidroelectric.cl\/sitio\/wp-content\/uploads\/2018\/10\/PEDROLLO.jpg\"><img decoding=\"async\" src=\"https:\/\/hidroelectric.cl\/sitio\/wp-content\/uploads\/2018\/10\/PEDROLLO-300x72.jpg\" alt=\"\" width=\"300\" height=\"72\" class=\"alignnone size-medium wp-image-569\" srcset=\"https:\/\/hidroelectric.cl\/sitio\/wp-content\/uploads\/2018\/10\/PEDROLLO-300x72.jpg 300w, https:\/\/hidroelectric.cl\/sitio\/wp-content\/uploads\/2018\/10\/PEDROLLO-600x143.jpg 600w, https:\/\/hidroelectric.cl\/sitio\/wp-content\/uploads\/2018\/10\/PEDROLLO-768x183.jpg 768w, https:\/\/hidroelectric.cl\/sitio\/wp-content\/uploads\/2018\/10\/PEDROLLO-1024x244.jpg 1024w, https:\/\/hidroelectric.cl\/sitio\/wp-content\/uploads\/2018\/10\/PEDROLLO.jpg 1200w\" sizes=\"(max-width: 300px) 100vw, 300px\" \/><\/a><\/p>\n<p>Pozo profundo aguas limpias Electrobomba y Motor, PEDROLLO procedencia Italiana.<\/p>\n<p>Descripci\u00f3n Bomba con motor 4SR8m-13<\/p>\n<p>Electrobomba, para bombear agua limpia con contenido de arena no superior a 150g\/m3. Debido al alto rendimiento y fiabilidad, son aptos para usos en el campo dom\u00e9stico, civil e industrial para la distribuci\u00f3n del agua en acoplamiento con autoclaves, riegos, instalaciones de lavado, aumento de presi\u00f3n para instalaciones anti incendio, etc.<a href=\"https:\/\/hidroelectric.cl\/sitio\/wp-content\/uploads\/2019\/10\/TABLA-DATOS-4SR8.jpg\"><\/a><\/p>\n<p>Motor de 4&#8243;, fase monof\u00e1sica, tipolog\u00eda sumergida para aguas limpias, uso domestico, civil e industrial. Usos, de abastecimientos de agua, sistema anti incendio, sistema de presi\u00f3n e irrigaci\u00f3n.<\/p>\n<p>Caracter\u00edsticas<\/p>\n<p>Electrobomba mas motor 4SR8m-13<\/p>\n<ul>\n<li>Potencia: 3 Hp\/2,2Kw<\/li>\n<li>Fase: Monof\u00e1sica.<\/li>\n<li>Tensi\u00f3n: 220V<\/li>\n<li>Amperaje: 14,9<\/li>\n<li>Diametro: 2&#8243;<\/li>\n<li>Capacidad: 75 MFD<\/li>\n<li>Temperatura de liquido hasta:35\u00b0C<\/li>\n<li>Aislamiento: Clase F.<\/li>\n<li>Protecci\u00f3n: IPX8<\/li>\n<li>Arranques\/hora: 20 intervalos.<\/li>\n<\/ul>\n<p>Para pozos de 4&#8243;, contenido m\u00e1ximo de arena 150g\/m3. Rodetes y difusores en tecnopol\u00edmero. La caja porta difusores, camisa, ejes de bomba, acoplamiento de arrastre, v\u00e1lvula de retenci\u00f3n y boca en acero inoxidable AISI (304 electrobomba) (316 motor). Resistentes a la arena. Parte fija de bujes en tecnopol\u00edmero especial. Profundidad de utilizo hasta 100m bajo el nivel del agua.<\/p>\n<p>Funcionamiento en vertical y horizontal 4SR8 en 13 etapas.<\/p>\n<p>Incluye condensador de 75 MFD.<\/p>\n<p>Instalaci\u00f3n (imagen en galer\u00eda)<\/p>\n<p>La instalaci\u00f3n de las electrobombas 4SR es apta para pozos con un di\u00e1metro no inferior a 4\u201d (100 mm). La electrobomba sumergida se baja al pozo mediante el tubo de impulsi\u00f3n hasta una profundidad tal que garantice su total inmersi\u00f3n (min, 50 cm y por lo menos 1<br \/>\nmetro desde el fondo del pozo) incluso mientras funciona, cuando se aprecia una disminuci\u00f3n del l\u00edquido en el pozo. Cuando la electrobomba sumergida se instala en un pozo, se aconseja asegurarla con un cable de acero inoxidable para conectarla a los espec\u00edficos enganches de la boca de impulsi\u00f3n.<\/p>\n<p>&nbsp;<\/p>\n<p>&nbsp;<\/p>\n<p>&nbsp;<\/p>\n","protected":false},"excerpt":{"rendered":"<p>Pozo profundo aguas limpias Electrobomba y Motor, PEDROLLO procedencia Italiana. Descripci\u00f3n Bomba con motor 4SR8m-13 Electrobomba, para bombear agua limpia con contenido de arena no superior a 150g\/m3. Debido al alto rendimiento y fiabilidad, son aptos para usos en el campo dom\u00e9stico, civil e industrial para la distribuci\u00f3n del agua [&hellip;]<\/p>\n","protected":false},"featured_media":5902,"comment_status":"open","ping_status":"closed","template":"","meta":[],"product_brand":[],"product_cat":[35],"product_tag":[93],"class_list":{"0":"post-5665","1":"product","2":"type-product","3":"status-publish","4":"has-post-thumbnail","6":"product_cat-sistemas-de-impulsion-de-agua","7":"product_tag-pozo-profundo","9":"first","10":"instock","11":"taxable","12":"shipping-taxable","13":"purchasable","14":"product-type-simple"},"_links":{"self":[{"href":"https:\/\/hidroelectric.cl\/sitio\/wp-json\/wp\/v2\/product\/5665","targetHints":{"allow":["GET"]}}],"collection":[{"href":"https:\/\/hidroelectric.cl\/sitio\/wp-json\/wp\/v2\/product"}],"about":[{"href":"https:\/\/hidroelectric.cl\/sitio\/wp-json\/wp\/v2\/types\/product"}],"replies":[{"embeddable":true,"href":"https:\/\/hidroelectric.cl\/sitio\/wp-json\/wp\/v2\/comments?post=5665"}],"version-history":[{"count":2,"href":"https:\/\/hidroelectric.cl\/sitio\/wp-json\/wp\/v2\/product\/5665\/revisions"}],"predecessor-version":[{"id":17157,"href":"https:\/\/hidroelectric.cl\/sitio\/wp-json\/wp\/v2\/product\/5665\/revisions\/17157"}],"wp:featuredmedia":[{"embeddable":true,"href":"https:\/\/hidroelectric.cl\/sitio\/wp-json\/wp\/v2\/media\/5902"}],"wp:attachment":[{"href":"https:\/\/hidroelectric.cl\/sitio\/wp-json\/wp\/v2\/media?parent=5665"}],"wp:term":[{"taxonomy":"product_brand","embeddable":true,"href":"https:\/\/hidroelectric.cl\/sitio\/wp-json\/wp\/v2\/product_brand?post=5665"},{"taxonomy":"product_cat","embeddable":true,"href":"https:\/\/hidroelectric.cl\/sitio\/wp-json\/wp\/v2\/product_cat?post=5665"},{"taxonomy":"product_tag","embeddable":true,"href":"https:\/\/hidroelectric.cl\/sitio\/wp-json\/wp\/v2\/product_tag?post=5665"}],"curies":[{"name":"wp","href":"https:\/\/api.w.org\/{rel}","templated":true}]}}