{"id":6271,"date":"2019-10-17T20:58:53","date_gmt":"2019-10-17T20:58:53","guid":{"rendered":"https:\/\/hidroelectric.cl\/sitio\/?post_type=product&#038;p=6271"},"modified":"2023-07-24T16:40:54","modified_gmt":"2023-07-24T16:40:54","slug":"bomba-sumergible-hcp-50ash215-2hp-220v","status":"publish","type":"product","link":"https:\/\/hidroelectric.cl\/sitio\/producto\/bomba-sumergible-hcp-50ash215-2hp-220v\/","title":{"rendered":"BOMBA SUMERGIBLE HCP 2HP\/220V"},"content":{"rendered":"<p><a href=\"https:\/\/hidroelectric.cl\/sitio\/wp-content\/uploads\/2019\/10\/HCP.jpg\"><img loading=\"lazy\" decoding=\"async\" src=\"https:\/\/hidroelectric.cl\/sitio\/wp-content\/uploads\/2019\/10\/HCP-300x197.jpg\" alt=\"\" width=\"300\" height=\"197\" class=\"alignnone size-medium wp-image-6272\" srcset=\"https:\/\/hidroelectric.cl\/sitio\/wp-content\/uploads\/2019\/10\/HCP-300x197.jpg 300w, https:\/\/hidroelectric.cl\/sitio\/wp-content\/uploads\/2019\/10\/HCP-600x394.jpg 600w, https:\/\/hidroelectric.cl\/sitio\/wp-content\/uploads\/2019\/10\/HCP-768x505.jpg 768w, https:\/\/hidroelectric.cl\/sitio\/wp-content\/uploads\/2019\/10\/HCP.jpg 834w\" sizes=\"auto, (max-width: 300px) 100vw, 300px\" \/><\/a><\/p>\n<p>Bomba sumergible modelo 50ASH21,5 marca HCP, procedencia Taiwan.<\/p>\n<p>Descripci\u00f3n<\/p>\n<p>Propulsor semi-abierto.\u00a0 Cubierta exterior en acero inoxidable, doble sello mec\u00e1nico de carburo silicio.\u00a0 Aplicaci\u00f3n en estanques de elevaci\u00f3n apta para l\u00edquidos cargados con presencia de s\u00f3lidos y drenaje de excavaciones y plantas de tratamiento de aguas residuales.\u00a0 Bombeo de aguas servidas (hoteles, escuelas y edificios).<\/p>\n<p><span>Utilizado como bombas de desag\u00fce generales en minas, canteras y sitios de construcci\u00f3n.<\/span><br \/>\n<span>Estas bombas robustas y de ingenier\u00eda radical ofrecen una resistencia al desgaste y un rendimiento inigualable.<\/span><\/p>\n<p>Caracter\u00edsticas.<\/p>\n<ul>\n<li>Dise\u00f1adas para trabajos en construcci\u00f3n.<\/li>\n<li>Dise\u00f1ada con camisa de refrigeraci\u00f3n. Esto permite una reducci\u00f3n de temperatura cuando la bomba esta en funcionamiento. Conveniente para operaciones a largo plazo.<\/li>\n<li><span>Todas las bombas HCP est\u00e1n equipadas con un dispositivo t\u00e9rmico protector de motor de \u00abcorte autom\u00e1tico\u00bb (\u00a0corta la energ\u00eda del motor el\u00e9ctrico en caso de sobretensi\u00f3n, bloqueo del rotor, falla de fase y sobrecarga).\u00a0<\/span><\/li>\n<li>El motor y cable cuenta con revestimiento Ep\u00f3xico.<\/li>\n<li><span>Profundidad m\u00e1xima de inmersi\u00f3n 30m.<\/span><\/li>\n<\/ul>\n<p>Especificaci\u00f3n t\u00e9cnicas<\/p>\n<ul>\n<li>Potencia: 1.5Kw \/ 2Hp<\/li>\n<li>Voltaje: 220V<\/li>\n<li>AMP: 550<\/li>\n<li>Di\u00e1metro de descarga: 2&#8243;<\/li>\n<li>Paso solido mm: 10<\/li>\n<li>Mejor punto de eficiencia: 250 l\/min<\/li>\n<li>Incluye Brida acero inoxidable Hi. salida 2&#8243; (acoplado)<\/li>\n<\/ul>\n<p>&nbsp;<\/p>\n","protected":false},"excerpt":{"rendered":"<p>Bomba sumergible modelo 50ASH21,5 marca HCP, procedencia Taiwan. Descripci\u00f3n Propulsor semi-abierto.\u00a0 Cubierta exterior en acero inoxidable, doble sello mec\u00e1nico de carburo silicio.\u00a0 Aplicaci\u00f3n en estanques de elevaci\u00f3n apta para l\u00edquidos cargados con presencia de s\u00f3lidos y drenaje de excavaciones y plantas de tratamiento de aguas residuales.\u00a0 Bombeo de aguas servidas [&hellip;]<\/p>\n","protected":false},"featured_media":6281,"comment_status":"open","ping_status":"closed","template":"","meta":[],"product_cat":[35],"product_tag":[94],"class_list":["post-6271","product","type-product","status-publish","has-post-thumbnail","hentry","product_cat-sistemas-de-impulsion-de-agua","product_tag-sumergible"],"_links":{"self":[{"href":"https:\/\/hidroelectric.cl\/sitio\/wp-json\/wp\/v2\/product\/6271","targetHints":{"allow":["GET"]}}],"collection":[{"href":"https:\/\/hidroelectric.cl\/sitio\/wp-json\/wp\/v2\/product"}],"about":[{"href":"https:\/\/hidroelectric.cl\/sitio\/wp-json\/wp\/v2\/types\/product"}],"replies":[{"embeddable":true,"href":"https:\/\/hidroelectric.cl\/sitio\/wp-json\/wp\/v2\/comments?post=6271"}],"wp:featuredmedia":[{"embeddable":true,"href":"https:\/\/hidroelectric.cl\/sitio\/wp-json\/wp\/v2\/media\/6281"}],"wp:attachment":[{"href":"https:\/\/hidroelectric.cl\/sitio\/wp-json\/wp\/v2\/media?parent=6271"}],"wp:term":[{"taxonomy":"product_cat","embeddable":true,"href":"https:\/\/hidroelectric.cl\/sitio\/wp-json\/wp\/v2\/product_cat?post=6271"},{"taxonomy":"product_tag","embeddable":true,"href":"https:\/\/hidroelectric.cl\/sitio\/wp-json\/wp\/v2\/product_tag?post=6271"}],"curies":[{"name":"wp","href":"https:\/\/api.w.org\/{rel}","templated":true}]}}