{"id":628,"date":"2018-10-18T16:19:47","date_gmt":"2018-10-18T16:19:47","guid":{"rendered":"https:\/\/hidroelectric.cl\/sitio\/?post_type=product&#038;p=628"},"modified":"2024-02-12T17:40:57","modified_gmt":"2024-02-12T17:40:57","slug":"juego-de-agua-deck-jet-ii-pentair","status":"publish","type":"product","link":"https:\/\/hidroelectric.cl\/sitio\/producto\/juego-de-agua-deck-jet-ii-pentair\/","title":{"rendered":"JUEGO DE AGUA DECK JET II PENTAIR"},"content":{"rendered":"<p><a href=\"https:\/\/hidroelectric.cl\/sitio\/wp-content\/uploads\/2018\/10\/pentair.png\"><img decoding=\"async\" src=\"https:\/\/hidroelectric.cl\/sitio\/wp-content\/uploads\/2018\/10\/pentair-300x94.png\" alt=\"\" width=\"300\" height=\"94\" class=\"alignnone size-medium wp-image-619\" srcset=\"https:\/\/hidroelectric.cl\/sitio\/wp-content\/uploads\/2018\/10\/pentair-300x94.png 300w, https:\/\/hidroelectric.cl\/sitio\/wp-content\/uploads\/2018\/10\/pentair.png 330w\" sizes=\"(max-width: 300px) 100vw, 300px\" \/><\/a><\/p>\n<p>Juego de agua DECK JET II marca PENTAIR procedencia U.S.A<\/p>\n<p>Descripci\u00f3n<\/p>\n<p><span>Dise\u00f1ado para una instalaci\u00f3n sencilla y un uso sin problemas en albercas comerciales y residenciales. Este accesorio para el agua tiene una boquilla oculta por una tapa decorativa. Las m\u00faltiples opciones de tuber\u00edas hacen que este sistema de chorros decorativos en plataforma sea m\u00e1s f\u00e1cil de instalar.\u00a0<\/span><\/p>\n<p>Crea un arco de agua elegante que ingresa a la piscina con un suave chorro.\u00a0 El arco aparece m\u00e1gicamente de la plataforma de la piscina ya que el JET est\u00e1 instalado al mismo nivel y queda oculto.<\/p>\n<p>Caracter\u00edsticas<\/p>\n<ul>\n<li>La altura se puede ajustar hasta un m\u00e1ximo de 1,8 metros. La direcci\u00f3n del agua se puede ajustar 360 grados.<\/li>\n<li>Las boquillas f\u00e1ciles de ajustar le permiten usar su creatividad: concrete todos los flujos en un \u00fanico punto de entrada, superponga flujos a diferentes alturas, cree un arco sim\u00e9trico con m\u00faltiples flujos, y m\u00e1s.<\/li>\n<li>El dise\u00f1o de alta calidad facilita el bajo flujo de agua y elimina el estancamiento de agua o acumulaci\u00f3n indeseada de residuos.<\/li>\n<li>Instalaci\u00f3n atractiva sin bordes ni tornillos peligrosos o desagradables a la vista.<\/li>\n<li>Contiene 4 juegos, adem\u00e1s de las tapas de bronce pulido y un tap\u00f3n de presi\u00f3n.<\/li>\n<li>Peso aproximado: 1 kilo.<\/li>\n<\/ul>\n<p>&nbsp;<\/p>\n","protected":false},"excerpt":{"rendered":"<p>Juego de agua DECK JET II marca PENTAIR procedencia U.S.A Descripci\u00f3n Dise\u00f1ado para una instalaci\u00f3n sencilla y un uso sin problemas en albercas comerciales y residenciales. Este accesorio para el agua tiene una boquilla oculta por una tapa decorativa. Las m\u00faltiples opciones de tuber\u00edas hacen que este sistema de chorros [&hellip;]<\/p>\n","protected":false},"featured_media":629,"comment_status":"open","ping_status":"closed","template":"","meta":[],"product_brand":[],"product_cat":[126,190],"product_tag":[77],"class_list":{"0":"post-628","1":"product","2":"type-product","3":"status-publish","4":"has-post-thumbnail","6":"product_cat-liquidacion-final","7":"product_cat-piscina","8":"product_tag-juego-de-agua","10":"first","11":"instock","12":"sale","13":"featured","14":"taxable","15":"shipping-taxable","16":"purchasable","17":"product-type-simple"},"_links":{"self":[{"href":"https:\/\/hidroelectric.cl\/sitio\/wp-json\/wp\/v2\/product\/628","targetHints":{"allow":["GET"]}}],"collection":[{"href":"https:\/\/hidroelectric.cl\/sitio\/wp-json\/wp\/v2\/product"}],"about":[{"href":"https:\/\/hidroelectric.cl\/sitio\/wp-json\/wp\/v2\/types\/product"}],"replies":[{"embeddable":true,"href":"https:\/\/hidroelectric.cl\/sitio\/wp-json\/wp\/v2\/comments?post=628"}],"version-history":[{"count":1,"href":"https:\/\/hidroelectric.cl\/sitio\/wp-json\/wp\/v2\/product\/628\/revisions"}],"predecessor-version":[{"id":17619,"href":"https:\/\/hidroelectric.cl\/sitio\/wp-json\/wp\/v2\/product\/628\/revisions\/17619"}],"wp:featuredmedia":[{"embeddable":true,"href":"https:\/\/hidroelectric.cl\/sitio\/wp-json\/wp\/v2\/media\/629"}],"wp:attachment":[{"href":"https:\/\/hidroelectric.cl\/sitio\/wp-json\/wp\/v2\/media?parent=628"}],"wp:term":[{"taxonomy":"product_brand","embeddable":true,"href":"https:\/\/hidroelectric.cl\/sitio\/wp-json\/wp\/v2\/product_brand?post=628"},{"taxonomy":"product_cat","embeddable":true,"href":"https:\/\/hidroelectric.cl\/sitio\/wp-json\/wp\/v2\/product_cat?post=628"},{"taxonomy":"product_tag","embeddable":true,"href":"https:\/\/hidroelectric.cl\/sitio\/wp-json\/wp\/v2\/product_tag?post=628"}],"curies":[{"name":"wp","href":"https:\/\/api.w.org\/{rel}","templated":true}]}}