{"id":6438,"date":"2019-10-21T20:25:35","date_gmt":"2019-10-21T20:25:35","guid":{"rendered":"https:\/\/hidroelectric.cl\/sitio\/?post_type=product&#038;p=6438"},"modified":"2023-01-30T16:32:49","modified_gmt":"2023-01-30T16:32:49","slug":"bomba-sumergible-ss-05af-hcp","status":"publish","type":"product","link":"https:\/\/hidroelectric.cl\/sitio\/producto\/bomba-sumergible-ss-05af-hcp\/","title":{"rendered":"BOMBA SUMERGIBLE SS-05AF HCP"},"content":{"rendered":"<p><a href=\"https:\/\/hidroelectric.cl\/sitio\/wp-content\/uploads\/2019\/10\/HCP.jpg\"><img loading=\"lazy\" decoding=\"async\" src=\"https:\/\/hidroelectric.cl\/sitio\/wp-content\/uploads\/2019\/10\/HCP-300x197.jpg\" alt=\"\" width=\"300\" height=\"197\" class=\"alignnone size-medium wp-image-6272\" srcset=\"https:\/\/hidroelectric.cl\/sitio\/wp-content\/uploads\/2019\/10\/HCP-300x197.jpg 300w, https:\/\/hidroelectric.cl\/sitio\/wp-content\/uploads\/2019\/10\/HCP-600x394.jpg 600w, https:\/\/hidroelectric.cl\/sitio\/wp-content\/uploads\/2019\/10\/HCP-768x505.jpg 768w, https:\/\/hidroelectric.cl\/sitio\/wp-content\/uploads\/2019\/10\/HCP.jpg 834w\" sizes=\"auto, (max-width: 300px) 100vw, 300px\" \/><\/a><\/p>\n<p>Bomba Sumergible serie SS modelo 05AF, marca HCP, procedencia Taiw\u00e1n.<\/p>\n<p>Descripci\u00f3n<\/p>\n<p>Bomba sumergible de acero Inox (316) cuerpo de bomba fabricado en fundici\u00f3n para manejo de desechos con \u00e1cidos livianos, l\u00edquidos corrosivos y sales.<\/p>\n<p>Bomba de alto rango, apta para uso en la industria farmac\u00e9utica, qu\u00edmica y metal\u00fargica.\u00a0 Mejor dise\u00f1o de la estructura, motor seco, sellos mec\u00e1nicos dobles, equipado con protector de auto corte.<\/p>\n<p>Caracter\u00edsticas<\/p>\n<p>Bombas port\u00e1tiles de acero Inoxidable 316 con anillos y sellos \u00abO\u00bb de Viton (carburo\/silicio).\u00a0 Todas las bombas HCP est\u00e1n equipadas con un dispositivo t\u00e9rmico protector de motor de \u00abCORTE AUTOM\u00c1TICO\u00bb. Este se pone en funcionamiento en caso de sobre tensi\u00f3n, bloqueo de rotor, falla de fase y sobrecarga.\u00a0 El interruptor reinicia autom\u00e1ticamente el motor una vez que la temperatura dentro del motor cae a 60-70\u00b0C.<\/p>\n<p>Ficha t\u00e9cnica<\/p>\n<ul>\n<li>Potencia: 0.5Hp\/ 2.2Kw<\/li>\n<li>Frecuencia: 50Hz<\/li>\n<li>Descarga: 2&#8243;\/50mm<\/li>\n<li>Voltaje: 220V<\/li>\n<li>Mejor punto de eficiencia: 120 L\/min<\/li>\n<li>AMP: 3,4<\/li>\n<li>Paso s\u00f3lidos: 35mm<\/li>\n<li>Junta T\u00f3rica: Viton<\/li>\n<\/ul>\n<p><strong>Viton: se utiliza para brindar una mejor vida \u00fatil, en medios agresivos, \u00e1cidos y corrosivos. No apto en sector alimenticio. Durabilidad a altas temperaturas 280\u00b0C continuos.<\/strong><\/p>\n","protected":false},"excerpt":{"rendered":"<p>Bomba Sumergible serie SS modelo 05AF, marca HCP, procedencia Taiw\u00e1n. Descripci\u00f3n Bomba sumergible de acero Inox (316) cuerpo de bomba fabricado en fundici\u00f3n para manejo de desechos con \u00e1cidos livianos, l\u00edquidos corrosivos y sales. Bomba de alto rango, apta para uso en la industria farmac\u00e9utica, qu\u00edmica y metal\u00fargica.\u00a0 Mejor dise\u00f1o [&hellip;]<\/p>\n","protected":false},"featured_media":6443,"comment_status":"open","ping_status":"closed","template":"","meta":[],"product_cat":[35],"product_tag":[94],"class_list":["post-6438","product","type-product","status-publish","has-post-thumbnail","hentry","product_cat-sistemas-de-impulsion-de-agua","product_tag-sumergible"],"_links":{"self":[{"href":"https:\/\/hidroelectric.cl\/sitio\/wp-json\/wp\/v2\/product\/6438","targetHints":{"allow":["GET"]}}],"collection":[{"href":"https:\/\/hidroelectric.cl\/sitio\/wp-json\/wp\/v2\/product"}],"about":[{"href":"https:\/\/hidroelectric.cl\/sitio\/wp-json\/wp\/v2\/types\/product"}],"replies":[{"embeddable":true,"href":"https:\/\/hidroelectric.cl\/sitio\/wp-json\/wp\/v2\/comments?post=6438"}],"wp:featuredmedia":[{"embeddable":true,"href":"https:\/\/hidroelectric.cl\/sitio\/wp-json\/wp\/v2\/media\/6443"}],"wp:attachment":[{"href":"https:\/\/hidroelectric.cl\/sitio\/wp-json\/wp\/v2\/media?parent=6438"}],"wp:term":[{"taxonomy":"product_cat","embeddable":true,"href":"https:\/\/hidroelectric.cl\/sitio\/wp-json\/wp\/v2\/product_cat?post=6438"},{"taxonomy":"product_tag","embeddable":true,"href":"https:\/\/hidroelectric.cl\/sitio\/wp-json\/wp\/v2\/product_tag?post=6438"}],"curies":[{"name":"wp","href":"https:\/\/api.w.org\/{rel}","templated":true}]}}