{"id":6567,"date":"2019-10-24T19:08:58","date_gmt":"2019-10-24T19:08:58","guid":{"rendered":"https:\/\/hidroelectric.cl\/sitio\/?post_type=product&#038;p=6567"},"modified":"2024-02-12T16:57:37","modified_gmt":"2024-02-12T16:57:37","slug":"baja-ph-granular-1-kilo","status":"publish","type":"product","link":"https:\/\/hidroelectric.cl\/sitio\/producto\/baja-ph-granular-1-kilo\/","title":{"rendered":"BAJA Ph GRANULAR 1 KILO"},"content":{"rendered":"<p><a href=\"https:\/\/hidroelectric.cl\/sitio\/wp-content\/uploads\/2019\/10\/dura-pool.png\"><img decoding=\"async\" src=\"https:\/\/hidroelectric.cl\/sitio\/wp-content\/uploads\/2019\/10\/dura-pool.png\" alt=\"\" width=\"242\" height=\"104\" class=\"alignnone size-full wp-image-6568\" \/><\/a><\/p>\n<p>Baja Ph granular, formato 1 kilo marca Dura Pool<\/p>\n<p>Descripci\u00f3n<\/p>\n<p>Se utiliza cuando el Ph del agua se encuentra sobre 7, ayuda a la mejor acci\u00f3n de los otros qu\u00edmicos.<\/p>\n","protected":false},"excerpt":{"rendered":"<p>Baja Ph granular, formato 1 kilo marca Dura Pool Descripci\u00f3n Se utiliza cuando el Ph del agua se encuentra sobre 7, ayuda a la mejor acci\u00f3n de los otros qu\u00edmicos.<\/p>\n","protected":false},"featured_media":6569,"comment_status":"open","ping_status":"closed","template":"","meta":[],"product_brand":[],"product_cat":[190],"product_tag":[50],"class_list":{"0":"post-6567","1":"product","2":"type-product","3":"status-publish","4":"has-post-thumbnail","6":"product_cat-piscina","7":"product_tag-dura-pool","9":"first","10":"instock","11":"taxable","12":"shipping-taxable","13":"purchasable","14":"product-type-simple"},"_links":{"self":[{"href":"https:\/\/hidroelectric.cl\/sitio\/wp-json\/wp\/v2\/product\/6567","targetHints":{"allow":["GET"]}}],"collection":[{"href":"https:\/\/hidroelectric.cl\/sitio\/wp-json\/wp\/v2\/product"}],"about":[{"href":"https:\/\/hidroelectric.cl\/sitio\/wp-json\/wp\/v2\/types\/product"}],"replies":[{"embeddable":true,"href":"https:\/\/hidroelectric.cl\/sitio\/wp-json\/wp\/v2\/comments?post=6567"}],"version-history":[{"count":0,"href":"https:\/\/hidroelectric.cl\/sitio\/wp-json\/wp\/v2\/product\/6567\/revisions"}],"wp:featuredmedia":[{"embeddable":true,"href":"https:\/\/hidroelectric.cl\/sitio\/wp-json\/wp\/v2\/media\/6569"}],"wp:attachment":[{"href":"https:\/\/hidroelectric.cl\/sitio\/wp-json\/wp\/v2\/media?parent=6567"}],"wp:term":[{"taxonomy":"product_brand","embeddable":true,"href":"https:\/\/hidroelectric.cl\/sitio\/wp-json\/wp\/v2\/product_brand?post=6567"},{"taxonomy":"product_cat","embeddable":true,"href":"https:\/\/hidroelectric.cl\/sitio\/wp-json\/wp\/v2\/product_cat?post=6567"},{"taxonomy":"product_tag","embeddable":true,"href":"https:\/\/hidroelectric.cl\/sitio\/wp-json\/wp\/v2\/product_tag?post=6567"}],"curies":[{"name":"wp","href":"https:\/\/api.w.org\/{rel}","templated":true}]}}