{"id":662,"date":"2018-10-24T15:13:57","date_gmt":"2018-10-24T15:13:57","guid":{"rendered":"https:\/\/hidroelectric.cl\/sitio\/?post_type=product&#038;p=662"},"modified":"2023-07-12T14:38:10","modified_gmt":"2023-07-12T14:38:10","slug":"luz-sumergible-incandescente-amerlite-300w-12v-pentair","status":"publish","type":"product","link":"https:\/\/hidroelectric.cl\/sitio\/producto\/luz-sumergible-incandescente-amerlite-300w-12v-pentair\/","title":{"rendered":"LUZ SUMERGIBLE INCANDESCENTE AMERLITE 300W\/12V PENTAIR"},"content":{"rendered":"<p><a href=\"https:\/\/hidroelectric.cl\/sitio\/wp-content\/uploads\/2018\/10\/pentair.png\"><img decoding=\"async\" src=\"https:\/\/hidroelectric.cl\/sitio\/wp-content\/uploads\/2018\/10\/pentair-300x94.png\" alt=\"\" width=\"300\" height=\"94\" class=\"alignnone size-medium wp-image-619\" srcset=\"https:\/\/hidroelectric.cl\/sitio\/wp-content\/uploads\/2018\/10\/pentair-300x94.png 300w, https:\/\/hidroelectric.cl\/sitio\/wp-content\/uploads\/2018\/10\/pentair.png 330w\" sizes=\"(max-width: 300px) 100vw, 300px\" \/><\/a><\/p>\n<p>Luz sumergible incandescente AMERLITE marca PENTAIR procedencia U.S.A<\/p>\n<p>Descripci\u00f3n<\/p>\n<p><span>Las luces Amerlite tienen lentes prism\u00e1ticos de vidrio templado que logran una difusi\u00f3n \u00f3ptima de la luz. Tambi\u00e9n tienen un sistema de corte con sensores de calor como protecci\u00f3n cuando el nivel del agua es bajo.\u00a0<\/span><span>Y su dise\u00f1o permite cambiar los focos sin bajar el nivel de agua de su piscina.<\/span><\/p>\n<p>Caracter\u00edstica<\/p>\n<ul>\n<li>Tipo de luz: Incandescente<\/li>\n<li>Potencia: 300 watts<\/li>\n<li>Voltaje: 12V<\/li>\n<li>Longitud del cable: 50 pies (15,24mts)<\/li>\n<li>Lente: templado prism\u00e1tico 25 cm di\u00e1metro.<\/li>\n<\/ul>\n<p>DESCARGA MANUAL (PAGINA 9 EN ESPA\u00d1OL)<\/p>\n<p><a href=\"http:\/\/www.hidroshop.mx\/folletos\/manual_amerlite.pdf\" target=\"_blank\" rel=\"noopener noreferrer\">MANUAL DEL USUARIO AMERLITE<\/a><\/p>\n<p>&nbsp;<\/p>\n<p>&nbsp;<\/p>\n","protected":false},"excerpt":{"rendered":"<p>Luz sumergible incandescente AMERLITE marca PENTAIR procedencia U.S.A Descripci\u00f3n Las luces Amerlite tienen lentes prism\u00e1ticos de vidrio templado que logran una difusi\u00f3n \u00f3ptima de la luz. Tambi\u00e9n tienen un sistema de corte con sensores de calor como protecci\u00f3n cuando el nivel del agua es bajo.\u00a0Y su dise\u00f1o permite cambiar los [&hellip;]<\/p>\n","protected":false},"featured_media":676,"comment_status":"open","ping_status":"closed","template":"","meta":[],"product_brand":[],"product_cat":[190],"product_tag":[76],"class_list":{"0":"post-662","1":"product","2":"type-product","3":"status-publish","4":"has-post-thumbnail","6":"product_cat-piscina","7":"product_tag-luces","9":"first","10":"instock","11":"taxable","12":"shipping-taxable","13":"purchasable","14":"product-type-simple"},"_links":{"self":[{"href":"https:\/\/hidroelectric.cl\/sitio\/wp-json\/wp\/v2\/product\/662","targetHints":{"allow":["GET"]}}],"collection":[{"href":"https:\/\/hidroelectric.cl\/sitio\/wp-json\/wp\/v2\/product"}],"about":[{"href":"https:\/\/hidroelectric.cl\/sitio\/wp-json\/wp\/v2\/types\/product"}],"replies":[{"embeddable":true,"href":"https:\/\/hidroelectric.cl\/sitio\/wp-json\/wp\/v2\/comments?post=662"}],"version-history":[{"count":1,"href":"https:\/\/hidroelectric.cl\/sitio\/wp-json\/wp\/v2\/product\/662\/revisions"}],"predecessor-version":[{"id":665,"href":"https:\/\/hidroelectric.cl\/sitio\/wp-json\/wp\/v2\/product\/662\/revisions\/665"}],"wp:featuredmedia":[{"embeddable":true,"href":"https:\/\/hidroelectric.cl\/sitio\/wp-json\/wp\/v2\/media\/676"}],"wp:attachment":[{"href":"https:\/\/hidroelectric.cl\/sitio\/wp-json\/wp\/v2\/media?parent=662"}],"wp:term":[{"taxonomy":"product_brand","embeddable":true,"href":"https:\/\/hidroelectric.cl\/sitio\/wp-json\/wp\/v2\/product_brand?post=662"},{"taxonomy":"product_cat","embeddable":true,"href":"https:\/\/hidroelectric.cl\/sitio\/wp-json\/wp\/v2\/product_cat?post=662"},{"taxonomy":"product_tag","embeddable":true,"href":"https:\/\/hidroelectric.cl\/sitio\/wp-json\/wp\/v2\/product_tag?post=662"}],"curies":[{"name":"wp","href":"https:\/\/api.w.org\/{rel}","templated":true}]}}