{"id":733,"date":"2018-11-12T14:52:19","date_gmt":"2018-11-12T14:52:19","guid":{"rendered":"https:\/\/hidroelectric.cl\/sitio\/?post_type=product&#038;p=733"},"modified":"2024-02-12T17:39:56","modified_gmt":"2024-02-12T17:39:56","slug":"filtro-sand-dollar-sd35-pentair","status":"publish","type":"product","link":"https:\/\/hidroelectric.cl\/sitio\/producto\/filtro-sand-dollar-sd35-pentair\/","title":{"rendered":"FILTRO SAND DOLLAR SD35 PENTAIR"},"content":{"rendered":"<p><a href=\"https:\/\/hidroelectric.cl\/sitio\/wp-content\/uploads\/2018\/10\/pentair.png\"><img decoding=\"async\" src=\"https:\/\/hidroelectric.cl\/sitio\/wp-content\/uploads\/2018\/10\/pentair-300x94.png\" alt=\"\" width=\"300\" height=\"94\" class=\"alignnone size-medium wp-image-619\" srcset=\"https:\/\/hidroelectric.cl\/sitio\/wp-content\/uploads\/2018\/10\/pentair-300x94.png 300w, https:\/\/hidroelectric.cl\/sitio\/wp-content\/uploads\/2018\/10\/pentair.png 330w\" sizes=\"(max-width: 300px) 100vw, 300px\" \/><\/a><\/p>\n<p>Filtro SAND DOLLAR modelo SD35 marca PENTAIR.<\/p>\n<p>Descripci\u00f3n<\/p>\n<p>El filtro SAND DOLLAR es el filtro de arena de alto rendimiento perfecto. Es simple de operar y mantener, y est\u00e1 construido con la confiabilidad a largo plazo.\u00a0 Su dise\u00f1o altamente eficiente proporciona agua limpia y cristalina.<\/p>\n<p>Caracter\u00edsticas<\/p>\n<p>Tanque termo-pl\u00e1stico de una pieza para brindar una fortaleza excepcional, resistencia a la corrosi\u00f3n y larga vida \u00fatil.<\/p>\n<p>El drenaje combinado de agua y arena hace que el servicio y la preparaci\u00f3n, sean r\u00e1pidos y f\u00e1ciles.<\/p>\n<p>El dise\u00f1o interno especial mantiene nivelado el lecho de arena para proporcionar un rendimiento uniforme y un tiempo extendido entre ciclos de limpieza.<\/p>\n<ul>\n<li>Caudal: 7,90 m3\/h<\/li>\n<li>Conexi\u00f3n: 1 1\/2&#8243;<\/li>\n<li>Arena: 45 Kg.<\/li>\n<li>Peso: 11 Kg.<\/li>\n<li>Dimensiones: 48,9 X 48,9 X 94<\/li>\n<\/ul>\n<p>Para este producto se recomienda: BOMBA 0,5 &#8211; 0,75 HP<\/p>\n<p>&nbsp;<\/p>\n<p>&nbsp;<\/p>\n<p>&nbsp;<\/p>\n","protected":false},"excerpt":{"rendered":"<p>Filtro SAND DOLLAR modelo SD35 marca PENTAIR. Descripci\u00f3n El filtro SAND DOLLAR es el filtro de arena de alto rendimiento perfecto. Es simple de operar y mantener, y est\u00e1 construido con la confiabilidad a largo plazo.\u00a0 Su dise\u00f1o altamente eficiente proporciona agua limpia y cristalina. Caracter\u00edsticas Tanque termo-pl\u00e1stico de una [&hellip;]<\/p>\n","protected":false},"featured_media":735,"comment_status":"open","ping_status":"closed","template":"","meta":[],"product_brand":[],"product_cat":[126,190],"product_tag":[19],"class_list":{"0":"post-733","1":"product","2":"type-product","3":"status-publish","4":"has-post-thumbnail","6":"product_cat-liquidacion-final","7":"product_cat-piscina","8":"product_tag-filtro","10":"first","11":"instock","12":"sale","13":"taxable","14":"shipping-taxable","15":"purchasable","16":"product-type-simple"},"_links":{"self":[{"href":"https:\/\/hidroelectric.cl\/sitio\/wp-json\/wp\/v2\/product\/733","targetHints":{"allow":["GET"]}}],"collection":[{"href":"https:\/\/hidroelectric.cl\/sitio\/wp-json\/wp\/v2\/product"}],"about":[{"href":"https:\/\/hidroelectric.cl\/sitio\/wp-json\/wp\/v2\/types\/product"}],"replies":[{"embeddable":true,"href":"https:\/\/hidroelectric.cl\/sitio\/wp-json\/wp\/v2\/comments?post=733"}],"version-history":[{"count":1,"href":"https:\/\/hidroelectric.cl\/sitio\/wp-json\/wp\/v2\/product\/733\/revisions"}],"predecessor-version":[{"id":17566,"href":"https:\/\/hidroelectric.cl\/sitio\/wp-json\/wp\/v2\/product\/733\/revisions\/17566"}],"wp:featuredmedia":[{"embeddable":true,"href":"https:\/\/hidroelectric.cl\/sitio\/wp-json\/wp\/v2\/media\/735"}],"wp:attachment":[{"href":"https:\/\/hidroelectric.cl\/sitio\/wp-json\/wp\/v2\/media?parent=733"}],"wp:term":[{"taxonomy":"product_brand","embeddable":true,"href":"https:\/\/hidroelectric.cl\/sitio\/wp-json\/wp\/v2\/product_brand?post=733"},{"taxonomy":"product_cat","embeddable":true,"href":"https:\/\/hidroelectric.cl\/sitio\/wp-json\/wp\/v2\/product_cat?post=733"},{"taxonomy":"product_tag","embeddable":true,"href":"https:\/\/hidroelectric.cl\/sitio\/wp-json\/wp\/v2\/product_tag?post=733"}],"curies":[{"name":"wp","href":"https:\/\/api.w.org\/{rel}","templated":true}]}}