{"id":755,"date":"2018-11-20T13:39:24","date_gmt":"2018-11-20T13:39:24","guid":{"rendered":"https:\/\/hidroelectric.cl\/sitio\/?post_type=product&#038;p=755"},"modified":"2024-02-12T17:38:06","modified_gmt":"2024-02-12T17:38:06","slug":"canastillo-bomba-espa-silen","status":"publish","type":"product","link":"https:\/\/hidroelectric.cl\/sitio\/producto\/canastillo-bomba-espa-silen\/","title":{"rendered":"CANASTILLO BOMBA ESPA SILEN"},"content":{"rendered":"<p>Canastillo para bomba marca ESPA modelo SILEN.<\/p>\n<p>Descripci\u00f3n<\/p>\n<p>Canastillo que permite retener hojas, cabello, etc., evitando que penetre al interior de la bomba.<\/p>\n<p>Caracter\u00edsticas.<\/p>\n<ul>\n<li>Di\u00e1metro superior: 12 cm.<\/li>\n<li>Di\u00e1metro inferior: 9 cm.<\/li>\n<li>Profundidad: 23,2 cm.<\/li>\n<\/ul>\n<p>&nbsp;<\/p>\n","protected":false},"excerpt":{"rendered":"<p>Canastillo para bomba marca ESPA modelo SILEN. Descripci\u00f3n Canastillo que permite retener hojas, cabello, etc., evitando que penetre al interior de la bomba. Caracter\u00edsticas. Di\u00e1metro superior: 12 cm. Di\u00e1metro inferior: 9 cm. Profundidad: 23,2 cm. &nbsp;<\/p>\n","protected":false},"featured_media":17575,"comment_status":"open","ping_status":"closed","template":"","meta":[],"product_brand":[],"product_cat":[190],"product_tag":[64],"class_list":{"0":"post-755","1":"product","2":"type-product","3":"status-publish","4":"has-post-thumbnail","6":"product_cat-piscina","7":"product_tag-canastillos","9":"first","10":"instock","11":"taxable","12":"shipping-taxable","13":"purchasable","14":"product-type-simple"},"_links":{"self":[{"href":"https:\/\/hidroelectric.cl\/sitio\/wp-json\/wp\/v2\/product\/755","targetHints":{"allow":["GET"]}}],"collection":[{"href":"https:\/\/hidroelectric.cl\/sitio\/wp-json\/wp\/v2\/product"}],"about":[{"href":"https:\/\/hidroelectric.cl\/sitio\/wp-json\/wp\/v2\/types\/product"}],"replies":[{"embeddable":true,"href":"https:\/\/hidroelectric.cl\/sitio\/wp-json\/wp\/v2\/comments?post=755"}],"version-history":[{"count":2,"href":"https:\/\/hidroelectric.cl\/sitio\/wp-json\/wp\/v2\/product\/755\/revisions"}],"predecessor-version":[{"id":17349,"href":"https:\/\/hidroelectric.cl\/sitio\/wp-json\/wp\/v2\/product\/755\/revisions\/17349"}],"wp:featuredmedia":[{"embeddable":true,"href":"https:\/\/hidroelectric.cl\/sitio\/wp-json\/wp\/v2\/media\/17575"}],"wp:attachment":[{"href":"https:\/\/hidroelectric.cl\/sitio\/wp-json\/wp\/v2\/media?parent=755"}],"wp:term":[{"taxonomy":"product_brand","embeddable":true,"href":"https:\/\/hidroelectric.cl\/sitio\/wp-json\/wp\/v2\/product_brand?post=755"},{"taxonomy":"product_cat","embeddable":true,"href":"https:\/\/hidroelectric.cl\/sitio\/wp-json\/wp\/v2\/product_cat?post=755"},{"taxonomy":"product_tag","embeddable":true,"href":"https:\/\/hidroelectric.cl\/sitio\/wp-json\/wp\/v2\/product_tag?post=755"}],"curies":[{"name":"wp","href":"https:\/\/api.w.org\/{rel}","templated":true}]}}