{"id":760,"date":"2018-11-21T13:38:35","date_gmt":"2018-11-21T13:38:35","guid":{"rendered":"https:\/\/hidroelectric.cl\/sitio\/?post_type=product&#038;p=760"},"modified":"2024-02-12T17:37:32","modified_gmt":"2024-02-12T17:37:32","slug":"canastillo-bomba-vulcano-serie-2000","status":"publish","type":"product","link":"https:\/\/hidroelectric.cl\/sitio\/producto\/canastillo-bomba-vulcano-serie-2000\/","title":{"rendered":"CANASTILLO BOMBA VULCANO SERIE 2000"},"content":{"rendered":"<p>Canastillo prefiltro para bomba VULCANO modelo SERIE 2000.<\/p>\n<p>Descripci\u00f3n.<\/p>\n<p>Canastillo prefiltro que permite retener hojas, cabellos, etc., evitando que penetre al interior de la bomba.<\/p>\n<p>Caracter\u00edsticas<\/p>\n<ul>\n<li>Di\u00e1metro superior: 10,8 cm.<\/li>\n<li>Di\u00e1metro inferior: 8 cm.<\/li>\n<li>Profundidad: 10,2 cm<\/li>\n<\/ul>\n<p>&nbsp;<\/p>\n","protected":false},"excerpt":{"rendered":"<p>Canastillo prefiltro para bomba VULCANO modelo SERIE 2000. Descripci\u00f3n. Canastillo prefiltro que permite retener hojas, cabellos, etc., evitando que penetre al interior de la bomba. Caracter\u00edsticas Di\u00e1metro superior: 10,8 cm. Di\u00e1metro inferior: 8 cm. Profundidad: 10,2 cm &nbsp;<\/p>\n","protected":false},"featured_media":17576,"comment_status":"open","ping_status":"closed","template":"","meta":[],"product_brand":[],"product_cat":[190],"product_tag":[64],"class_list":{"0":"post-760","1":"product","2":"type-product","3":"status-publish","4":"has-post-thumbnail","6":"product_cat-piscina","7":"product_tag-canastillos","9":"first","10":"instock","11":"taxable","12":"shipping-taxable","13":"purchasable","14":"product-type-simple"},"_links":{"self":[{"href":"https:\/\/hidroelectric.cl\/sitio\/wp-json\/wp\/v2\/product\/760","targetHints":{"allow":["GET"]}}],"collection":[{"href":"https:\/\/hidroelectric.cl\/sitio\/wp-json\/wp\/v2\/product"}],"about":[{"href":"https:\/\/hidroelectric.cl\/sitio\/wp-json\/wp\/v2\/types\/product"}],"replies":[{"embeddable":true,"href":"https:\/\/hidroelectric.cl\/sitio\/wp-json\/wp\/v2\/comments?post=760"}],"version-history":[{"count":1,"href":"https:\/\/hidroelectric.cl\/sitio\/wp-json\/wp\/v2\/product\/760\/revisions"}],"predecessor-version":[{"id":17348,"href":"https:\/\/hidroelectric.cl\/sitio\/wp-json\/wp\/v2\/product\/760\/revisions\/17348"}],"wp:featuredmedia":[{"embeddable":true,"href":"https:\/\/hidroelectric.cl\/sitio\/wp-json\/wp\/v2\/media\/17576"}],"wp:attachment":[{"href":"https:\/\/hidroelectric.cl\/sitio\/wp-json\/wp\/v2\/media?parent=760"}],"wp:term":[{"taxonomy":"product_brand","embeddable":true,"href":"https:\/\/hidroelectric.cl\/sitio\/wp-json\/wp\/v2\/product_brand?post=760"},{"taxonomy":"product_cat","embeddable":true,"href":"https:\/\/hidroelectric.cl\/sitio\/wp-json\/wp\/v2\/product_cat?post=760"},{"taxonomy":"product_tag","embeddable":true,"href":"https:\/\/hidroelectric.cl\/sitio\/wp-json\/wp\/v2\/product_tag?post=760"}],"curies":[{"name":"wp","href":"https:\/\/api.w.org\/{rel}","templated":true}]}}