{"id":768,"date":"2018-11-22T14:55:12","date_gmt":"2018-11-22T14:55:12","guid":{"rendered":"https:\/\/hidroelectric.cl\/sitio\/?post_type=product&#038;p=768"},"modified":"2023-06-01T19:01:30","modified_gmt":"2023-06-01T19:01:30","slug":"transformador-intellichlor-pentair","status":"publish","type":"product","link":"https:\/\/hidroelectric.cl\/sitio\/producto\/transformador-intellichlor-pentair\/","title":{"rendered":"TRANSFORMADOR INTELLICHLOR PENTAIR"},"content":{"rendered":"<p><a href=\"https:\/\/hidroelectric.cl\/sitio\/wp-content\/uploads\/2018\/10\/pentair.png\"><img decoding=\"async\" src=\"https:\/\/hidroelectric.cl\/sitio\/wp-content\/uploads\/2018\/10\/pentair-300x94.png\" alt=\"\" width=\"300\" height=\"94\" class=\"alignnone size-medium wp-image-619\" srcset=\"https:\/\/hidroelectric.cl\/sitio\/wp-content\/uploads\/2018\/10\/pentair-300x94.png 300w, https:\/\/hidroelectric.cl\/sitio\/wp-content\/uploads\/2018\/10\/pentair.png 330w\" sizes=\"(max-width: 300px) 100vw, 300px\" \/><\/a><\/p>\n<p>Transformador INTELLICHLOR marca PENTAIR, procedencia U.S.A<\/p>\n<p>Descripci\u00f3n.<\/p>\n<p>El sistema INTELLICHLOR consiste de un centro de un centro de Alimentaci\u00f3n El\u00e9ctrica y una c\u00e9lula electrol\u00edtica.\u00a0 Este centro de alimentaci\u00f3n convierte la corriente el\u00e9ctrica CA (corriente alterna) a corriente de bajo voltaje CC (corriente continua), requerida por la c\u00e9lula electrol\u00edtica INTELLICHLOR para operar y crear cloro para la piscina y Spa.\u00a0\u00a0. El Centro de Alimentaci\u00f3n El\u00e9ctrica est\u00e1 conectado con la fuente de electricidad de la bomba de circulaci\u00f3n de la piscina con el prop\u00f3sito de que la c\u00e9lula electrol\u00edtica solamente funcione cuando la bomba de la piscina est\u00e9 encendida.<\/p>\n<p>Caracter\u00edsticas.<\/p>\n<p><span>El gabinete del Centro de Poder se puede montar verticalmente en una superficie plana como una pared a no m\u00e1s de 15 pies (4.57 m) de distancia de la celda. El Power Center contiene el transformador, el fusible y el conector a la celda IntelliChlor. \u00a0\u00a0Un fusible reemplazable de 10 AMP est\u00e1 montado en la placa de circuito electr\u00f3nico para protecci\u00f3n.\u00a0 Posee un indicador LED de energ\u00eda que indica que el centro esta encendido.<\/span><\/p>\n<ul>\n<li>C\u00e9lula IC 20. Dise\u00f1ado para piscinas de hasta 72.000 litros, esta c\u00e9lula producir\u00e1 aproximadamente 317 gm de cloro por cada per\u00edodo de 24 horas. Esta c\u00e9lula utiliza dos aspas terminales y cinco aspas bipolares haciendo que este sistema sea m\u00e1s costo efectivo.<\/li>\n<\/ul>\n<p>&nbsp;<\/p>\n","protected":false},"excerpt":{"rendered":"<p>Transformador INTELLICHLOR marca PENTAIR, procedencia U.S.A Descripci\u00f3n. El sistema INTELLICHLOR consiste de un centro de un centro de Alimentaci\u00f3n El\u00e9ctrica y una c\u00e9lula electrol\u00edtica.\u00a0 Este centro de alimentaci\u00f3n convierte la corriente el\u00e9ctrica CA (corriente alterna) a corriente de bajo voltaje CC (corriente continua), requerida por la c\u00e9lula electrol\u00edtica INTELLICHLOR para [&hellip;]<\/p>\n","protected":false},"featured_media":769,"comment_status":"open","ping_status":"closed","template":"","meta":[],"product_brand":[],"product_cat":[190],"product_tag":[],"class_list":{"0":"post-768","1":"product","2":"type-product","3":"status-publish","4":"has-post-thumbnail","6":"product_cat-piscina","8":"first","9":"instock","10":"taxable","11":"shipping-taxable","12":"purchasable","13":"product-type-simple"},"_links":{"self":[{"href":"https:\/\/hidroelectric.cl\/sitio\/wp-json\/wp\/v2\/product\/768","targetHints":{"allow":["GET"]}}],"collection":[{"href":"https:\/\/hidroelectric.cl\/sitio\/wp-json\/wp\/v2\/product"}],"about":[{"href":"https:\/\/hidroelectric.cl\/sitio\/wp-json\/wp\/v2\/types\/product"}],"replies":[{"embeddable":true,"href":"https:\/\/hidroelectric.cl\/sitio\/wp-json\/wp\/v2\/comments?post=768"}],"version-history":[{"count":1,"href":"https:\/\/hidroelectric.cl\/sitio\/wp-json\/wp\/v2\/product\/768\/revisions"}],"predecessor-version":[{"id":773,"href":"https:\/\/hidroelectric.cl\/sitio\/wp-json\/wp\/v2\/product\/768\/revisions\/773"}],"wp:featuredmedia":[{"embeddable":true,"href":"https:\/\/hidroelectric.cl\/sitio\/wp-json\/wp\/v2\/media\/769"}],"wp:attachment":[{"href":"https:\/\/hidroelectric.cl\/sitio\/wp-json\/wp\/v2\/media?parent=768"}],"wp:term":[{"taxonomy":"product_brand","embeddable":true,"href":"https:\/\/hidroelectric.cl\/sitio\/wp-json\/wp\/v2\/product_brand?post=768"},{"taxonomy":"product_cat","embeddable":true,"href":"https:\/\/hidroelectric.cl\/sitio\/wp-json\/wp\/v2\/product_cat?post=768"},{"taxonomy":"product_tag","embeddable":true,"href":"https:\/\/hidroelectric.cl\/sitio\/wp-json\/wp\/v2\/product_tag?post=768"}],"curies":[{"name":"wp","href":"https:\/\/api.w.org\/{rel}","templated":true}]}}