{"id":8596,"date":"2019-12-13T15:10:31","date_gmt":"2019-12-13T15:10:31","guid":{"rendered":"https:\/\/hidroelectric.cl\/sitio\/?post_type=product&#038;p=8596"},"modified":"2024-02-12T16:54:00","modified_gmt":"2024-02-12T16:54:00","slug":"valvula-antiretorno-11-4-encolar-pvc","status":"publish","type":"product","link":"https:\/\/hidroelectric.cl\/sitio\/producto\/valvula-antiretorno-11-4-encolar-pvc\/","title":{"rendered":"V\u00c1LVULA ANTIRETORNO 11\/4&#8243; ENCOLAR PVC DN32"},"content":{"rendered":"<p><a href=\"https:\/\/hidroelectric.cl\/sitio\/wp-content\/uploads\/2019\/12\/cepex-logo-B3D964CD0A-seeklogo.com_.jpg\"><img decoding=\"async\" src=\"https:\/\/hidroelectric.cl\/sitio\/wp-content\/uploads\/2019\/12\/cepex-logo-B3D964CD0A-seeklogo.com_.jpg\" alt=\"\" width=\"188\" height=\"83\" class=\"alignnone size-full wp-image-8476\" \/><\/a><\/p>\n<p>V\u00e1lvula antiretorno 11\/4&#8243;, encolar de PVC. Marca CEPEX<\/p>\n<p>Descripci\u00f3n<\/p>\n<p>V\u00e1lvulas para la conducci\u00f3n de l\u00edquidos a presi\u00f3n.\u00a0\u00a0<span>V\u00e1lvula antirretorno de bola en PVC (encolar). Las v\u00e1lvulas antirretorno o de retenci\u00f3n permiten el paso del fluido en un s\u00f3lo sentido de la instalaci\u00f3n, permitiendo trabajar sin fluido en el otro sentido o evitar situaciones de vaciados indeseados de la l\u00ednea.<\/span><\/p>\n<ul>\n<li>Funcionamiento con bola (cierre por gravedad, instalaci\u00f3n vertical o con presi\u00f3n m\u00ednima).<\/li>\n<li>Anillos t\u00f3ricos en EPDM.<\/li>\n<li>Disponible en medida D40<\/li>\n<li>Presi\u00f3n de trabajo: PN 16; <strong>DN32<\/strong>.<\/li>\n<li><span>Conexiones para encolar.<\/span><\/li>\n<\/ul>\n<p>Caracter\u00edsticas<\/p>\n<ul>\n<li>Evitan el retroceso del fluido en cualquier instalaci\u00f3n.<\/li>\n<li>Son necesarias para cualquier instalaci\u00f3n que use bombas, turbinas, etc. para evitar los golpes de ariete.<\/li>\n<li>Tambi\u00e9n son \u00fatiles en aplicaciones de riego o parecidas, d\u00f3nde se transporta suciedad o productos qu\u00edmicos en el fluido y \u00e9sta no debe hacer el camino inverso.<\/li>\n<li>Mantienen el flujo y la presi\u00f3n del sistema.<\/li>\n<li>Probadas al 100% en f\u00e1brica.<\/li>\n<li><span>Cierre por medio de una esfera que cierra contra una junta. El cierre de la bola siempre es por gravedad, lo cual significa que la posici\u00f3n de montaje m\u00e1s usual es en circuitos verticales y con una presi\u00f3n inversa con presencia de fluido.<\/span><\/li>\n<li>Instalaci\u00f3n f\u00e1cil y sin necesidad de herramientas.<\/li>\n<li>Resistencia qu\u00edmica. Las v\u00e1lvulas de PVC son resistentes a una gran variedad de elementos qu\u00edmicos.<\/li>\n<li>Durabilidad. PVC-U con formulaci\u00f3n propia, apta para agua potable y ajustada para optimizar al m\u00e1ximo la fabricaci\u00f3n de los accesorios, lo que le permite obtener unas caracter\u00edsticas mec\u00e1nicas muy superiores a las obtenidas con el material est\u00e1ndar que se encuentra en el mercado.<\/li>\n<\/ul>\n","protected":false},"excerpt":{"rendered":"<p>V\u00e1lvula antiretorno 11\/4&#8243;, encolar de PVC. Marca CEPEX Descripci\u00f3n V\u00e1lvulas para la conducci\u00f3n de l\u00edquidos a presi\u00f3n.\u00a0\u00a0V\u00e1lvula antirretorno de bola en PVC (encolar). Las v\u00e1lvulas antirretorno o de retenci\u00f3n permiten el paso del fluido en un s\u00f3lo sentido de la instalaci\u00f3n, permitiendo trabajar sin fluido en el otro sentido o [&hellip;]<\/p>\n","protected":false},"featured_media":381,"comment_status":"open","ping_status":"closed","template":"","meta":[],"product_brand":[],"product_cat":[56],"product_tag":[61],"class_list":{"0":"post-8596","1":"product","2":"type-product","3":"status-publish","4":"has-post-thumbnail","6":"product_cat-valvulas-y-pvc","7":"product_tag-valvula-de-pvc","9":"first","10":"instock","11":"taxable","12":"shipping-taxable","13":"purchasable","14":"product-type-simple"},"_links":{"self":[{"href":"https:\/\/hidroelectric.cl\/sitio\/wp-json\/wp\/v2\/product\/8596","targetHints":{"allow":["GET"]}}],"collection":[{"href":"https:\/\/hidroelectric.cl\/sitio\/wp-json\/wp\/v2\/product"}],"about":[{"href":"https:\/\/hidroelectric.cl\/sitio\/wp-json\/wp\/v2\/types\/product"}],"replies":[{"embeddable":true,"href":"https:\/\/hidroelectric.cl\/sitio\/wp-json\/wp\/v2\/comments?post=8596"}],"version-history":[{"count":1,"href":"https:\/\/hidroelectric.cl\/sitio\/wp-json\/wp\/v2\/product\/8596\/revisions"}],"predecessor-version":[{"id":17408,"href":"https:\/\/hidroelectric.cl\/sitio\/wp-json\/wp\/v2\/product\/8596\/revisions\/17408"}],"wp:featuredmedia":[{"embeddable":true,"href":"https:\/\/hidroelectric.cl\/sitio\/wp-json\/wp\/v2\/media\/381"}],"wp:attachment":[{"href":"https:\/\/hidroelectric.cl\/sitio\/wp-json\/wp\/v2\/media?parent=8596"}],"wp:term":[{"taxonomy":"product_brand","embeddable":true,"href":"https:\/\/hidroelectric.cl\/sitio\/wp-json\/wp\/v2\/product_brand?post=8596"},{"taxonomy":"product_cat","embeddable":true,"href":"https:\/\/hidroelectric.cl\/sitio\/wp-json\/wp\/v2\/product_cat?post=8596"},{"taxonomy":"product_tag","embeddable":true,"href":"https:\/\/hidroelectric.cl\/sitio\/wp-json\/wp\/v2\/product_tag?post=8596"}],"curies":[{"name":"wp","href":"https:\/\/api.w.org\/{rel}","templated":true}]}}